{"id":226713,"date":"2025-07-14T11:09:25","date_gmt":"2025-07-14T11:09:25","guid":{"rendered":"https:\/\/climalife.com\/product\/next-gpl-pao-fg\/"},"modified":"2025-07-14T11:33:40","modified_gmt":"2025-07-14T11:33:40","slug":"next-gpl-pao-fg","status":"publish","type":"product","link":"https:\/\/climalife.com\/es\/product\/next-gpl-pao-fg\/","title":{"rendered":"NEXT GPL PAO-FG"},"content":{"rendered":"<p>Aplicaciones:<\/p>\n<ul>\n<li>Compresores alternativos<\/li>\n<li>Compresores rotativos de tornillo<\/li>\n<li>Compresores centr\u00edfugos<\/li>\n<\/ul>\n<p>Disponible en:<\/p>\n<ul>\n<li>NEXT GPL PAO-FG 68<\/li>\n<\/ul>\n<p>Para otros grados de viscosidad, cons\u00faltenos.<\/p>\n","protected":false},"excerpt":{"rendered":"<p>NEXT GPL PAO-FG es un lubricante para compresi\u00f3n de gases de grado alimenticio a base de polialfaolefinas, formulado para su uso en aplicaciones en las que es posible el contacto accidental con alimentos.<\/p>\n<p>Ideal para aplicaciones de compresi\u00f3n de CO\u2082, GPL PAO-FG tiene un \u00edndice de viscosidad extremadamente alto y un punto de fluidez muy bajo, lo que permite su funcionamiento en un amplio rango de temperaturas.<\/p>\n<p>GPL PAO-FG tambi\u00e9n contiene aditivos robustos que protegen contra el \u00f3xido, la corrosi\u00f3n y la oxidaci\u00f3n. Esto proporciona una protecci\u00f3n esencial de los componentes y garantiza una larga vida \u00fatil del aceite, incluso en condiciones de funcionamiento dif\u00edciles.<\/p>\n","protected":false},"featured_media":226714,"comment_status":"closed","ping_status":"closed","template":"","meta":[],"countries":[4674,4709,4756,4813,4831,4862],"product_brand":[],"product_cat":[9943,13127,13461],"product_tag":[],"class_list":{"0":"post-226713","1":"product","2":"type-product","3":"status-publish","4":"has-post-thumbnail","6":"countries-by","7":"countries-cu","8":"countries-ir","9":"countries-kp","10":"countries-ru","11":"countries-sy","12":"product_cat-alimentacion","13":"product_cat-refrigeracion","14":"product_cat-pao-es","15":"pa_packaging-20-l-can-en-174","16":"pa_packaging-208-l-barrel-en-49","18":"first","19":"instock","20":"shipping-taxable","21":"purchasable","22":"product-type-variable"},"_links":{"self":[{"href":"https:\/\/climalife.com\/es\/wp-json\/wp\/v2\/product\/226713","targetHints":{"allow":["GET"]}}],"collection":[{"href":"https:\/\/climalife.com\/es\/wp-json\/wp\/v2\/product"}],"about":[{"href":"https:\/\/climalife.com\/es\/wp-json\/wp\/v2\/types\/product"}],"replies":[{"embeddable":true,"href":"https:\/\/climalife.com\/es\/wp-json\/wp\/v2\/comments?post=226713"}],"wp:featuredmedia":[{"embeddable":true,"href":"https:\/\/climalife.com\/es\/wp-json\/wp\/v2\/media\/226714"}],"wp:attachment":[{"href":"https:\/\/climalife.com\/es\/wp-json\/wp\/v2\/media?parent=226713"}],"wp:term":[{"taxonomy":"countries","embeddable":true,"href":"https:\/\/climalife.com\/es\/wp-json\/wp\/v2\/countries?post=226713"},{"taxonomy":"product_brand","embeddable":true,"href":"https:\/\/climalife.com\/es\/wp-json\/wp\/v2\/product_brand?post=226713"},{"taxonomy":"product_cat","embeddable":true,"href":"https:\/\/climalife.com\/es\/wp-json\/wp\/v2\/product_cat?post=226713"},{"taxonomy":"product_tag","embeddable":true,"href":"https:\/\/climalife.com\/es\/wp-json\/wp\/v2\/product_tag?post=226713"}],"curies":[{"name":"wp","href":"https:\/\/api.w.org\/{rel}","templated":true}]}}