{"id":226717,"date":"2025-07-14T11:35:37","date_gmt":"2025-07-14T11:35:37","guid":{"rendered":"https:\/\/climalife.com\/product\/next-gpl-min\/"},"modified":"2025-07-14T11:41:36","modified_gmt":"2025-07-14T11:41:36","slug":"next-gpl-min","status":"publish","type":"product","link":"https:\/\/climalife.com\/es\/product\/next-gpl-min\/","title":{"rendered":"NEXT GPL MIN"},"content":{"rendered":"<p>Aplicaciones<\/p>\n<ul>\n<li>Compresores alternativos<\/li>\n<li>Compresores rotativos de tornillo<\/li>\n<li>Turbinas de gas<\/li>\n<\/ul>\n<p>Disponible en<\/p>\n<ul>\n<li>NEXT GPL MIN 100<\/li>\n<\/ul>\n<p>Para otros grados de viscosidad, cons\u00faltenos.<\/p>\n","protected":false},"excerpt":{"rendered":"<p>NEXT GPL MIN es un aceite para compresores de gas que combina aceites minerales hidrotratados y aditivos avanzados. GPL MIN se puede utilizar tanto en gases de hidrocarburos pesados como ligeros. Su avanzado paquete de aditivos tambi\u00e9n permite su uso con corrientes de gas que contienen gases reactivos.<\/p>\n<p>GPL MIN tambi\u00e9n ofrece excelentes caracter\u00edsticas de separaci\u00f3n de agua, lo que convierte al aceite en una excelente opci\u00f3n para corrientes de gas con alto contenido de agua.<\/p>\n","protected":false},"featured_media":226719,"comment_status":"closed","ping_status":"closed","template":"","meta":[],"countries":[4674,4709,4756,4813,4831,4862],"product_brand":[],"product_cat":[9952,9961,13127,9350],"product_tag":[],"class_list":{"0":"post-226717","1":"product","2":"type-product","3":"status-publish","4":"has-post-thumbnail","6":"countries-by","7":"countries-cu","8":"countries-ir","9":"countries-kp","10":"countries-ru","11":"countries-sy","12":"product_cat-construccion","13":"product_cat-energia","14":"product_cat-refrigeracion","15":"product_cat-aceites-minerales","16":"pa_packaging-20-l-can-en-174","17":"pa_packaging-208-l-barrel-en-49","19":"first","20":"instock","21":"shipping-taxable","22":"purchasable","23":"product-type-variable"},"_links":{"self":[{"href":"https:\/\/climalife.com\/es\/wp-json\/wp\/v2\/product\/226717","targetHints":{"allow":["GET"]}}],"collection":[{"href":"https:\/\/climalife.com\/es\/wp-json\/wp\/v2\/product"}],"about":[{"href":"https:\/\/climalife.com\/es\/wp-json\/wp\/v2\/types\/product"}],"replies":[{"embeddable":true,"href":"https:\/\/climalife.com\/es\/wp-json\/wp\/v2\/comments?post=226717"}],"wp:featuredmedia":[{"embeddable":true,"href":"https:\/\/climalife.com\/es\/wp-json\/wp\/v2\/media\/226719"}],"wp:attachment":[{"href":"https:\/\/climalife.com\/es\/wp-json\/wp\/v2\/media?parent=226717"}],"wp:term":[{"taxonomy":"countries","embeddable":true,"href":"https:\/\/climalife.com\/es\/wp-json\/wp\/v2\/countries?post=226717"},{"taxonomy":"product_brand","embeddable":true,"href":"https:\/\/climalife.com\/es\/wp-json\/wp\/v2\/product_brand?post=226717"},{"taxonomy":"product_cat","embeddable":true,"href":"https:\/\/climalife.com\/es\/wp-json\/wp\/v2\/product_cat?post=226717"},{"taxonomy":"product_tag","embeddable":true,"href":"https:\/\/climalife.com\/es\/wp-json\/wp\/v2\/product_tag?post=226717"}],"curies":[{"name":"wp","href":"https:\/\/api.w.org\/{rel}","templated":true}]}}