{"id":229139,"date":"2025-10-30T09:28:28","date_gmt":"2025-10-30T09:28:28","guid":{"rendered":"https:\/\/climalife.com\/product\/next-717-syn\/"},"modified":"2026-01-29T13:54:46","modified_gmt":"2026-01-29T13:54:46","slug":"next-717-syn","status":"publish","type":"product","link":"https:\/\/climalife.com\/es\/product\/next-717-syn\/","title":{"rendered":"NEXT 717-SYN"},"content":{"rendered":"<p>Aplicaciones:<\/p>\n<ul>\n<li>Compresores alternativos<\/li>\n<li>Compresores de tornillo rotativo<\/li>\n<li>En aplicaciones que operan hasta -57 \u00b0C<\/li>\n<\/ul>\n<p>Disponible en:<\/p>\n<ul>\n<li>NEXT 717-68-SYN<\/li>\n<\/ul>\n","protected":false},"excerpt":{"rendered":"<p>NEXT SYN 717-68 es un aceite para compresor basado en polialfaolefinas (PAO) que ha sido formulado espec\u00edficamente para su uso en instalaciones de refrigeraci\u00f3n con amon\u00edaco a temperaturas ultra bajas. Gracias al uso de aceites base PAO de alta estabilidad, el SYN 717-68 ofrecer\u00e1 tasas de arrastre de aceite m\u00e1s bajas que los aceites minerales, as\u00ed como que las formulaciones compuestas por mezclas PAO\/AB.<\/p>\n<p>Esta formulaci\u00f3n es ideal para instalaciones que operan a baja temperatura o en sistemas que experimentan problemas de retorno de aceite.<\/p>\n","protected":false},"featured_media":228157,"comment_status":"closed","ping_status":"closed","template":"","meta":[],"countries":[],"product_brand":[],"product_cat":[9961,9943,9997,13127,13461],"product_tag":[],"class_list":{"0":"post-229139","1":"product","2":"type-product","3":"status-publish","4":"has-post-thumbnail","6":"product_cat-energia","7":"product_cat-alimentacion","8":"product_cat-otros-sectores","9":"product_cat-refrigeracion","10":"product_cat-pao-es","11":"pa_packaging-barril-de-208-l-es-49","12":"pa_packaging-bidon-19-l-es-336","14":"first","15":"instock","16":"shipping-taxable","17":"purchasable","18":"product-type-simple"},"_links":{"self":[{"href":"https:\/\/climalife.com\/es\/wp-json\/wp\/v2\/product\/229139","targetHints":{"allow":["GET"]}}],"collection":[{"href":"https:\/\/climalife.com\/es\/wp-json\/wp\/v2\/product"}],"about":[{"href":"https:\/\/climalife.com\/es\/wp-json\/wp\/v2\/types\/product"}],"replies":[{"embeddable":true,"href":"https:\/\/climalife.com\/es\/wp-json\/wp\/v2\/comments?post=229139"}],"wp:featuredmedia":[{"embeddable":true,"href":"https:\/\/climalife.com\/es\/wp-json\/wp\/v2\/media\/228157"}],"wp:attachment":[{"href":"https:\/\/climalife.com\/es\/wp-json\/wp\/v2\/media?parent=229139"}],"wp:term":[{"taxonomy":"countries","embeddable":true,"href":"https:\/\/climalife.com\/es\/wp-json\/wp\/v2\/countries?post=229139"},{"taxonomy":"product_brand","embeddable":true,"href":"https:\/\/climalife.com\/es\/wp-json\/wp\/v2\/product_brand?post=229139"},{"taxonomy":"product_cat","embeddable":true,"href":"https:\/\/climalife.com\/es\/wp-json\/wp\/v2\/product_cat?post=229139"},{"taxonomy":"product_tag","embeddable":true,"href":"https:\/\/climalife.com\/es\/wp-json\/wp\/v2\/product_tag?post=229139"}],"curies":[{"name":"wp","href":"https:\/\/api.w.org\/{rel}","templated":true}]}}