{"id":230626,"date":"2026-02-10T10:59:59","date_gmt":"2026-02-10T10:59:59","guid":{"rendered":"https:\/\/climalife.com\/product\/next-744-poe\/"},"modified":"2026-02-10T12:07:46","modified_gmt":"2026-02-10T12:07:46","slug":"next-744-poe","status":"publish","type":"product","link":"https:\/\/climalife.com\/es\/product\/next-744-poe\/","title":{"rendered":"NEXT 744-POE"},"content":{"rendered":"<p>NEXT 744-POE combina \u00e9steres sint\u00e9ticos con un avanzado paquete de aditivos antidesgaste para proporcionar un alto nivel de protecci\u00f3n frente al desgaste. Esto es esencial en los sistemas de refrigeraci\u00f3n con CO\u2082, debido a las elevadas presiones y temperaturas inherentes a este tipo de aplicaciones.<\/p>\n","protected":false},"excerpt":{"rendered":"<p>NEXT 744-POE ha sido formulado espec\u00edficamente para su uso en sistemas de refrigeraci\u00f3n con CO\u2082.<\/p>\n","protected":false},"featured_media":230415,"comment_status":"closed","ping_status":"closed","template":"","meta":[],"countries":[],"product_brand":[],"product_cat":[9961,9943,9997,13425],"product_tag":[],"class_list":{"0":"post-230626","1":"product","2":"type-product","3":"status-publish","4":"has-post-thumbnail","6":"product_cat-energia","7":"product_cat-alimentacion","8":"product_cat-otros-sectores","9":"product_cat-poe-es","10":"pa_packaging-1-l-can-en-63","11":"pa_packaging-can-of-5-l-en-35","13":"first","14":"instock","15":"shipping-taxable","16":"purchasable","17":"product-type-variable"},"_links":{"self":[{"href":"https:\/\/climalife.com\/es\/wp-json\/wp\/v2\/product\/230626","targetHints":{"allow":["GET"]}}],"collection":[{"href":"https:\/\/climalife.com\/es\/wp-json\/wp\/v2\/product"}],"about":[{"href":"https:\/\/climalife.com\/es\/wp-json\/wp\/v2\/types\/product"}],"replies":[{"embeddable":true,"href":"https:\/\/climalife.com\/es\/wp-json\/wp\/v2\/comments?post=230626"}],"wp:featuredmedia":[{"embeddable":true,"href":"https:\/\/climalife.com\/es\/wp-json\/wp\/v2\/media\/230415"}],"wp:attachment":[{"href":"https:\/\/climalife.com\/es\/wp-json\/wp\/v2\/media?parent=230626"}],"wp:term":[{"taxonomy":"countries","embeddable":true,"href":"https:\/\/climalife.com\/es\/wp-json\/wp\/v2\/countries?post=230626"},{"taxonomy":"product_brand","embeddable":true,"href":"https:\/\/climalife.com\/es\/wp-json\/wp\/v2\/product_brand?post=230626"},{"taxonomy":"product_cat","embeddable":true,"href":"https:\/\/climalife.com\/es\/wp-json\/wp\/v2\/product_cat?post=230626"},{"taxonomy":"product_tag","embeddable":true,"href":"https:\/\/climalife.com\/es\/wp-json\/wp\/v2\/product_tag?post=230626"}],"curies":[{"name":"wp","href":"https:\/\/api.w.org\/{rel}","templated":true}]}}