{"id":231222,"date":"2026-03-04T14:22:12","date_gmt":"2026-03-04T14:22:12","guid":{"rendered":"https:\/\/climalife.com\/product\/novexpans-ciclopentano-isopentano-85-15\/"},"modified":"2026-03-04T14:31:37","modified_gmt":"2026-03-04T14:31:37","slug":"novexpans-ciclopentano-isopentano-85-15","status":"publish","type":"product","link":"https:\/\/climalife.com\/es\/product\/novexpans-ciclopentano-isopentano-85-15\/","title":{"rendered":"Novexpans ciclopentano\/isopentano (85\/15)"},"content":{"rendered":"<p>La clasificaci\u00f3n H225 es una ventaja a la hora de cumplir con la legislaci\u00f3n sobre almacenamiento de productos inflamables.<\/p>\n","protected":false},"excerpt":{"rendered":"<p>El NOVEXPANS<sup>TM<\/sup> ciclopentano\/isopentano (85\/15) es una mezcla de ciclopentano e isopentano con especificaciones garantizadas que se utiliza como agente expansor en la expansi\u00f3n de espumas r\u00edgidas de poliuretano. Esta mezcla es el compromiso ideal entre la resistencia mec\u00e1nica y la resistencia t\u00e9rmica de la espuma resultante.<\/p>\n","protected":false},"featured_media":228066,"comment_status":"closed","ping_status":"closed","template":"","meta":[],"countries":[],"product_brand":[],"product_cat":[9952,9997,13102,9509],"product_tag":[],"class_list":{"0":"post-231222","1":"product","2":"type-product","3":"status-publish","4":"has-post-thumbnail","6":"product_cat-construccion","7":"product_cat-otros-sectores","8":"product_cat-aislamiento","9":"product_cat-hidrocarburos","10":"pa_packaging-a-granel-es-168","11":"pa_packaging-barril-217-i-es-30","12":"pa_packaging-contenedor-930-l-es-76","14":"first","15":"instock","16":"shipping-taxable","17":"purchasable","18":"product-type-variable"},"_links":{"self":[{"href":"https:\/\/climalife.com\/es\/wp-json\/wp\/v2\/product\/231222","targetHints":{"allow":["GET"]}}],"collection":[{"href":"https:\/\/climalife.com\/es\/wp-json\/wp\/v2\/product"}],"about":[{"href":"https:\/\/climalife.com\/es\/wp-json\/wp\/v2\/types\/product"}],"replies":[{"embeddable":true,"href":"https:\/\/climalife.com\/es\/wp-json\/wp\/v2\/comments?post=231222"}],"wp:featuredmedia":[{"embeddable":true,"href":"https:\/\/climalife.com\/es\/wp-json\/wp\/v2\/media\/228066"}],"wp:attachment":[{"href":"https:\/\/climalife.com\/es\/wp-json\/wp\/v2\/media?parent=231222"}],"wp:term":[{"taxonomy":"countries","embeddable":true,"href":"https:\/\/climalife.com\/es\/wp-json\/wp\/v2\/countries?post=231222"},{"taxonomy":"product_brand","embeddable":true,"href":"https:\/\/climalife.com\/es\/wp-json\/wp\/v2\/product_brand?post=231222"},{"taxonomy":"product_cat","embeddable":true,"href":"https:\/\/climalife.com\/es\/wp-json\/wp\/v2\/product_cat?post=231222"},{"taxonomy":"product_tag","embeddable":true,"href":"https:\/\/climalife.com\/es\/wp-json\/wp\/v2\/product_tag?post=231222"}],"curies":[{"name":"wp","href":"https:\/\/api.w.org\/{rel}","templated":true}]}}