{"id":231694,"date":"2026-04-07T09:12:11","date_gmt":"2026-04-07T09:12:11","guid":{"rendered":"https:\/\/climalife.com\/product\/alternativa-al-sf6\/"},"modified":"2026-04-07T09:18:11","modified_gmt":"2026-04-07T09:18:11","slug":"alternativa-al-sf6","status":"publish","type":"product","link":"https:\/\/climalife.com\/es\/product\/alternativa-al-sf6\/","title":{"rendered":"g3 Alternativa al SF6"},"content":{"rendered":"<p>La mezcla de gases g<sup>3<\/sup> est\u00e1 disponible en cuatro versiones. Siga las recomendaciones del fabricante del equipo para seleccionar la versi\u00f3n adecuada:<\/p>\n<p>&nbsp;<\/p>\n<ul>\n<li>g<sup>3<\/sup>-C4-FN-60-05<\/li>\n<li>g<sup>3<\/sup>-C4-FN-35-13<\/li>\n<li>g<sup>3<\/sup>-C4-FN-50-13<\/li>\n<\/ul>\n","protected":false},"excerpt":{"rendered":"<p>g<sup>3<\/sup> es una alternativa al SF<sub>6 <\/sub> para aparatos de conmutaci\u00f3n el\u00e9ctrica, desarrollada y patentada por GE Vernova. Se trata de una mezcla de CO<sub>2<\/sub>, O<sub>2<\/sub> y un aditivo, el C<sub>4<\/sub>F<sub>7<\/sub>N, fabricada por Climalife seg\u00fan las especificaciones de GE Vernova. La mezcla de gases g<sup>3<\/sup> reduce el impacto del gas sobre el calentamiento global en un 99 % en comparaci\u00f3n con el SF<sub>6<\/sub>, lo que se traduce en una reducci\u00f3n significativa de las emisiones de gases de efecto invernadero. Esta nueva soluci\u00f3n de aislamiento y conmutaci\u00f3n es adecuada para el desarrollo de una nueva generaci\u00f3n de aparamenta de alta y ultraalta tensi\u00f3n en caja met\u00e1lica. Los equipos que utilizan g<sup>3<\/sup> mantienen las mismas dimensiones y prestaciones que los que funcionan con SF<sub>6<\/sub>.<\/p>\n","protected":false},"featured_media":231022,"comment_status":"closed","ping_status":"closed","template":"","meta":[],"countries":[],"product_brand":[],"product_cat":[9219,9961,9997,13067,9384],"product_tag":[],"class_list":{"0":"post-231694","1":"product","2":"type-product","3":"status-publish","4":"has-post-thumbnail","6":"product_cat-industrias","7":"product_cat-energia","8":"product_cat-otros-sectores","9":"product_cat-proteccion-dielectrica-sf6","10":"product_cat-gas-inerte","11":"pa_packaging-b50-es-266","13":"first","14":"instock","15":"shipping-taxable","16":"product-type-simple"},"_links":{"self":[{"href":"https:\/\/climalife.com\/es\/wp-json\/wp\/v2\/product\/231694","targetHints":{"allow":["GET"]}}],"collection":[{"href":"https:\/\/climalife.com\/es\/wp-json\/wp\/v2\/product"}],"about":[{"href":"https:\/\/climalife.com\/es\/wp-json\/wp\/v2\/types\/product"}],"replies":[{"embeddable":true,"href":"https:\/\/climalife.com\/es\/wp-json\/wp\/v2\/comments?post=231694"}],"wp:featuredmedia":[{"embeddable":true,"href":"https:\/\/climalife.com\/es\/wp-json\/wp\/v2\/media\/231022"}],"wp:attachment":[{"href":"https:\/\/climalife.com\/es\/wp-json\/wp\/v2\/media?parent=231694"}],"wp:term":[{"taxonomy":"countries","embeddable":true,"href":"https:\/\/climalife.com\/es\/wp-json\/wp\/v2\/countries?post=231694"},{"taxonomy":"product_brand","embeddable":true,"href":"https:\/\/climalife.com\/es\/wp-json\/wp\/v2\/product_brand?post=231694"},{"taxonomy":"product_cat","embeddable":true,"href":"https:\/\/climalife.com\/es\/wp-json\/wp\/v2\/product_cat?post=231694"},{"taxonomy":"product_tag","embeddable":true,"href":"https:\/\/climalife.com\/es\/wp-json\/wp\/v2\/product_tag?post=231694"}],"curies":[{"name":"wp","href":"https:\/\/api.w.org\/{rel}","templated":true}]}}