{"id":157145,"date":"2022-09-28T16:44:28","date_gmt":"2022-09-28T16:44:28","guid":{"rendered":"http:\/\/climalife.com\/product\/acitest-unipro-ww\/"},"modified":"2024-01-25T13:53:42","modified_gmt":"2024-01-25T13:53:42","slug":"acitest-unipro-ww","status":"publish","type":"product","link":"https:\/\/climalife.com\/fr\/product\/acitest-unipro-ww\/","title":{"rendered":"Acitest Unipro WW"},"content":{"rendered":"<p>Il donne une indication de son \u00e9tat : bon, limite, acide.<\/p>\n<p>Ce test d&#8217;acidit\u00e9 donne un diagnostic rapide qui accro\u00eet la s\u00e9curit\u00e9 et la productivit\u00e9 des installations en r\u00e9duisant le risque de casses et de pannes potentielles li\u00e9es \u00e0 l\u2019acidit\u00e9 de l\u2019huile.<\/p>\n<p><strong>Nouveaut\u00e9 : l&#8217;Acitest Unipro WW est disponible partout dans le monde !<\/strong><\/p>\n<p>&nbsp;<\/p>\n","protected":false},"excerpt":{"rendered":"<p>D\u00e9velopp\u00e9 par Climalife, l&#8217;Acitest Unipro WW permet de v\u00e9rifier instantan\u00e9ment le niveau d&#8217;acidit\u00e9 d&#8217;une huile frigorifique additiv\u00e9e et non additiv\u00e9e, quelle que soit sa nature.<\/p>\n","protected":false},"featured_media":132165,"comment_status":"open","ping_status":"closed","template":"","meta":[],"countries":[4674,4709,4756,4813,4831,4862],"product_brand":[],"product_cat":[9981,9972,9945,9936,9963,9990,13056,13091,13125,9361],"product_tag":[],"class_list":{"0":"post-157145","1":"product","2":"type-product","3":"status-publish","4":"has-post-thumbnail","6":"countries-by","7":"countries-cu","8":"countries-ir","9":"countries-kp","10":"countries-ru","11":"countries-sy","12":"product_cat-aeronautique-aerospatial-defense","13":"product_cat-automobile-transport","14":"product_cat-batiment","15":"product_cat-agroalimentaire","16":"product_cat-sante-bien-etre","17":"product_cat-autres-industries","18":"product_cat-climatisation","19":"product_cat-chauffage","20":"product_cat-refrigeration-fr","21":"product_cat-analyses-huiles","22":"pa_packaging-boite-de-6-fr-1","24":"first","25":"instock","26":"shipping-taxable","27":"purchasable","28":"product-type-variable"},"_links":{"self":[{"href":"https:\/\/climalife.com\/fr\/wp-json\/wp\/v2\/product\/157145","targetHints":{"allow":["GET"]}}],"collection":[{"href":"https:\/\/climalife.com\/fr\/wp-json\/wp\/v2\/product"}],"about":[{"href":"https:\/\/climalife.com\/fr\/wp-json\/wp\/v2\/types\/product"}],"replies":[{"embeddable":true,"href":"https:\/\/climalife.com\/fr\/wp-json\/wp\/v2\/comments?post=157145"}],"wp:featuredmedia":[{"embeddable":true,"href":"https:\/\/climalife.com\/fr\/wp-json\/wp\/v2\/media\/132165"}],"wp:attachment":[{"href":"https:\/\/climalife.com\/fr\/wp-json\/wp\/v2\/media?parent=157145"}],"wp:term":[{"taxonomy":"countries","embeddable":true,"href":"https:\/\/climalife.com\/fr\/wp-json\/wp\/v2\/countries?post=157145"},{"taxonomy":"product_brand","embeddable":true,"href":"https:\/\/climalife.com\/fr\/wp-json\/wp\/v2\/product_brand?post=157145"},{"taxonomy":"product_cat","embeddable":true,"href":"https:\/\/climalife.com\/fr\/wp-json\/wp\/v2\/product_cat?post=157145"},{"taxonomy":"product_tag","embeddable":true,"href":"https:\/\/climalife.com\/fr\/wp-json\/wp\/v2\/product_tag?post=157145"}],"curies":[{"name":"wp","href":"https:\/\/api.w.org\/{rel}","templated":true}]}}