{"id":157160,"date":"2022-09-28T16:44:33","date_gmt":"2022-09-28T16:44:33","guid":{"rendered":"http:\/\/climalife.com\/product\/mobil-eal-arctic-et-shc-gargoyle\/"},"modified":"2024-09-05T09:44:18","modified_gmt":"2024-09-05T09:44:18","slug":"lubrifiants-synthetiques-mobil-eal-arctic-et-shc-gargoyle","status":"publish","type":"product","link":"https:\/\/climalife.com\/fr\/product\/lubrifiants-synthetiques-mobil-eal-arctic-et-shc-gargoyle\/","title":{"rendered":"MOBIL EAL Arctic"},"content":{"rendered":"<p>Leur formulation \u00e0 base de POE synth\u00e9tiques et d&#8217;additifs sp\u00e9cifiquement s\u00e9lectionn\u00e9s leur conf\u00e8re de remarquables propri\u00e9t\u00e9s lubrifiantes ; outre leur excellente stabilit\u00e9 chimique, thermique et \u00e0 l&#8217;hydrolyse, elles prot\u00e8gent le mat\u00e9riel contre l&#8217;usure de mani\u00e8re tr\u00e8s efficace.<\/p>\n","protected":false},"excerpt":{"rendered":"<p>Les lubrifiants synth\u00e9tiques Mobil EAL Arctic et Mobil SHC\u2122 Gargoyle 32 sont des huiles haute performance sp\u00e9cialement con\u00e7ues pour la lubrification des compresseurs pour syst\u00e8mes frigorifiques fonctionnant aux HFC, HFO et m\u00e9langes HFO ; notamment les fluides frigorig\u00e8nes A1 et A2L selon la sp\u00e9cification de s\u00e9curit\u00e9 ASHRAE 34\/ISO 817.<br \/>\nLes huiles Mobil EAL ARCTIC et\u00a0Mobil SHC\u2122 Gargoyle 32 sont disponibles du grade de viscosit\u00e9 22 au grade 220.<\/p>\n","protected":false},"featured_media":121860,"comment_status":"open","ping_status":"closed","template":"","meta":[],"countries":[4674,4709,4756,4813,4831,4862],"product_brand":[],"product_cat":[9981,9972,9945,9936,9963,9990,13056,13091,13125,13419],"product_tag":[],"class_list":{"0":"post-157160","1":"product","2":"type-product","3":"status-publish","4":"has-post-thumbnail","6":"countries-by","7":"countries-cu","8":"countries-ir","9":"countries-kp","10":"countries-ru","11":"countries-sy","12":"product_cat-aeronautique-aerospatial-defense","13":"product_cat-automobile-transport","14":"product_cat-batiment","15":"product_cat-agroalimentaire","16":"product_cat-sante-bien-etre","17":"product_cat-autres-industries","18":"product_cat-climatisation","19":"product_cat-chauffage","20":"product_cat-refrigeration-fr","21":"product_cat-poe-fr","22":"pa_packaging-bidon-20-l-fr-174","23":"pa_packaging-bidon-5-l-fr-35","24":"pa_packaging-fut-208-l-fr-49","26":"first","27":"instock","28":"shipping-taxable","29":"purchasable","30":"product-type-variable"},"_links":{"self":[{"href":"https:\/\/climalife.com\/fr\/wp-json\/wp\/v2\/product\/157160","targetHints":{"allow":["GET"]}}],"collection":[{"href":"https:\/\/climalife.com\/fr\/wp-json\/wp\/v2\/product"}],"about":[{"href":"https:\/\/climalife.com\/fr\/wp-json\/wp\/v2\/types\/product"}],"replies":[{"embeddable":true,"href":"https:\/\/climalife.com\/fr\/wp-json\/wp\/v2\/comments?post=157160"}],"wp:featuredmedia":[{"embeddable":true,"href":"https:\/\/climalife.com\/fr\/wp-json\/wp\/v2\/media\/121860"}],"wp:attachment":[{"href":"https:\/\/climalife.com\/fr\/wp-json\/wp\/v2\/media?parent=157160"}],"wp:term":[{"taxonomy":"countries","embeddable":true,"href":"https:\/\/climalife.com\/fr\/wp-json\/wp\/v2\/countries?post=157160"},{"taxonomy":"product_brand","embeddable":true,"href":"https:\/\/climalife.com\/fr\/wp-json\/wp\/v2\/product_brand?post=157160"},{"taxonomy":"product_cat","embeddable":true,"href":"https:\/\/climalife.com\/fr\/wp-json\/wp\/v2\/product_cat?post=157160"},{"taxonomy":"product_tag","embeddable":true,"href":"https:\/\/climalife.com\/fr\/wp-json\/wp\/v2\/product_tag?post=157160"}],"curies":[{"name":"wp","href":"https:\/\/api.w.org\/{rel}","templated":true}]}}