{"id":160090,"date":"2022-10-05T00:20:08","date_gmt":"2022-10-05T00:20:08","guid":{"rendered":"http:\/\/climalife.com\/?post_type=product&#038;p=160090"},"modified":"2024-12-16T15:29:44","modified_gmt":"2024-12-16T15:29:44","slug":"pgm-ir-et-pgm-ir-co2","status":"publish","type":"product","link":"https:\/\/climalife.com\/fr\/product\/pgm-ir-et-pgm-ir-co2\/","title":{"rendered":"PGM-IR et PGM-IR CO2"},"content":{"rendered":"<p>Il indique en <strong>temps r\u00e9el<\/strong> le niveau de ppm du fluide \u00e0 d\u00e9tecter.<br \/>\nLe d\u00e9tecteur PGM-IR poss\u00e8de une biblioth\u00e8que int\u00e9gr\u00e9e de plus de 50 fluides frigorig\u00e8nes qui lui permet de d\u00e9tecter avec<strong> pr\u00e9cision<\/strong> les plus petites fuites \u00e0 leur source.<\/p>\n<p>Le PGM-IR CO<sub>2<\/sub> est d\u00e9di\u00e9 \u00e0 la d\u00e9tection du dioxyde de carbone et le PGM-IR SF<sub>6<\/sub>\u00a0 est sp\u00e9cifique \u00e0 la d\u00e9tection d&#8217;hexafluorure de soufre.<\/p>\n","protected":false},"excerpt":{"rendered":"<p>PGM-IR \/ PGM-IR CO2 \/ PGM-IR SF<sub>6<\/sub> , d\u00e9tecteur de fuites portable de la marque Bacharach qui offre des performances et des fonctionnalit\u00e9s sup\u00e9rieures pour la d\u00e9tection de fuites portable \u00e0 faible niveau de ppm de fluides frigorig\u00e8nes, de CO2, d&#8217;oxyde nitreux ou d&#8217;hexafluorure de soufre (SF<sub>6<\/sub>).<\/p>\n","protected":false},"featured_media":132795,"comment_status":"open","ping_status":"closed","template":"","meta":[],"countries":[4674,4709,4756,4813,4831,4862],"product_brand":[],"product_cat":[9945,9936,9370],"product_tag":[],"class_list":{"0":"post-160090","1":"product","2":"type-product","3":"status-publish","4":"has-post-thumbnail","6":"countries-by","7":"countries-cu","8":"countries-ir","9":"countries-kp","10":"countries-ru","11":"countries-sy","12":"product_cat-batiment","13":"product_cat-agroalimentaire","14":"product_cat-detection-portable","16":"first","17":"instock","18":"shipping-taxable","19":"purchasable","20":"product-type-variable","21":"has-default-attributes"},"_links":{"self":[{"href":"https:\/\/climalife.com\/fr\/wp-json\/wp\/v2\/product\/160090","targetHints":{"allow":["GET"]}}],"collection":[{"href":"https:\/\/climalife.com\/fr\/wp-json\/wp\/v2\/product"}],"about":[{"href":"https:\/\/climalife.com\/fr\/wp-json\/wp\/v2\/types\/product"}],"replies":[{"embeddable":true,"href":"https:\/\/climalife.com\/fr\/wp-json\/wp\/v2\/comments?post=160090"}],"wp:featuredmedia":[{"embeddable":true,"href":"https:\/\/climalife.com\/fr\/wp-json\/wp\/v2\/media\/132795"}],"wp:attachment":[{"href":"https:\/\/climalife.com\/fr\/wp-json\/wp\/v2\/media?parent=160090"}],"wp:term":[{"taxonomy":"countries","embeddable":true,"href":"https:\/\/climalife.com\/fr\/wp-json\/wp\/v2\/countries?post=160090"},{"taxonomy":"product_brand","embeddable":true,"href":"https:\/\/climalife.com\/fr\/wp-json\/wp\/v2\/product_brand?post=160090"},{"taxonomy":"product_cat","embeddable":true,"href":"https:\/\/climalife.com\/fr\/wp-json\/wp\/v2\/product_cat?post=160090"},{"taxonomy":"product_tag","embeddable":true,"href":"https:\/\/climalife.com\/fr\/wp-json\/wp\/v2\/product_tag?post=160090"}],"curies":[{"name":"wp","href":"https:\/\/api.w.org\/{rel}","templated":true}]}}