{"id":160092,"date":"2022-09-28T17:39:23","date_gmt":"2022-09-28T17:39:23","guid":{"rendered":"http:\/\/climalife.com\/product\/controleurs-mgs-402-mgs-408-centrales-de-detecteurs-de-fuites\/"},"modified":"2024-01-25T13:53:40","modified_gmt":"2024-01-25T13:53:40","slug":"controleurs-mgs-402-mgs-408-centrales-de-detecteurs-de-fuites","status":"publish","type":"product","link":"https:\/\/climalife.com\/fr\/product\/controleurs-mgs-402-mgs-408-centrales-de-detecteurs-de-fuites\/","title":{"rendered":"Contr\u00f4leurs MGS-402 | MGS-408 : centrales de d\u00e9tecteurs de fuites"},"content":{"rendered":"<p>L\u2019installation d\u2019un syst\u00e8me de d\u00e9tection de fuites permet au-del\u00e0 de la conformit\u00e9 \u00e0 la r\u00e9glementation, d\u2019assurer la <strong>s\u00e9curit\u00e9 des personnes<\/strong> (op\u00e9rateurs, exploitants, employ\u00e9s), le <strong>respect de l\u2019environnement<\/strong> et la r\u00e9alisation d\u2019<strong>\u00e9conomies financi\u00e8res<\/strong>.<\/p>\n<p>&nbsp;<\/p>\n<p><strong>Le contr\u00f4leur MGS-402 permet de raccorder jusqu&#8217;\u00e0 2 d\u00e9tecteurs\u00a0<\/strong><a href=\"https:\/\/climalife.dehon.fr\/detecteur-de-fuite-a-poste-fixe-mgs-400-series\" target=\"_blank\" rel=\"noopener\">MGS-410<\/a> afin de constituer une centrale de d\u00e9tection 2 sondes, 2 niveaux de d\u00e9tection.<\/p>\n<p><strong>Le contr\u00f4leur MGS-408 permet de raccorder jusqu&#8217;\u00e0 8 d\u00e9tecteurs <\/strong><a href=\"https:\/\/climalife.dehon.fr\/detecteur-de-fuite-a-poste-fixe-mgs-400-series\" target=\"_blank\" rel=\"noopener\">MGS-410, MGS-450, MGS-460<\/a>, ou\u00a0<a href=\"https:\/\/climalife.dehon.fr\/detecteur-de-fuite-a-poste-fixe-mgs-550\" target=\"_blank\" rel=\"noopener\">MGS-550<\/a> afin de constituer une centrale de d\u00e9tection 8 sondes, avec 2 niveaux de d\u00e9tection.<\/p>\n<p>Ces \u00e9quipements peuvent se raccorder \u00e0 un syst\u00e8me de gestion centralis\u00e9 d&#8217;un b\u00e2timent.<\/p>\n<p><em>Ils r\u00e9pondent aux recommandations des normes de s\u00e9curit\u00e9 EN 378 et ASHRAE 15 pour la d\u00e9tection de fuite.<\/em><\/p>\n<p>&nbsp;<\/p>\n<p><strong>Vid\u00e9o &#8211; pr\u00e9sentation MGS 402 :<\/strong><\/p>\n<p><em>\u00a0<\/em><\/p>\n<p><iframe loading=\"lazy\" src=\"\/\/www.youtube.com\/embed\/6YpxnOo5NPA\" width=\"425\" height=\"350\"><\/iframe><\/p>\n<p>&nbsp;<\/p>\n<p>&nbsp;<\/p>\n","protected":false},"excerpt":{"rendered":"<p>Les contr\u00f4leurs Bacharach MGS-402 et MGS-408 permettent de raccorder les d\u00e9tecteurs de la\u00a0s\u00e9rie MGS-400 et MGS-550. Ils forment ainsi des centrales de d\u00e9tection de fuites de fluides frigorig\u00e8nes et de gaz toxiques et combustibles.<\/p>\n","protected":false},"featured_media":132255,"comment_status":"open","ping_status":"closed","template":"","meta":[],"countries":[4674,4709,4756,4813,4831,4862],"product_brand":[],"product_cat":[9981,9945,9936,9963,9990,13056,13091,13125,9262],"product_tag":[],"class_list":{"0":"post-160092","1":"product","2":"type-product","3":"status-publish","4":"has-post-thumbnail","6":"countries-by","7":"countries-cu","8":"countries-ir","9":"countries-kp","10":"countries-ru","11":"countries-sy","12":"product_cat-aeronautique-aerospatial-defense","13":"product_cat-batiment","14":"product_cat-agroalimentaire","15":"product_cat-sante-bien-etre","16":"product_cat-autres-industries","17":"product_cat-climatisation","18":"product_cat-chauffage","19":"product_cat-refrigeration-fr","20":"product_cat-detection-fixe","22":"first","23":"instock","24":"shipping-taxable","25":"purchasable","26":"product-type-variable"},"_links":{"self":[{"href":"https:\/\/climalife.com\/fr\/wp-json\/wp\/v2\/product\/160092","targetHints":{"allow":["GET"]}}],"collection":[{"href":"https:\/\/climalife.com\/fr\/wp-json\/wp\/v2\/product"}],"about":[{"href":"https:\/\/climalife.com\/fr\/wp-json\/wp\/v2\/types\/product"}],"replies":[{"embeddable":true,"href":"https:\/\/climalife.com\/fr\/wp-json\/wp\/v2\/comments?post=160092"}],"wp:featuredmedia":[{"embeddable":true,"href":"https:\/\/climalife.com\/fr\/wp-json\/wp\/v2\/media\/132255"}],"wp:attachment":[{"href":"https:\/\/climalife.com\/fr\/wp-json\/wp\/v2\/media?parent=160092"}],"wp:term":[{"taxonomy":"countries","embeddable":true,"href":"https:\/\/climalife.com\/fr\/wp-json\/wp\/v2\/countries?post=160092"},{"taxonomy":"product_brand","embeddable":true,"href":"https:\/\/climalife.com\/fr\/wp-json\/wp\/v2\/product_brand?post=160092"},{"taxonomy":"product_cat","embeddable":true,"href":"https:\/\/climalife.com\/fr\/wp-json\/wp\/v2\/product_cat?post=160092"},{"taxonomy":"product_tag","embeddable":true,"href":"https:\/\/climalife.com\/fr\/wp-json\/wp\/v2\/product_tag?post=160092"}],"curies":[{"name":"wp","href":"https:\/\/api.w.org\/{rel}","templated":true}]}}