{"id":160101,"date":"2022-09-28T17:39:28","date_gmt":"2022-09-28T17:39:28","guid":{"rendered":"http:\/\/climalife.com\/product\/detecteur-d-tek-3-d-tek-3-co2\/"},"modified":"2026-03-06T15:22:36","modified_gmt":"2026-03-06T15:22:36","slug":"detecteur-de-fuite-d-tek-3-d-tek-3-co2","status":"publish","type":"product","link":"https:\/\/climalife.com\/fr\/product\/detecteur-de-fuite-d-tek-3-d-tek-3-co2\/","title":{"rendered":"D\u00e9tecteur D-Tek 3 \/ D-tek 3 CO2"},"content":{"rendered":"<p>Le D-Tek 3 peut \u00e9galement d\u00e9tecter les fuites de SF<sub>6<\/sub>.<\/p>\n","protected":false},"excerpt":{"rendered":"<p>Le d\u00e9tecteur de fuite D-TEK 3 offre des fonctionnalit\u00e9s suppl\u00e9mentaires pour vous accompagner lors de vos recherches de fuite. Un capteur facile \u00e0 changer, une batterie lithium-ion \u00e0 charge rapide et un nouveau design ergonomique font du D-TEK 3 un outil polyvalent pour la maintenance et la r\u00e9paration quotidiennes des installations frigorifiques. Vous pourrez disposer de deux instruments en un gr\u00e2ce aux capteurs fluides frigorig\u00e8nes et capteur CO<sub>2<\/sub> interchangeables.<\/p>\n","protected":false},"featured_media":131130,"comment_status":"open","ping_status":"closed","template":"","meta":[],"countries":[4674,4709,4756,4813,4831,4862],"product_brand":[],"product_cat":[9981,9972,9945,9936,9963,9990,13056,13109,13125,9370],"product_tag":[],"class_list":{"0":"post-160101","1":"product","2":"type-product","3":"status-publish","4":"has-post-thumbnail","6":"countries-by","7":"countries-cu","8":"countries-ir","9":"countries-kp","10":"countries-ru","11":"countries-sy","12":"product_cat-aeronautique-aerospatial-defense","13":"product_cat-automobile-transport","14":"product_cat-batiment","15":"product_cat-agroalimentaire","16":"product_cat-sante-bien-etre","17":"product_cat-autres-industries","18":"product_cat-climatisation","19":"product_cat-orc-cycle-organique-de-rankine","20":"product_cat-refrigeration-fr","21":"product_cat-detection-portable","22":"pa_packaging-unite-fr-25","24":"first","25":"instock","26":"shipping-taxable","27":"purchasable","28":"product-type-variable"},"_links":{"self":[{"href":"https:\/\/climalife.com\/fr\/wp-json\/wp\/v2\/product\/160101","targetHints":{"allow":["GET"]}}],"collection":[{"href":"https:\/\/climalife.com\/fr\/wp-json\/wp\/v2\/product"}],"about":[{"href":"https:\/\/climalife.com\/fr\/wp-json\/wp\/v2\/types\/product"}],"replies":[{"embeddable":true,"href":"https:\/\/climalife.com\/fr\/wp-json\/wp\/v2\/comments?post=160101"}],"wp:featuredmedia":[{"embeddable":true,"href":"https:\/\/climalife.com\/fr\/wp-json\/wp\/v2\/media\/131130"}],"wp:attachment":[{"href":"https:\/\/climalife.com\/fr\/wp-json\/wp\/v2\/media?parent=160101"}],"wp:term":[{"taxonomy":"countries","embeddable":true,"href":"https:\/\/climalife.com\/fr\/wp-json\/wp\/v2\/countries?post=160101"},{"taxonomy":"product_brand","embeddable":true,"href":"https:\/\/climalife.com\/fr\/wp-json\/wp\/v2\/product_brand?post=160101"},{"taxonomy":"product_cat","embeddable":true,"href":"https:\/\/climalife.com\/fr\/wp-json\/wp\/v2\/product_cat?post=160101"},{"taxonomy":"product_tag","embeddable":true,"href":"https:\/\/climalife.com\/fr\/wp-json\/wp\/v2\/product_tag?post=160101"}],"curies":[{"name":"wp","href":"https:\/\/api.w.org\/{rel}","templated":true}]}}