{"id":160133,"date":"2022-09-28T17:39:45","date_gmt":"2022-09-28T17:39:45","guid":{"rendered":"http:\/\/climalife.com\/product\/detecteur-de-fuite-a-poste-fixe-mgs-400-series\/"},"modified":"2024-01-25T13:53:36","modified_gmt":"2024-01-25T13:53:36","slug":"detecteur-de-fuite-a-poste-fixe-mgs-400-series","status":"publish","type":"product","link":"https:\/\/climalife.com\/fr\/product\/detecteur-de-fuite-a-poste-fixe-mgs-400-series\/","title":{"rendered":"D\u00e9tecteur de fuite \u00e0 poste fixe MGS 400 s\u00e9ries"},"content":{"rendered":"<p class=\"offset-left\">Ces d\u00e9tecteurs sont conformes aux normes en vigueur <em>(ASHRAE 15, EN 378, CSA-B52<\/em>). Simples \u00e0 installer et \u00e0 configurer, ils sont efficaces et permettent d\u2019\u00e9conomiser du temps et de l&#8217;argent sur l&#8217;\u00e9quipement et l&#8217;installation.<\/p>\n<p>&nbsp;<\/p>\n<p class=\"offset-left\"><strong>Les points forts de la s\u00e9rie MGS 400 :<br \/>\n<\/strong><\/p>\n<p class=\"offset-left\"><strong>\u2022<\/strong>\u00a0 <strong>Des d\u00e9tecteurs connect\u00e9s\u00a0<\/strong>: L&#8217;application MGS-400 permet la mise en service, la maintenance et la configuration du <strong>MGS-410, MGS-450 <\/strong>et<strong> MGS-460<\/strong> depuis un smartphone. Gr\u00e2ce \u00e0 une connexion Bluetooth, elle permet de visualiser les mesures en temps r\u00e9el, tester les sorties et calibrer le d\u00e9tecteur.<\/p>\n<p class=\"offset-left\"><strong>\u2022<\/strong>\u00a0 Alarmes sonores et visuelles int\u00e9gr\u00e9es pour la <strong>conformit\u00e9 \u00e0 la s\u00e9curit\u00e9<\/strong> en mati\u00e8re de r\u00e9frig\u00e9ration &#8211; aucun mat\u00e9riel suppl\u00e9mentaire n&#8217;est requis.<\/p>\n<p class=\"offset-left\"><strong>\u2022<\/strong>\u00a0 Disponible avec un <strong>large choix de fluides frigorig\u00e8nes<\/strong>.<\/p>\n<p class=\"offset-left\"><strong>\u2022<\/strong>\u00a0 Le remplacement des capteurs est <strong>simplifi\u00e9<\/strong> gr\u00e2ce aux capteurs plug-and-play pr\u00e9-\u00e9talonn\u00e9s.<\/p>\n<p>&nbsp;<\/p>\n<table border=\"1\" width=\"581\">\n<tbody>\n<tr>\n<td><strong>Fonctionnalit\u00e9<\/strong><\/td>\n<td><strong>\u00a0MGS-410<\/strong><\/td>\n<td><strong>MGS-450<\/strong><\/td>\n<td><strong>MGS-460<\/strong><\/td>\n<\/tr>\n<tr>\n<td>IP41<\/td>\n<td><\/td>\n<td>\u00a0<span class=\"ILfuVd\"><span class=\"hgKElc\">\u2714<\/span><\/span><\/td>\n<td><\/td>\n<\/tr>\n<tr>\n<td>IP66<\/td>\n<td>\u00a0<span class=\"ILfuVd\"><span class=\"hgKElc\">\u2714<\/span><\/span><\/td>\n<td>\u00a0<span class=\"ILfuVd\"><span class=\"hgKElc\">\u2714<\/span><\/span><\/td>\n<td>\u00a0<span class=\"ILfuVd\"><span class=\"hgKElc\">\u2714<\/span><\/span><\/td>\n<\/tr>\n<tr>\n<td>Modbus<\/td>\n<td>\u00a0<span class=\"ILfuVd\"><span class=\"hgKElc\">\u2714<\/span><\/span><\/td>\n<td>\u00a0<span class=\"ILfuVd\"><span class=\"hgKElc\">\u2714<\/span><\/span><\/td>\n<td>\u00a0<span class=\"ILfuVd\"><span class=\"hgKElc\">\u2714<\/span><\/span><\/td>\n<\/tr>\n<tr>\n<td>3 relais<\/td>\n<td><\/td>\n<td>\u00a0<span class=\"ILfuVd\"><span class=\"hgKElc\">\u2714<\/span><\/span><\/td>\n<td>\u00a0<span class=\"ILfuVd\"><span class=\"hgKElc\">\u2714<\/span><\/span><\/td>\n<\/tr>\n<tr>\n<td>Sortie analogique<\/td>\n<td><\/td>\n<td>\u00a0<span class=\"ILfuVd\"><span class=\"hgKElc\">\u2714<\/span><\/span><\/td>\n<td>\u00a0<span class=\"ILfuVd\"><span class=\"hgKElc\">\u2714<\/span><\/span><\/td>\n<\/tr>\n<tr>\n<td>Sonde d\u00e9port\u00e9e<\/td>\n<td><\/td>\n<td><\/td>\n<td>\u00a0<span class=\"ILfuVd\"><span class=\"hgKElc\">\u2714<\/span><\/span><\/td>\n<\/tr>\n<tr>\n<td>Compatibilit\u00e9 application MGS 400 (param\u00e9trage)<\/td>\n<td>\u00a0<span class=\"ILfuVd\"><span class=\"hgKElc\">\u2714<\/span><\/span><\/td>\n<td>\u00a0<span class=\"ILfuVd\"><span class=\"hgKElc\">\u2714<\/span><\/span><\/td>\n<td>\u00a0<span class=\"ILfuVd\"><span class=\"hgKElc\">\u2714<\/span><\/span><\/td>\n<\/tr>\n<tr>\n<td>Sonde<\/td>\n<td><strong>\u00a01 sonde int\u00e9gr\u00e9e<\/strong><\/td>\n<td><strong>1 sonde int\u00e9gr\u00e9e<\/strong><\/td>\n<td><strong>1 sonde d\u00e9port\u00e9e<\/strong><\/td>\n<\/tr>\n<tr>\n<td>Niveau(x) d&#8217;alarme(s)<\/td>\n<td><strong>\u00a01<\/strong><\/td>\n<td><strong>2<\/strong><\/td>\n<td><strong>2<\/strong><\/td>\n<\/tr>\n<tr>\n<td>Compatibilit\u00e9 MGS-402<\/td>\n<td>\u00a0<span class=\"ILfuVd\"><span class=\"hgKElc\">\u2714<\/span><\/span><\/td>\n<td><\/td>\n<td><\/td>\n<\/tr>\n<tr>\n<td>Compatibilit\u00e9 MGS-408<\/td>\n<td><span class=\"ILfuVd\"><span class=\"hgKElc\">\u2714<\/span><\/span><\/td>\n<td><span class=\"ILfuVd\"><span class=\"hgKElc\">\u2714<\/span><\/span><\/td>\n<td><span class=\"ILfuVd\"><span class=\"hgKElc\">\u2714<\/span><\/span><\/td>\n<\/tr>\n<\/tbody>\n<\/table>\n","protected":false},"excerpt":{"rendered":"<p>Les contr\u00f4leurs d&#8217;ambiance Bacharach de la s\u00e9rie MGS-400 sont des d\u00e9tecteurs de fuites fixes de fluides frigorig\u00e8nes adapt\u00e9s \u00e0 toutes les installations de r\u00e9frig\u00e9ration. Con\u00e7us pour la d\u00e9tection des fluides frigorig\u00e8nes, gaz toxiques et combustibles, ils d\u00e9tectent les HFO\/ m\u00e9langes (HFO-HFC) \/ HFC \/ R-290 \/ NH3 \/ CO2 et permettent d&#8217;assurer la s\u00e9curit\u00e9 des personnes tout en r\u00e9duisant les fuites.<\/p>\n","protected":false},"featured_media":131265,"comment_status":"open","ping_status":"closed","template":"","meta":[],"countries":[4674,4709,4756,4760,4804,4813,4831,4862],"product_brand":[],"product_cat":[9981,9945,9954,9936,9963,9990,13056,13091,13109,13125,9262],"product_tag":[],"class_list":{"0":"post-160133","1":"product","2":"type-product","3":"status-publish","4":"has-post-thumbnail","6":"countries-by","7":"countries-cu","8":"countries-ir","9":"countries-it","10":"countries-nl","11":"countries-kp","12":"countries-ru","13":"countries-sy","14":"product_cat-aeronautique-aerospatial-defense","15":"product_cat-batiment","16":"product_cat-energie","17":"product_cat-agroalimentaire","18":"product_cat-sante-bien-etre","19":"product_cat-autres-industries","20":"product_cat-climatisation","21":"product_cat-chauffage","22":"product_cat-orc-cycle-organique-de-rankine","23":"product_cat-refrigeration-fr","24":"product_cat-detection-fixe","25":"pa_packaging-unite-fr-25","27":"first","28":"instock","29":"shipping-taxable","30":"purchasable","31":"product-type-variable"},"_links":{"self":[{"href":"https:\/\/climalife.com\/fr\/wp-json\/wp\/v2\/product\/160133","targetHints":{"allow":["GET"]}}],"collection":[{"href":"https:\/\/climalife.com\/fr\/wp-json\/wp\/v2\/product"}],"about":[{"href":"https:\/\/climalife.com\/fr\/wp-json\/wp\/v2\/types\/product"}],"replies":[{"embeddable":true,"href":"https:\/\/climalife.com\/fr\/wp-json\/wp\/v2\/comments?post=160133"}],"wp:featuredmedia":[{"embeddable":true,"href":"https:\/\/climalife.com\/fr\/wp-json\/wp\/v2\/media\/131265"}],"wp:attachment":[{"href":"https:\/\/climalife.com\/fr\/wp-json\/wp\/v2\/media?parent=160133"}],"wp:term":[{"taxonomy":"countries","embeddable":true,"href":"https:\/\/climalife.com\/fr\/wp-json\/wp\/v2\/countries?post=160133"},{"taxonomy":"product_brand","embeddable":true,"href":"https:\/\/climalife.com\/fr\/wp-json\/wp\/v2\/product_brand?post=160133"},{"taxonomy":"product_cat","embeddable":true,"href":"https:\/\/climalife.com\/fr\/wp-json\/wp\/v2\/product_cat?post=160133"},{"taxonomy":"product_tag","embeddable":true,"href":"https:\/\/climalife.com\/fr\/wp-json\/wp\/v2\/product_tag?post=160133"}],"curies":[{"name":"wp","href":"https:\/\/api.w.org\/{rel}","templated":true}]}}