{"id":160244,"date":"2022-09-28T17:40:33","date_gmt":"2022-09-28T17:40:33","guid":{"rendered":"http:\/\/climalife.com\/product\/mobil-gargoyle-arctic-68-nh\/"},"modified":"2024-02-05T16:14:22","modified_gmt":"2024-02-05T16:14:22","slug":"huile-minerale-mobil-gargoyle-arctic-68-nh","status":"publish","type":"product","link":"https:\/\/climalife.com\/fr\/product\/huile-minerale-mobil-gargoyle-arctic-68-nh\/","title":{"rendered":"MOBIL GARGOYLE ARCTIC 68 NH"},"content":{"rendered":"<p><strong>Caract\u00e9ristiques et avantages<\/strong><br \/>\n&#8211; Faible volatilit\u00e9 permettant de r\u00e9duire la consommation d&#8217;huile (r\u00e9duction du nombre d&#8217;appoints) en limitant la fluidification de l&#8217;huile suite au fractionnement<br \/>\n&#8211; Faible viscosit\u00e9 Brookfield contribuant au bon \u00e9coulement de l&#8217;huile et \u00e0 son bon retour de l&#8217;\u00e9vaporateur<br \/>\n&#8211; Protection de la surface permettant de prolonger la dur\u00e9e de vie des \u00e9quipements, r\u00e9duction des co\u00fbts de r\u00e9paration<br \/>\n&#8211; Indice de viscosit\u00e9 \u00e9lev\u00e9 permettant une bonne lubrification du compresseur sur une large plage de temp\u00e9ratures de service<br \/>\n&#8211; Compatibilit\u00e9 du fluide frigorig\u00e8ne contribuant \u00e0 une bonne s\u00e9paration (tr\u00e8s faible miscibilit\u00e9 avec le NH3)<\/p>\n","protected":false},"excerpt":{"rendered":"<p>L&#8217;huile min\u00e9rale Mobil Gargoyle Arctic 68 NH est une huile haute performance sp\u00e9cialement con\u00e7ue pour la lubrification des compresseurs frigorifiques \u00e0 piston et \u00e0 vis utilisant de l&#8217;ammoniac (NH3, R-717). Elle est formul\u00e9e \u00e0 partir d&#8217;huile de base paraffinique min\u00e9rale de haute qualit\u00e9 qui pr\u00e9sente une excellente performance \u00e0 basse temp\u00e9rature, une faible volatilit\u00e9 et une bonne stabilit\u00e9 thermique.<\/p>\n","protected":false},"featured_media":125010,"comment_status":"open","ping_status":"closed","template":"","meta":[],"countries":[4674,4709,4756,4813,4831,4862],"product_brand":[],"product_cat":[9981,9936,9963,9990,13091,13125,9343],"product_tag":[],"class_list":{"0":"post-160244","1":"product","2":"type-product","3":"status-publish","4":"has-post-thumbnail","6":"countries-by","7":"countries-cu","8":"countries-ir","9":"countries-kp","10":"countries-ru","11":"countries-sy","12":"product_cat-aeronautique-aerospatial-defense","13":"product_cat-agroalimentaire","14":"product_cat-sante-bien-etre","15":"product_cat-autres-industries","16":"product_cat-chauffage","17":"product_cat-refrigeration-fr","18":"product_cat-les-huiles-minerales","19":"pa_packaging-fut-208-l-fr-49","21":"first","22":"instock","23":"shipping-taxable","24":"purchasable","25":"product-type-variable"},"_links":{"self":[{"href":"https:\/\/climalife.com\/fr\/wp-json\/wp\/v2\/product\/160244","targetHints":{"allow":["GET"]}}],"collection":[{"href":"https:\/\/climalife.com\/fr\/wp-json\/wp\/v2\/product"}],"about":[{"href":"https:\/\/climalife.com\/fr\/wp-json\/wp\/v2\/types\/product"}],"replies":[{"embeddable":true,"href":"https:\/\/climalife.com\/fr\/wp-json\/wp\/v2\/comments?post=160244"}],"wp:featuredmedia":[{"embeddable":true,"href":"https:\/\/climalife.com\/fr\/wp-json\/wp\/v2\/media\/125010"}],"wp:attachment":[{"href":"https:\/\/climalife.com\/fr\/wp-json\/wp\/v2\/media?parent=160244"}],"wp:term":[{"taxonomy":"countries","embeddable":true,"href":"https:\/\/climalife.com\/fr\/wp-json\/wp\/v2\/countries?post=160244"},{"taxonomy":"product_brand","embeddable":true,"href":"https:\/\/climalife.com\/fr\/wp-json\/wp\/v2\/product_brand?post=160244"},{"taxonomy":"product_cat","embeddable":true,"href":"https:\/\/climalife.com\/fr\/wp-json\/wp\/v2\/product_cat?post=160244"},{"taxonomy":"product_tag","embeddable":true,"href":"https:\/\/climalife.com\/fr\/wp-json\/wp\/v2\/product_tag?post=160244"}],"curies":[{"name":"wp","href":"https:\/\/api.w.org\/{rel}","templated":true}]}}