{"id":160288,"date":"2022-09-28T17:41:09","date_gmt":"2022-09-28T17:41:09","guid":{"rendered":"http:\/\/climalife.com\/product\/detecteur-de-fuite-a-poste-fixe-mgs-550\/"},"modified":"2024-07-11T07:58:55","modified_gmt":"2024-07-11T07:58:55","slug":"detecteur-de-fuite-a-poste-fixe-mgs-550","status":"publish","type":"product","link":"https:\/\/climalife.com\/fr\/product\/detecteur-de-fuite-a-poste-fixe-mgs-550\/","title":{"rendered":"D\u00e9tecteur de fuite \u00e0 poste fixe MGS 550"},"content":{"rendered":"","protected":false},"excerpt":{"rendered":"<p>Contr\u00f4leur d&#8217;ambiance MGS 550 de la marque Bacharach est un d\u00e9tecteur de fuite \u00e0 poste fixe pour fluides frigorig\u00e8nes, et de gaz toxiques, combustibles, et oxyg\u00e8ne. Il est recommand\u00e9 pour la d\u00e9tection des fluides frigorig\u00e8nes pour les installations de climatisation et de r\u00e9frig\u00e9ration (chiller, GMS, froid industriel).<\/p>\n","protected":false},"featured_media":131103,"comment_status":"open","ping_status":"closed","template":"","meta":[],"countries":[4674,4709,4756,4760,4804,4813,4831,4862],"product_brand":[],"product_cat":[9981,9936,9990,9945,13091,13056,9262,9954,13109,13125,9963],"product_tag":[],"class_list":{"0":"post-160288","1":"product","2":"type-product","3":"status-publish","4":"has-post-thumbnail","6":"countries-by","7":"countries-cu","8":"countries-ir","9":"countries-it","10":"countries-nl","11":"countries-kp","12":"countries-ru","13":"countries-sy","14":"product_cat-aeronautique-aerospatial-defense","15":"product_cat-agroalimentaire","16":"product_cat-autres-industries","17":"product_cat-batiment","18":"product_cat-chauffage","19":"product_cat-climatisation","20":"product_cat-detection-fixe","21":"product_cat-energie","22":"product_cat-orc-cycle-organique-de-rankine","23":"product_cat-refrigeration-fr","24":"product_cat-sante-bien-etre","25":"pa_packaging-unite-fr-25","27":"first","28":"instock","29":"shipping-taxable","30":"purchasable","31":"product-type-variable"},"_links":{"self":[{"href":"https:\/\/climalife.com\/fr\/wp-json\/wp\/v2\/product\/160288","targetHints":{"allow":["GET"]}}],"collection":[{"href":"https:\/\/climalife.com\/fr\/wp-json\/wp\/v2\/product"}],"about":[{"href":"https:\/\/climalife.com\/fr\/wp-json\/wp\/v2\/types\/product"}],"replies":[{"embeddable":true,"href":"https:\/\/climalife.com\/fr\/wp-json\/wp\/v2\/comments?post=160288"}],"wp:featuredmedia":[{"embeddable":true,"href":"https:\/\/climalife.com\/fr\/wp-json\/wp\/v2\/media\/131103"}],"wp:attachment":[{"href":"https:\/\/climalife.com\/fr\/wp-json\/wp\/v2\/media?parent=160288"}],"wp:term":[{"taxonomy":"countries","embeddable":true,"href":"https:\/\/climalife.com\/fr\/wp-json\/wp\/v2\/countries?post=160288"},{"taxonomy":"product_brand","embeddable":true,"href":"https:\/\/climalife.com\/fr\/wp-json\/wp\/v2\/product_brand?post=160288"},{"taxonomy":"product_cat","embeddable":true,"href":"https:\/\/climalife.com\/fr\/wp-json\/wp\/v2\/product_cat?post=160288"},{"taxonomy":"product_tag","embeddable":true,"href":"https:\/\/climalife.com\/fr\/wp-json\/wp\/v2\/product_tag?post=160288"}],"curies":[{"name":"wp","href":"https:\/\/api.w.org\/{rel}","templated":true}]}}