{"id":160360,"date":"2022-09-28T17:41:50","date_gmt":"2022-09-28T17:41:50","guid":{"rendered":"http:\/\/climalife.com\/product\/flexible-nh3-5-m\/"},"modified":"2024-01-25T13:53:31","modified_gmt":"2024-01-25T13:53:31","slug":"flexible-nh3-5-m","status":"publish","type":"product","link":"https:\/\/climalife.com\/fr\/product\/flexible-nh3-5-m\/","title":{"rendered":"Flexible NH3 5 m"},"content":{"rendered":"<p>Soumis \u00e0 r\u00e9-\u00e9preuve.<\/p>\n<p>Raccord : Type C 21,7 x 1,814 pas \u00e0 droite.<\/p>\n","protected":false},"excerpt":{"rendered":"<p>Flexible sp\u00e9cifique pour NH3 avec vanne 1\/4 de tour, connectables entre eux.<\/p>\n","protected":false},"featured_media":109098,"comment_status":"open","ping_status":"closed","template":"","meta":[],"countries":[4674,4709,4756,4813,4831,4862],"product_brand":[],"product_cat":[13257],"product_tag":[],"class_list":{"0":"post-160360","1":"product","2":"type-product","3":"status-publish","4":"has-post-thumbnail","6":"countries-by","7":"countries-cu","8":"countries-ir","9":"countries-kp","10":"countries-ru","11":"countries-sy","12":"product_cat-recuperation-des-fluides-frigorigenes","13":"pa_packaging-unite-fr-25","15":"first","16":"instock","17":"shipping-taxable","18":"product-type-variable"},"_links":{"self":[{"href":"https:\/\/climalife.com\/fr\/wp-json\/wp\/v2\/product\/160360","targetHints":{"allow":["GET"]}}],"collection":[{"href":"https:\/\/climalife.com\/fr\/wp-json\/wp\/v2\/product"}],"about":[{"href":"https:\/\/climalife.com\/fr\/wp-json\/wp\/v2\/types\/product"}],"replies":[{"embeddable":true,"href":"https:\/\/climalife.com\/fr\/wp-json\/wp\/v2\/comments?post=160360"}],"wp:featuredmedia":[{"embeddable":true,"href":"https:\/\/climalife.com\/fr\/wp-json\/wp\/v2\/media\/109098"}],"wp:attachment":[{"href":"https:\/\/climalife.com\/fr\/wp-json\/wp\/v2\/media?parent=160360"}],"wp:term":[{"taxonomy":"countries","embeddable":true,"href":"https:\/\/climalife.com\/fr\/wp-json\/wp\/v2\/countries?post=160360"},{"taxonomy":"product_brand","embeddable":true,"href":"https:\/\/climalife.com\/fr\/wp-json\/wp\/v2\/product_brand?post=160360"},{"taxonomy":"product_cat","embeddable":true,"href":"https:\/\/climalife.com\/fr\/wp-json\/wp\/v2\/product_cat?post=160360"},{"taxonomy":"product_tag","embeddable":true,"href":"https:\/\/climalife.com\/fr\/wp-json\/wp\/v2\/product_tag?post=160360"}],"curies":[{"name":"wp","href":"https:\/\/api.w.org\/{rel}","templated":true}]}}