{"id":160429,"date":"2022-09-28T17:42:14","date_gmt":"2022-09-28T17:42:14","guid":{"rendered":"http:\/\/climalife.com\/product\/hq-poe-by-climalife\/"},"modified":"2025-11-26T08:25:24","modified_gmt":"2025-11-26T08:25:24","slug":"hq-poe-by-climalife","status":"publish","type":"product","link":"https:\/\/climalife.com\/fr\/product\/hq-poe-by-climalife\/","title":{"rendered":"HQ POE S\u00e9rie"},"content":{"rendered":"<p><span class=\"TextRun SCXP118334767 BCX2\" lang=\"FR-FR\" xml:lang=\"FR-FR\" data-usefontface=\"false\" data-contrast=\"none\"><span class=\"NormalTextRun SCXP118334767 BCX2\">Elles sont destin\u00e9es aux applications de r\u00e9frig\u00e9ration et de <\/span><\/span><span class=\"TextRun SCXP118334767 BCX2\" lang=\"FR-FR\" xml:lang=\"FR-FR\" data-usefontface=\"false\" data-contrast=\"none\"><span class=\"NormalTextRun SCXP118334767 BCX2\">climatisation utilisant les HFC, les HFO, et les m\u00e9langes <\/span><\/span><span class=\"TextRun SCXP118334767 BCX2\" lang=\"FR-FR\" xml:lang=\"FR-FR\" data-usefontface=\"false\" data-contrast=\"none\"><span class=\"NormalTextRun SCXP118334767 BCX2\">HFC\/HFO.<\/span><\/span><\/p>\n","protected":false},"excerpt":{"rendered":"<p><span class=\"TextRun SCXP1202718 BCX2\" lang=\"FR-FR\" xml:lang=\"FR-FR\" data-usefontface=\"false\" data-contrast=\"none\"><span class=\"NormalTextRun SCXP1202718 BCX2\">Les huiles Climalife HQ POE sont des huiles <\/span><\/span><span class=\"TextRun SpellingErrorZoomed SCXP1202718 BCX2\" lang=\"FR-FR\" xml:lang=\"FR-FR\" data-usefontface=\"false\" data-contrast=\"none\"><span class=\"SCXP1202718 BCX2\">polyolester<\/span><\/span> <span class=\"TextRun SCXP1202718 BCX2\" lang=\"FR-FR\" xml:lang=\"FR-FR\" data-usefontface=\"false\" data-contrast=\"none\"><span class=\"NormalTextRun SCXP1202718 BCX2\">sp\u00e9cialement formul\u00e9es pour la lubrification des <\/span><\/span><span class=\"TextRun SCXP1202718 BCX2\" lang=\"FR-FR\" xml:lang=\"FR-FR\" data-usefontface=\"false\" data-contrast=\"none\"><span class=\"NormalTextRun SCXP1202718 BCX2\">compresseurs frigorifiques. Elles sont disponibles en <\/span><\/span><span class=\"TextRun SCXP1202718 BCX2\" lang=\"FR-FR\" xml:lang=\"FR-FR\" data-usefontface=\"false\" data-contrast=\"none\"><span class=\"NormalTextRun SCXP1202718 BCX2\">plusieurs grades de viscosit\u00e9.<\/span><\/span><\/p>\n","protected":false},"featured_media":225235,"comment_status":"open","ping_status":"closed","template":"","meta":[],"countries":[4674,4709,4756,4813,4831,4862],"product_brand":[],"product_cat":[9981,9972,9945,9936,9963,9990,13056,13091,13125,13419],"product_tag":[],"class_list":{"0":"post-160429","1":"product","2":"type-product","3":"status-publish","4":"has-post-thumbnail","6":"countries-by","7":"countries-cu","8":"countries-ir","9":"countries-kp","10":"countries-ru","11":"countries-sy","12":"product_cat-aeronautique-aerospatial-defense","13":"product_cat-automobile-transport","14":"product_cat-batiment","15":"product_cat-agroalimentaire","16":"product_cat-sante-bien-etre","17":"product_cat-autres-industries","18":"product_cat-climatisation","19":"product_cat-chauffage","20":"product_cat-refrigeration-fr","21":"product_cat-poe-fr","22":"pa_packaging-bidon-1-l-fr-63","23":"pa_packaging-bidon-20-l-fr-174","24":"pa_packaging-bidon-5-l-fr-35","26":"first","27":"instock","28":"shipping-taxable","29":"purchasable","30":"product-type-variable"},"_links":{"self":[{"href":"https:\/\/climalife.com\/fr\/wp-json\/wp\/v2\/product\/160429","targetHints":{"allow":["GET"]}}],"collection":[{"href":"https:\/\/climalife.com\/fr\/wp-json\/wp\/v2\/product"}],"about":[{"href":"https:\/\/climalife.com\/fr\/wp-json\/wp\/v2\/types\/product"}],"replies":[{"embeddable":true,"href":"https:\/\/climalife.com\/fr\/wp-json\/wp\/v2\/comments?post=160429"}],"wp:featuredmedia":[{"embeddable":true,"href":"https:\/\/climalife.com\/fr\/wp-json\/wp\/v2\/media\/225235"}],"wp:attachment":[{"href":"https:\/\/climalife.com\/fr\/wp-json\/wp\/v2\/media?parent=160429"}],"wp:term":[{"taxonomy":"countries","embeddable":true,"href":"https:\/\/climalife.com\/fr\/wp-json\/wp\/v2\/countries?post=160429"},{"taxonomy":"product_brand","embeddable":true,"href":"https:\/\/climalife.com\/fr\/wp-json\/wp\/v2\/product_brand?post=160429"},{"taxonomy":"product_cat","embeddable":true,"href":"https:\/\/climalife.com\/fr\/wp-json\/wp\/v2\/product_cat?post=160429"},{"taxonomy":"product_tag","embeddable":true,"href":"https:\/\/climalife.com\/fr\/wp-json\/wp\/v2\/product_tag?post=160429"}],"curies":[{"name":"wp","href":"https:\/\/api.w.org\/{rel}","templated":true}]}}