{"id":161021,"date":"2022-09-28T17:46:46","date_gmt":"2022-09-28T17:46:46","guid":{"rendered":"http:\/\/climalife.com\/product\/propane-r-290\/"},"modified":"2025-01-08T14:12:38","modified_gmt":"2025-01-08T14:12:38","slug":"propane-r-290","status":"publish","type":"product","link":"https:\/\/climalife.com\/fr\/product\/propane-r-290\/","title":{"rendered":"Propane R-290"},"content":{"rendered":"<p>Consulter la norme EN-378 pour ses conditions d&#8217;utilisation en application froid.<\/p>\n","protected":false},"excerpt":{"rendered":"<p>Le R-290 est un fluide frigorig\u00e8ne de type hydrocarbure, class\u00e9 inflammable, utilis\u00e9 en remplacement du R-22.<\/p>\n","protected":false},"featured_media":108279,"comment_status":"open","ping_status":"closed","template":"","meta":[],"countries":[4674,4709,4756,4813,4831,4862],"product_brand":[],"product_cat":[9936,9990,9945,13091,13056,9774,13125,9963],"product_tag":[],"class_list":{"0":"post-161021","1":"product","2":"type-product","3":"status-publish","4":"has-post-thumbnail","6":"countries-by","7":"countries-cu","8":"countries-ir","9":"countries-kp","10":"countries-ru","11":"countries-sy","12":"product_cat-agroalimentaire","13":"product_cat-autres-industries","14":"product_cat-batiment","15":"product_cat-chauffage","16":"product_cat-climatisation","17":"product_cat-hydrocarbures-fr-31","18":"product_cat-refrigeration-fr","19":"product_cat-sante-bien-etre","20":"pa_packaging-bouteille-1-l-fr-241","21":"pa_packaging-bouteille-27-l-fr-34","23":"first","24":"instock","25":"shipping-taxable","26":"purchasable","27":"product-type-variable"},"_links":{"self":[{"href":"https:\/\/climalife.com\/fr\/wp-json\/wp\/v2\/product\/161021","targetHints":{"allow":["GET"]}}],"collection":[{"href":"https:\/\/climalife.com\/fr\/wp-json\/wp\/v2\/product"}],"about":[{"href":"https:\/\/climalife.com\/fr\/wp-json\/wp\/v2\/types\/product"}],"replies":[{"embeddable":true,"href":"https:\/\/climalife.com\/fr\/wp-json\/wp\/v2\/comments?post=161021"}],"wp:featuredmedia":[{"embeddable":true,"href":"https:\/\/climalife.com\/fr\/wp-json\/wp\/v2\/media\/108279"}],"wp:attachment":[{"href":"https:\/\/climalife.com\/fr\/wp-json\/wp\/v2\/media?parent=161021"}],"wp:term":[{"taxonomy":"countries","embeddable":true,"href":"https:\/\/climalife.com\/fr\/wp-json\/wp\/v2\/countries?post=161021"},{"taxonomy":"product_brand","embeddable":true,"href":"https:\/\/climalife.com\/fr\/wp-json\/wp\/v2\/product_brand?post=161021"},{"taxonomy":"product_cat","embeddable":true,"href":"https:\/\/climalife.com\/fr\/wp-json\/wp\/v2\/product_cat?post=161021"},{"taxonomy":"product_tag","embeddable":true,"href":"https:\/\/climalife.com\/fr\/wp-json\/wp\/v2\/product_tag?post=161021"}],"curies":[{"name":"wp","href":"https:\/\/api.w.org\/{rel}","templated":true}]}}