{"id":161039,"date":"2022-09-28T17:46:54","date_gmt":"2022-09-28T17:46:54","guid":{"rendered":"http:\/\/climalife.com\/product\/isobutane-r-600a\/"},"modified":"2024-03-20T07:59:08","modified_gmt":"2024-03-20T07:59:08","slug":"isobutane-r-600a","status":"publish","type":"product","link":"https:\/\/climalife.com\/fr\/product\/isobutane-r-600a\/","title":{"rendered":"Isobutane R-600a"},"content":{"rendered":"<p>Consulter la norme EN-378 pour ses conditions d&#8217;utilisation en application froid.<\/p>\n","protected":false},"excerpt":{"rendered":"<p>Le R-600a est un fluide frigorig\u00e8ne hydrocarbure, class\u00e9 inflammable, utilis\u00e9 en remplacement du R-12.<\/p>\n","protected":false},"featured_media":131913,"comment_status":"open","ping_status":"closed","template":"","meta":[],"countries":[4674,4709,4756,4813,4831,4862],"product_brand":[],"product_cat":[9936,9963,9990,13125,9774],"product_tag":[],"class_list":{"0":"post-161039","1":"product","2":"type-product","3":"status-publish","4":"has-post-thumbnail","6":"countries-by","7":"countries-cu","8":"countries-ir","9":"countries-kp","10":"countries-ru","11":"countries-sy","12":"product_cat-agroalimentaire","13":"product_cat-sante-bien-etre","14":"product_cat-autres-industries","15":"product_cat-refrigeration-fr","16":"product_cat-hydrocarbures-fr-31","17":"pa_packaging-boitier-fr-128","18":"pa_packaging-bouteille-27-l-fr-34","20":"first","21":"instock","22":"shipping-taxable","23":"purchasable","24":"product-type-variable"},"_links":{"self":[{"href":"https:\/\/climalife.com\/fr\/wp-json\/wp\/v2\/product\/161039","targetHints":{"allow":["GET"]}}],"collection":[{"href":"https:\/\/climalife.com\/fr\/wp-json\/wp\/v2\/product"}],"about":[{"href":"https:\/\/climalife.com\/fr\/wp-json\/wp\/v2\/types\/product"}],"replies":[{"embeddable":true,"href":"https:\/\/climalife.com\/fr\/wp-json\/wp\/v2\/comments?post=161039"}],"wp:featuredmedia":[{"embeddable":true,"href":"https:\/\/climalife.com\/fr\/wp-json\/wp\/v2\/media\/131913"}],"wp:attachment":[{"href":"https:\/\/climalife.com\/fr\/wp-json\/wp\/v2\/media?parent=161039"}],"wp:term":[{"taxonomy":"countries","embeddable":true,"href":"https:\/\/climalife.com\/fr\/wp-json\/wp\/v2\/countries?post=161039"},{"taxonomy":"product_brand","embeddable":true,"href":"https:\/\/climalife.com\/fr\/wp-json\/wp\/v2\/product_brand?post=161039"},{"taxonomy":"product_cat","embeddable":true,"href":"https:\/\/climalife.com\/fr\/wp-json\/wp\/v2\/product_cat?post=161039"},{"taxonomy":"product_tag","embeddable":true,"href":"https:\/\/climalife.com\/fr\/wp-json\/wp\/v2\/product_tag?post=161039"}],"curies":[{"name":"wp","href":"https:\/\/api.w.org\/{rel}","templated":true}]}}