{"id":161063,"date":"2022-09-28T17:47:01","date_gmt":"2022-09-28T17:47:01","guid":{"rendered":"http:\/\/climalife.com\/product\/ammoniac-r-717\/"},"modified":"2025-03-07T16:02:58","modified_gmt":"2025-03-07T16:02:58","slug":"ammoniac-r-717","status":"publish","type":"product","link":"https:\/\/climalife.com\/fr\/product\/ammoniac-r-717\/","title":{"rendered":"Ammoniac (R-717)"},"content":{"rendered":"<p>Il est employ\u00e9 aussi bien dans les syst\u00e8mes \u00e0 absorption que dans les syst\u00e8mes \u00e0 compression, principalement pour des installations \u00e0 caract\u00e8re industriel, avec des compresseurs \u00e0 piston et \u00e0 vis.<\/p>\n","protected":false},"excerpt":{"rendered":"<p>L&#8217;ammoniac (NH<sub>3<\/sub>) est un fluide frigorig\u00e8ne de type L2 (toxique) dont la mise en \u0153uvre dans les installations ainsi que le transport requi\u00e8rent de respecter un certain nombre de normes de s\u00e9curit\u00e9 et r\u00e8glements.<\/p>\n","protected":false},"featured_media":107964,"comment_status":"open","ping_status":"closed","template":"","meta":[],"countries":[4674,4709,4756,4813,4831,4854,4862],"product_brand":[],"product_cat":[9936,9990,13091,13125,9747],"product_tag":[],"class_list":{"0":"post-161063","1":"product","2":"type-product","3":"status-publish","4":"has-post-thumbnail","6":"countries-by","7":"countries-cu","8":"countries-ir","9":"countries-kp","10":"countries-ru","11":"countries-es","12":"countries-sy","13":"product_cat-agroalimentaire","14":"product_cat-autres-industries","15":"product_cat-chauffage","16":"product_cat-refrigeration-fr","17":"product_cat-ammoniac","18":"pa_packaging-bouteille-88-l-fr-122","19":"pa_packaging-bouteille-88-l-avec-tube-plongeur","20":"pa_packaging-conteneur-930-l-fr-76","22":"first","23":"instock","24":"shipping-taxable","25":"purchasable","26":"product-type-variable"},"_links":{"self":[{"href":"https:\/\/climalife.com\/fr\/wp-json\/wp\/v2\/product\/161063","targetHints":{"allow":["GET"]}}],"collection":[{"href":"https:\/\/climalife.com\/fr\/wp-json\/wp\/v2\/product"}],"about":[{"href":"https:\/\/climalife.com\/fr\/wp-json\/wp\/v2\/types\/product"}],"replies":[{"embeddable":true,"href":"https:\/\/climalife.com\/fr\/wp-json\/wp\/v2\/comments?post=161063"}],"wp:featuredmedia":[{"embeddable":true,"href":"https:\/\/climalife.com\/fr\/wp-json\/wp\/v2\/media\/107964"}],"wp:attachment":[{"href":"https:\/\/climalife.com\/fr\/wp-json\/wp\/v2\/media?parent=161063"}],"wp:term":[{"taxonomy":"countries","embeddable":true,"href":"https:\/\/climalife.com\/fr\/wp-json\/wp\/v2\/countries?post=161063"},{"taxonomy":"product_brand","embeddable":true,"href":"https:\/\/climalife.com\/fr\/wp-json\/wp\/v2\/product_brand?post=161063"},{"taxonomy":"product_cat","embeddable":true,"href":"https:\/\/climalife.com\/fr\/wp-json\/wp\/v2\/product_cat?post=161063"},{"taxonomy":"product_tag","embeddable":true,"href":"https:\/\/climalife.com\/fr\/wp-json\/wp\/v2\/product_tag?post=161063"}],"curies":[{"name":"wp","href":"https:\/\/api.w.org\/{rel}","templated":true}]}}