{"id":161144,"date":"2022-09-28T17:47:23","date_gmt":"2022-09-28T17:47:23","guid":{"rendered":"http:\/\/climalife.com\/product\/bitzer-b-5-2\/"},"modified":"2024-01-25T13:53:24","modified_gmt":"2024-01-25T13:53:24","slug":"bitzer-b-5-2","status":"publish","type":"product","link":"https:\/\/climalife.com\/fr\/product\/bitzer-b-5-2\/","title":{"rendered":"Bitzer B 5.2"},"content":{"rendered":"<p>Les compresseurs \u00e0 scroll BITZER pour fluides frigorig\u00e8nes HCFC (R-22) sont charg\u00e9s d&#8217;origine avec de l&#8217;huile sp\u00e9ciale pour machines frigorifiques du type Bitzer B5.2<\/p>\n","protected":false},"excerpt":{"rendered":"<p>Huile frigorifique pour compresseurs \u00e0 scroll.<\/p>\n","protected":false},"featured_media":108189,"comment_status":"open","ping_status":"closed","template":"","meta":[],"countries":[4674,4709,4756,4813,4831,4862],"product_brand":[],"product_cat":[13428,9981,9936,9972,9990,9945,13091,13056,9954,13125,9963],"product_tag":[],"class_list":{"0":"post-161144","1":"product","2":"type-product","3":"status-publish","4":"has-post-thumbnail","6":"countries-by","7":"countries-cu","8":"countries-ir","9":"countries-kp","10":"countries-ru","11":"countries-sy","12":"product_cat-ab-fr","13":"product_cat-aeronautique-aerospatial-defense","14":"product_cat-agroalimentaire","15":"product_cat-automobile-transport","16":"product_cat-autres-industries","17":"product_cat-batiment","18":"product_cat-chauffage","19":"product_cat-climatisation","20":"product_cat-energie","21":"product_cat-refrigeration-fr","22":"product_cat-sante-bien-etre","23":"pa_packaging-bidon-5-l-fr-35","25":"first","26":"instock","27":"shipping-taxable","28":"purchasable","29":"product-type-variable"},"_links":{"self":[{"href":"https:\/\/climalife.com\/fr\/wp-json\/wp\/v2\/product\/161144","targetHints":{"allow":["GET"]}}],"collection":[{"href":"https:\/\/climalife.com\/fr\/wp-json\/wp\/v2\/product"}],"about":[{"href":"https:\/\/climalife.com\/fr\/wp-json\/wp\/v2\/types\/product"}],"replies":[{"embeddable":true,"href":"https:\/\/climalife.com\/fr\/wp-json\/wp\/v2\/comments?post=161144"}],"wp:featuredmedia":[{"embeddable":true,"href":"https:\/\/climalife.com\/fr\/wp-json\/wp\/v2\/media\/108189"}],"wp:attachment":[{"href":"https:\/\/climalife.com\/fr\/wp-json\/wp\/v2\/media?parent=161144"}],"wp:term":[{"taxonomy":"countries","embeddable":true,"href":"https:\/\/climalife.com\/fr\/wp-json\/wp\/v2\/countries?post=161144"},{"taxonomy":"product_brand","embeddable":true,"href":"https:\/\/climalife.com\/fr\/wp-json\/wp\/v2\/product_brand?post=161144"},{"taxonomy":"product_cat","embeddable":true,"href":"https:\/\/climalife.com\/fr\/wp-json\/wp\/v2\/product_cat?post=161144"},{"taxonomy":"product_tag","embeddable":true,"href":"https:\/\/climalife.com\/fr\/wp-json\/wp\/v2\/product_tag?post=161144"}],"curies":[{"name":"wp","href":"https:\/\/api.w.org\/{rel}","templated":true}]}}