{"id":161150,"date":"2022-09-28T17:47:31","date_gmt":"2022-09-28T17:47:31","guid":{"rendered":"http:\/\/climalife.com\/product\/r-1270-propylene\/"},"modified":"2024-01-25T13:53:24","modified_gmt":"2024-01-25T13:53:24","slug":"r-1270-propylene","status":"publish","type":"product","link":"https:\/\/climalife.com\/fr\/product\/r-1270-propylene\/","title":{"rendered":"R-1270 (Propyl\u00e8ne)"},"content":{"rendered":"<p>Le R-1270\u00a0s\u2019utilise avec une huile adapt\u00e9e \u00e0 la machine (min\u00e9rale, polyalphaol\u00e9phine, polyalkyl\u00e8neglycol, etc\u2026), il convient de v\u00e9rifier la viscosit\u00e9 de l\u2019huile retenue en fonction de l\u2019application et de la miscibilit\u00e9.<\/p>\n","protected":false},"excerpt":{"rendered":"<p>Le R-1270 (Propyl\u00e8ne) est un hydrocarbure class\u00e9 A3 (extr\u00eamement inflammable) destin\u00e9 aux applications de r\u00e9frig\u00e9ration industrielle.<\/p>\n","protected":false},"featured_media":131886,"comment_status":"open","ping_status":"closed","template":"","meta":[],"countries":[4674,4709,4756,4813,4831,4862],"product_brand":[],"product_cat":[9936,9990,13125,9774],"product_tag":[],"class_list":{"0":"post-161150","1":"product","2":"type-product","3":"status-publish","4":"has-post-thumbnail","6":"countries-by","7":"countries-cu","8":"countries-ir","9":"countries-kp","10":"countries-ru","11":"countries-sy","12":"product_cat-agroalimentaire","13":"product_cat-autres-industries","14":"product_cat-refrigeration-fr","15":"product_cat-hydrocarbures-fr-31","16":"pa_packaging-12-l-en-132","17":"pa_packaging-conteneur-930-l-fr-76","18":"pa_packaging-fut-112-l-en-350","19":"pa_packaging-fut-148-l-en-349","21":"first","22":"instock","23":"shipping-taxable","24":"purchasable","25":"product-type-variable"},"_links":{"self":[{"href":"https:\/\/climalife.com\/fr\/wp-json\/wp\/v2\/product\/161150","targetHints":{"allow":["GET"]}}],"collection":[{"href":"https:\/\/climalife.com\/fr\/wp-json\/wp\/v2\/product"}],"about":[{"href":"https:\/\/climalife.com\/fr\/wp-json\/wp\/v2\/types\/product"}],"replies":[{"embeddable":true,"href":"https:\/\/climalife.com\/fr\/wp-json\/wp\/v2\/comments?post=161150"}],"wp:featuredmedia":[{"embeddable":true,"href":"https:\/\/climalife.com\/fr\/wp-json\/wp\/v2\/media\/131886"}],"wp:attachment":[{"href":"https:\/\/climalife.com\/fr\/wp-json\/wp\/v2\/media?parent=161150"}],"wp:term":[{"taxonomy":"countries","embeddable":true,"href":"https:\/\/climalife.com\/fr\/wp-json\/wp\/v2\/countries?post=161150"},{"taxonomy":"product_brand","embeddable":true,"href":"https:\/\/climalife.com\/fr\/wp-json\/wp\/v2\/product_brand?post=161150"},{"taxonomy":"product_cat","embeddable":true,"href":"https:\/\/climalife.com\/fr\/wp-json\/wp\/v2\/product_cat?post=161150"},{"taxonomy":"product_tag","embeddable":true,"href":"https:\/\/climalife.com\/fr\/wp-json\/wp\/v2\/product_tag?post=161150"}],"curies":[{"name":"wp","href":"https:\/\/api.w.org\/{rel}","templated":true}]}}