{"id":161160,"date":"2022-09-28T17:47:38","date_gmt":"2022-09-28T17:47:38","guid":{"rendered":"http:\/\/climalife.com\/product\/fk-5-1-12\/"},"modified":"2026-02-20T12:56:57","modified_gmt":"2026-02-20T12:56:57","slug":"fk-5-1-12","status":"publish","type":"product","link":"https:\/\/climalife.com\/fr\/product\/fk-5-1-12\/","title":{"rendered":"FK-5-1-12"},"content":{"rendered":"<p>Ininflammable, il offre de nombreuses possibilit\u00e9s d\u2019utilisation dans les formulations qui requi\u00e8rent des exigences de s\u00e9curit\u00e9 (r\u00e9glementaire, environnement \u00e0 risques, milieu confin\u00e9).<\/p>\n<p>&nbsp;<\/p>\n<p>Sa mise en \u0153uvre ne n\u00e9cessite pas d\u2019investissement particulier en mati\u00e8re d\u2019installation de s\u00e9curit\u00e9 (ATEX). Il est efficace dans les environnements les plus d\u00e9licats, comme les data centers, les banques, les h\u00f4pitaux, mus\u00e9es etc.. o\u00f9 des biens de valeur pourraient \u00eatre endommag\u00e9s par la pulv\u00e9risation d\u2019un extincteur \u00e0 eau.<\/p>\n<p>&nbsp;<\/p>\n<p>Le FK-5-1-12 ne laisse aucun r\u00e9sidu sur les \u00e9quipements et poss\u00e8de un fort pouvoir di\u00e9lectrique. Face \u00e0 la r\u00e9duction progressive des HFC sur le march\u00e9, cet agent d\u2019extinction succ\u00e8de et se substitue parfaitement au R-227ea, en r\u00e9duisant consid\u00e9rablement son impact sur le r\u00e9chauffement climatique.<\/p>\n<p>&nbsp;<\/p>\n","protected":false},"excerpt":{"rendered":"<p>Le FK-5-1-12 est un gaz inhibiteur \u201cUL Recognized\u201d (EX16326) utilis\u00e9 pour les extincteurs et les syst\u00e8mes d\u2019extinction incendie.<\/p>\n<p>Sa composition, la c\u00e9tone fluor\u00e9e est une mol\u00e9cule qui permet de r\u00e9pondre \u00e0 la r\u00e9glementation F-Gaz gr\u00e2ce \u00e0 un GWP inf\u00e9rieur \u00e0 1, ce qui en fait un choix id\u00e9al pour ses acqu\u00e9reurs et pour la plan\u00e8te sur le long terme.<\/p>\n","protected":false},"featured_media":214668,"comment_status":"open","ping_status":"closed","template":"","meta":[],"countries":[4674,4709,4756,4813,4831,4862],"product_brand":[],"product_cat":[9981,9972,9990,9945,9954,9253,13082],"product_tag":[],"class_list":{"0":"post-161160","1":"product","2":"type-product","3":"status-publish","4":"has-post-thumbnail","6":"countries-by","7":"countries-cu","8":"countries-ir","9":"countries-kp","10":"countries-ru","11":"countries-sy","12":"product_cat-aeronautique-aerospatial-defense","13":"product_cat-automobile-transport","14":"product_cat-autres-industries","15":"product_cat-batiment","16":"product_cat-energie","17":"product_cat-fk","18":"product_cat-protection-incendie","19":"pa_packaging-fut-217-l-fr-30","21":"first","22":"instock","23":"shipping-taxable","24":"purchasable","25":"product-type-variable"},"_links":{"self":[{"href":"https:\/\/climalife.com\/fr\/wp-json\/wp\/v2\/product\/161160","targetHints":{"allow":["GET"]}}],"collection":[{"href":"https:\/\/climalife.com\/fr\/wp-json\/wp\/v2\/product"}],"about":[{"href":"https:\/\/climalife.com\/fr\/wp-json\/wp\/v2\/types\/product"}],"replies":[{"embeddable":true,"href":"https:\/\/climalife.com\/fr\/wp-json\/wp\/v2\/comments?post=161160"}],"wp:featuredmedia":[{"embeddable":true,"href":"https:\/\/climalife.com\/fr\/wp-json\/wp\/v2\/media\/214668"}],"wp:attachment":[{"href":"https:\/\/climalife.com\/fr\/wp-json\/wp\/v2\/media?parent=161160"}],"wp:term":[{"taxonomy":"countries","embeddable":true,"href":"https:\/\/climalife.com\/fr\/wp-json\/wp\/v2\/countries?post=161160"},{"taxonomy":"product_brand","embeddable":true,"href":"https:\/\/climalife.com\/fr\/wp-json\/wp\/v2\/product_brand?post=161160"},{"taxonomy":"product_cat","embeddable":true,"href":"https:\/\/climalife.com\/fr\/wp-json\/wp\/v2\/product_cat?post=161160"},{"taxonomy":"product_tag","embeddable":true,"href":"https:\/\/climalife.com\/fr\/wp-json\/wp\/v2\/product_tag?post=161160"}],"curies":[{"name":"wp","href":"https:\/\/api.w.org\/{rel}","templated":true}]}}