{"id":161172,"date":"2022-09-28T17:47:46","date_gmt":"2022-09-28T17:47:46","guid":{"rendered":"http:\/\/climalife.com\/product\/greenway-neo-heat-pump-n-pret-a-lemploi\/"},"modified":"2025-12-11T09:04:46","modified_gmt":"2025-12-11T09:04:46","slug":"greenway-neo-heat-pump-n-pret-a-lemploi","status":"publish","type":"product","link":"https:\/\/climalife.com\/fr\/product\/greenway-neo-heat-pump-n-pret-a-lemploi\/","title":{"rendered":"Greenway\u00ae Neo Heat Pump N pr\u00eat \u00e0 l&#8217;emploi"},"content":{"rendered":"<p>La mati\u00e8re premi\u00e8re d\u2019origine v\u00e9g\u00e9tale 1,3-propanediol utilis\u00e9e diminue fortement le risque de pollution des sols et de l\u2019atmosph\u00e8re en cas de fuite.<\/p>\n<p>Ce caloporteur est :<\/p>\n<p><span class=\"wdg-select-all-ok\">\u2022<\/span><span class=\"wdg-select-all-ok\"> \u00a0 <\/span>Biod\u00e9gradable<\/p>\n<p><span class=\"wdg-select-all-ok\">\u2022<\/span><span class=\"wdg-select-all-ok\"> \u00a0 <\/span>Bact\u00e9riostatique<\/p>\n<p><span class=\"wdg-select-all-ok\">\u2022<\/span><span class=\"wdg-select-all-ok\"> \u00a0 <\/span>Compos\u00e9 d\u2019inhibiteurs hybrides performants<\/p>\n<p>La formule contient un am\u00e9risant, selon l\u2019Arr\u00eat\u00e9 fran\u00e7ais du 14 janvier 2019 relatif aux conditions de mise sur le march\u00e9 des produits dans les installations utilis\u00e9es pour le traitement thermique d&#8217;eaux destin\u00e9es \u00e0 la consommation humaine (EDCH).<\/p>\n","protected":false},"excerpt":{"rendered":"<p>Greenway<sup>\u00ae<\/sup> Neo Heat Pump N est un caloporteur pr\u00eat \u00e0 l&#8217;emploi \u00e0 base v\u00e9g\u00e9tale (1,3-propanediol) et inhibiteurs de corrosion, sp\u00e9cifiquement adapt\u00e9 pour les pompes \u00e0 chaleur g\u00e9othermiques (capteurs enterr\u00e9s) et a\u00e9rothermiques Air \/ Eau.<\/p>\n<p>Greenway<sup>\u00ae<\/sup> Neo Heat Pump N prot\u00e8ge contre le gel et contre la formation de boues dans les circuits.<\/p>\n","protected":false},"featured_media":129330,"comment_status":"open","ping_status":"closed","template":"","meta":[],"countries":[4674,4709,4756,4813,4831,4862],"product_brand":[],"product_cat":[9990,9945,13517,13091,13056,9954,13134],"product_tag":[],"class_list":{"0":"post-161172","1":"product","2":"type-product","3":"status-publish","4":"has-post-thumbnail","6":"countries-by","7":"countries-cu","8":"countries-ir","9":"countries-kp","10":"countries-ru","11":"countries-sy","12":"product_cat-autres-industries","13":"product_cat-batiment","14":"product_cat-bio-source","15":"product_cat-chauffage","16":"product_cat-climatisation","17":"product_cat-energie","18":"product_cat-energie-renouvelable","19":"pa_packaging-bidon-20-l-fr-36","20":"pa_packaging-fut-210-l-fr-28","21":"pa_protection-18c-fr-145","22":"pa_protection-20c-fr-146","23":"pa_protection-25c-fr-233","25":"first","26":"instock","27":"shipping-taxable","28":"purchasable","29":"product-type-variable"},"_links":{"self":[{"href":"https:\/\/climalife.com\/fr\/wp-json\/wp\/v2\/product\/161172","targetHints":{"allow":["GET"]}}],"collection":[{"href":"https:\/\/climalife.com\/fr\/wp-json\/wp\/v2\/product"}],"about":[{"href":"https:\/\/climalife.com\/fr\/wp-json\/wp\/v2\/types\/product"}],"replies":[{"embeddable":true,"href":"https:\/\/climalife.com\/fr\/wp-json\/wp\/v2\/comments?post=161172"}],"wp:featuredmedia":[{"embeddable":true,"href":"https:\/\/climalife.com\/fr\/wp-json\/wp\/v2\/media\/129330"}],"wp:attachment":[{"href":"https:\/\/climalife.com\/fr\/wp-json\/wp\/v2\/media?parent=161172"}],"wp:term":[{"taxonomy":"countries","embeddable":true,"href":"https:\/\/climalife.com\/fr\/wp-json\/wp\/v2\/countries?post=161172"},{"taxonomy":"product_brand","embeddable":true,"href":"https:\/\/climalife.com\/fr\/wp-json\/wp\/v2\/product_brand?post=161172"},{"taxonomy":"product_cat","embeddable":true,"href":"https:\/\/climalife.com\/fr\/wp-json\/wp\/v2\/product_cat?post=161172"},{"taxonomy":"product_tag","embeddable":true,"href":"https:\/\/climalife.com\/fr\/wp-json\/wp\/v2\/product_tag?post=161172"}],"curies":[{"name":"wp","href":"https:\/\/api.w.org\/{rel}","templated":true}]}}