{"id":161182,"date":"2022-09-28T17:47:55","date_gmt":"2022-09-28T17:47:55","guid":{"rendered":"http:\/\/climalife.com\/product\/greenway-neo-solar-n-pret-a-lemploi\/"},"modified":"2025-12-11T09:06:02","modified_gmt":"2025-12-11T09:06:02","slug":"greenway-neo-solar-n-pret-a-lemploi","status":"publish","type":"product","link":"https:\/\/climalife.com\/fr\/product\/greenway-neo-solar-n-pret-a-lemploi\/","title":{"rendered":"Greenway\u00ae Neo Solar N pr\u00eat \u00e0 l&#8217;emploi"},"content":{"rendered":"<p>Sa formulation ralentit la d\u00e9gradation et r\u00e9duit les ph\u00e9nom\u00e8nes de &#8220;goudronnage&#8221; des capteurs pendant les p\u00e9riodes d\u2019arr\u00eat du syst\u00e8me.<\/p>\n<p>&nbsp;<\/p>\n<p>Ce caloporteur est :<\/p>\n<p><span class=\"wdg-select-all-ok\">\u2022<\/span><span class=\"wdg-select-all-ok\"> \u00a0 <\/span>Biod\u00e9gradable<\/p>\n<p><span class=\"wdg-select-all-ok\">\u2022<\/span><span class=\"wdg-select-all-ok\"> \u00a0 <\/span>Bact\u00e9riostatique<\/p>\n<p><span class=\"wdg-select-all-ok\">\u2022<\/span><span class=\"wdg-select-all-ok\"> \u00a0 <\/span>Compos\u00e9 d\u2019inhibiteurs hybrides performants<\/p>\n<p>La formule contient un am\u00e9risant, selon l\u2019Arr\u00eat\u00e9 fran\u00e7ais du 14 janvier 2019 relatif aux conditions de mise sur le march\u00e9 des produits dans les installations utilis\u00e9es pour le traitement thermique d&#8217;eau destin\u00e9es \u00e0 la consommation humaine (EDCH).<\/p>\n<p>&nbsp;<\/p>\n<p>&nbsp;<\/p>\n<p>&nbsp;<\/p>\n","protected":false},"excerpt":{"rendered":"<p>Greenway\u00ae Neo Solar N est un caloporteur pr\u00eat \u00e0 l&#8217;emploi \u00e0 base v\u00e9g\u00e9tale (1,3-propanediol) et d\u2019inhibiteurs de corrosion sp\u00e9cifiquement adapt\u00e9s pour les circuits de production d\u2019eau chaude sanitaire \u00e0 capteurs solaires thermiques plans ou tubulaires sous vide.<\/p>\n<p>Greenway\u00ae Neo Solar N prot\u00e8ge contre le gel et contre la formation de boues dans les circuits.<\/p>\n","protected":false},"featured_media":129285,"comment_status":"open","ping_status":"closed","template":"","meta":[],"countries":[4674,4709,4756,4813,4831,4862],"product_brand":[],"product_cat":[9945,9954,9990,13091,13134,13517],"product_tag":[],"class_list":{"0":"post-161182","1":"product","2":"type-product","3":"status-publish","4":"has-post-thumbnail","6":"countries-by","7":"countries-cu","8":"countries-ir","9":"countries-kp","10":"countries-ru","11":"countries-sy","12":"product_cat-batiment","13":"product_cat-energie","14":"product_cat-autres-industries","15":"product_cat-chauffage","16":"product_cat-energie-renouvelable","17":"product_cat-bio-source","18":"pa_packaging-bidon-20-l-fr-36","19":"pa_packaging-fut-210-l-fr-28","20":"pa_protection-20c-fr-146","21":"pa_protection-25c-fr-233","22":"pa_protection-30c-fr-159","24":"first","25":"instock","26":"shipping-taxable","27":"purchasable","28":"product-type-variable"},"_links":{"self":[{"href":"https:\/\/climalife.com\/fr\/wp-json\/wp\/v2\/product\/161182","targetHints":{"allow":["GET"]}}],"collection":[{"href":"https:\/\/climalife.com\/fr\/wp-json\/wp\/v2\/product"}],"about":[{"href":"https:\/\/climalife.com\/fr\/wp-json\/wp\/v2\/types\/product"}],"replies":[{"embeddable":true,"href":"https:\/\/climalife.com\/fr\/wp-json\/wp\/v2\/comments?post=161182"}],"wp:featuredmedia":[{"embeddable":true,"href":"https:\/\/climalife.com\/fr\/wp-json\/wp\/v2\/media\/129285"}],"wp:attachment":[{"href":"https:\/\/climalife.com\/fr\/wp-json\/wp\/v2\/media?parent=161182"}],"wp:term":[{"taxonomy":"countries","embeddable":true,"href":"https:\/\/climalife.com\/fr\/wp-json\/wp\/v2\/countries?post=161182"},{"taxonomy":"product_brand","embeddable":true,"href":"https:\/\/climalife.com\/fr\/wp-json\/wp\/v2\/product_brand?post=161182"},{"taxonomy":"product_cat","embeddable":true,"href":"https:\/\/climalife.com\/fr\/wp-json\/wp\/v2\/product_cat?post=161182"},{"taxonomy":"product_tag","embeddable":true,"href":"https:\/\/climalife.com\/fr\/wp-json\/wp\/v2\/product_tag?post=161182"}],"curies":[{"name":"wp","href":"https:\/\/api.w.org\/{rel}","templated":true}]}}