{"id":161205,"date":"2022-09-28T17:48:14","date_gmt":"2022-09-28T17:48:14","guid":{"rendered":"http:\/\/climalife.com\/product\/greenway-neo-n-a-diluer\/"},"modified":"2025-12-11T09:08:14","modified_gmt":"2025-12-11T09:08:14","slug":"greenway-neo-n-a-diluer","status":"publish","type":"product","link":"https:\/\/climalife.com\/fr\/product\/greenway-neo-n-a-diluer\/","title":{"rendered":"Greenway\u00ae Neo N \u00e0 diluer"},"content":{"rendered":"<p>Greenway<sup>\u00ae<\/sup> Neo N, enregistr\u00e9 en cat\u00e9gorie HT1 sur la liste officielle du NSF, peut \u00eatre utilis\u00e9 comme caloporteur dans des circuits pr\u00e9sentant un risque de contact accidentel avec les denr\u00e9es alimentaires.<\/p>\n<p>&nbsp;<\/p>\n<p>Ce caloporteur est :<\/p>\n<p><span class=\"wdg-select-all-ok\">\u2022<\/span><span class=\"wdg-select-all-ok\"> \u00a0 <\/span>Biod\u00e9gradable<\/p>\n<p><span class=\"wdg-select-all-ok\">\u2022<\/span><span class=\"wdg-select-all-ok\"> \u00a0 <\/span>Bact\u00e9riostatique<\/p>\n<p><span class=\"wdg-select-all-ok\">\u2022<\/span><span class=\"wdg-select-all-ok\"> \u00a0 <\/span>Compos\u00e9 d\u2019inhibiteurs hybrides performants<\/p>\n<p>La mati\u00e8re premi\u00e8re d\u2019origine v\u00e9g\u00e9tale 1,3-propanediol a une viscosit\u00e9 plus faible que celle du MPG (Mono Propyl\u00e8ne Glycol).<\/p>\n","protected":false},"excerpt":{"rendered":"<p>Greenway\u00ae Neo N est un caloporteur \u00e0 diluer \u00e0 base v\u00e9g\u00e9tale (1,3-propanediol et inhibiteurs de corrosion), sp\u00e9cialement formul\u00e9 pour les installations de r\u00e9frig\u00e9ration, de conditionnement d\u2019air, de protection incendie, et les pompes \u00e0 chaleur (planchers chauffants \/ rafra\u00eechissants).<br \/>\nLe Greenway\u00ae Neo N prot\u00e8ge contre le gel et contre la formation de boues dans les circuits.<\/p>\n","protected":false},"featured_media":129240,"comment_status":"open","ping_status":"closed","template":"","meta":[],"countries":[4674,4709,4756,4813,4831,4862],"product_brand":[],"product_cat":[9981,9945,9954,9936,9963,9990,13056,13082,13125,13517],"product_tag":[],"class_list":{"0":"post-161205","1":"product","2":"type-product","3":"status-publish","4":"has-post-thumbnail","6":"countries-by","7":"countries-cu","8":"countries-ir","9":"countries-kp","10":"countries-ru","11":"countries-sy","12":"product_cat-aeronautique-aerospatial-defense","13":"product_cat-batiment","14":"product_cat-energie","15":"product_cat-agroalimentaire","16":"product_cat-sante-bien-etre","17":"product_cat-autres-industries","18":"product_cat-climatisation","19":"product_cat-protection-incendie","20":"product_cat-refrigeration-fr","21":"product_cat-bio-source","22":"pa_packaging-bidon-20-l-fr-36","23":"pa_packaging-conteneur-1000-kg-fr-139","24":"pa_packaging-fut-210-l-fr-28","25":"pa_packaging-vrac-10-t-fr-140","26":"pa_packaging-vrac-20-t-fr-141","28":"first","29":"instock","30":"shipping-taxable","31":"purchasable","32":"product-type-variable"},"_links":{"self":[{"href":"https:\/\/climalife.com\/fr\/wp-json\/wp\/v2\/product\/161205","targetHints":{"allow":["GET"]}}],"collection":[{"href":"https:\/\/climalife.com\/fr\/wp-json\/wp\/v2\/product"}],"about":[{"href":"https:\/\/climalife.com\/fr\/wp-json\/wp\/v2\/types\/product"}],"replies":[{"embeddable":true,"href":"https:\/\/climalife.com\/fr\/wp-json\/wp\/v2\/comments?post=161205"}],"wp:featuredmedia":[{"embeddable":true,"href":"https:\/\/climalife.com\/fr\/wp-json\/wp\/v2\/media\/129240"}],"wp:attachment":[{"href":"https:\/\/climalife.com\/fr\/wp-json\/wp\/v2\/media?parent=161205"}],"wp:term":[{"taxonomy":"countries","embeddable":true,"href":"https:\/\/climalife.com\/fr\/wp-json\/wp\/v2\/countries?post=161205"},{"taxonomy":"product_brand","embeddable":true,"href":"https:\/\/climalife.com\/fr\/wp-json\/wp\/v2\/product_brand?post=161205"},{"taxonomy":"product_cat","embeddable":true,"href":"https:\/\/climalife.com\/fr\/wp-json\/wp\/v2\/product_cat?post=161205"},{"taxonomy":"product_tag","embeddable":true,"href":"https:\/\/climalife.com\/fr\/wp-json\/wp\/v2\/product_tag?post=161205"}],"curies":[{"name":"wp","href":"https:\/\/api.w.org\/{rel}","templated":true}]}}