{"id":161217,"date":"2022-09-28T17:48:23","date_gmt":"2022-09-28T17:48:23","guid":{"rendered":"http:\/\/climalife.com\/product\/pyrostop-6\/"},"modified":"2026-03-03T13:46:45","modified_gmt":"2026-03-03T13:46:45","slug":"pyrostop-6","status":"publish","type":"product","link":"https:\/\/climalife.com\/fr\/product\/pyrostop-6\/","title":{"rendered":"Pyrostop 6 (SF6)"},"content":{"rendered":"<p>Le Pyrostop 6 est un gaz stable et inerte. Il n\u2019a pas d\u2019action agressive vis \u00e0 vis des mat\u00e9riaux avec lesquels il est mis en contact. Le Pyrostop 6 (SF<sub>6<\/sub>) r\u00e9pond aux exigences de la norme IEC 60376.<br \/>\nSon tr\u00e8s fort impact sur l\u2019effet de serre rend n\u00e9cessaire la r\u00e9duction de ses \u00e9missions \u00e0 l\u2019atmosph\u00e8re. Climalife vous propose un service complet : la fourniture du SF<sub>6<\/sub>, le recyclage du produit us\u00e9, les \u00e9quipements de transfert de ce gaz ainsi que le mat\u00e9riel d\u2019analyse (puret\u00e9, acidit\u00e9, hygrom\u00e9trie..).<\/p>\n","protected":false},"excerpt":{"rendered":"<p>Le Pyrostop 6 (SF<sub>6<\/sub>) est un gaz di\u00e9lectrique, inerte, non toxique et non inflammable. Il est destin\u00e9 \u00e0 couper les arcs \u00e9lectriques ou \u00e0 servir d\u2019agent de couverture pour \u00e9viter l\u2019inflammation du magn\u00e9sium. Il est utilis\u00e9 dans les secteurs suivants : disjoncteurs haute tension, postes \u00e9lectriques haute tension blind\u00e9s, acc\u00e9l\u00e9rateurs de particules, m\u00e9tallurgie (couverture du magn\u00e9sium).<\/p>\n","protected":false},"featured_media":195832,"comment_status":"open","ping_status":"closed","template":"","meta":[],"countries":[4674,4709,4756,4813,4831,4862],"product_brand":[],"product_cat":[9981,9990,9954,9379,13065,9963],"product_tag":[],"class_list":{"0":"post-161217","1":"product","2":"type-product","3":"status-publish","4":"has-post-thumbnail","6":"countries-by","7":"countries-cu","8":"countries-ir","9":"countries-kp","10":"countries-ru","11":"countries-sy","12":"product_cat-aeronautique-aerospatial-defense","13":"product_cat-autres-industries","14":"product_cat-energie","15":"product_cat-gaz-inertage","16":"product_cat-protection-dielectrique-sf6","17":"product_cat-sante-bien-etre","18":"pa_packaging-bouteille-23-l-fr-357","19":"pa_packaging-bouteille-41-l-fr-358","20":"pa_packaging-bouteille-8-l-fr-356","21":"pa_packaging-conteneur-600-l-fr-359","23":"first","24":"instock","25":"shipping-taxable","26":"purchasable","27":"product-type-variable"},"_links":{"self":[{"href":"https:\/\/climalife.com\/fr\/wp-json\/wp\/v2\/product\/161217","targetHints":{"allow":["GET"]}}],"collection":[{"href":"https:\/\/climalife.com\/fr\/wp-json\/wp\/v2\/product"}],"about":[{"href":"https:\/\/climalife.com\/fr\/wp-json\/wp\/v2\/types\/product"}],"replies":[{"embeddable":true,"href":"https:\/\/climalife.com\/fr\/wp-json\/wp\/v2\/comments?post=161217"}],"wp:featuredmedia":[{"embeddable":true,"href":"https:\/\/climalife.com\/fr\/wp-json\/wp\/v2\/media\/195832"}],"wp:attachment":[{"href":"https:\/\/climalife.com\/fr\/wp-json\/wp\/v2\/media?parent=161217"}],"wp:term":[{"taxonomy":"countries","embeddable":true,"href":"https:\/\/climalife.com\/fr\/wp-json\/wp\/v2\/countries?post=161217"},{"taxonomy":"product_brand","embeddable":true,"href":"https:\/\/climalife.com\/fr\/wp-json\/wp\/v2\/product_brand?post=161217"},{"taxonomy":"product_cat","embeddable":true,"href":"https:\/\/climalife.com\/fr\/wp-json\/wp\/v2\/product_cat?post=161217"},{"taxonomy":"product_tag","embeddable":true,"href":"https:\/\/climalife.com\/fr\/wp-json\/wp\/v2\/product_tag?post=161217"}],"curies":[{"name":"wp","href":"https:\/\/api.w.org\/{rel}","templated":true}]}}