{"id":161237,"date":"2022-09-28T17:48:34","date_gmt":"2022-09-28T17:48:34","guid":{"rendered":"http:\/\/climalife.com\/product\/novaspray-dme\/"},"modified":"2025-06-17T09:47:36","modified_gmt":"2025-06-17T09:47:36","slug":"novaspray-dme","status":"publish","type":"product","link":"https:\/\/climalife.com\/fr\/product\/novaspray-dme\/","title":{"rendered":"NovaSpray\u2122 DME"},"content":{"rendered":"<p>Son excellent pouvoir solvant, sa miscibilit\u00e9 totale avec les alcools, solvants usuels, et autres propulseurs (HFC et hydrocarbures) ainsi que sa bonne solubilit\u00e9 dans l\u2019eau lui conf\u00e8rent de larges possibilit\u00e9s d\u2019emploi dans les formulations a\u00e9rosol (laques capillaires, d\u00e9odorant, peintures\u2026).<br \/>\nDe part sa tr\u00e8s bonne miscibilit\u00e9 avec l\u2019eau il permet d\u2019obtenir des formulations peu inflammables (voire ininflammables) \u00e0 taux de compos\u00e9s organiques volatils r\u00e9duits. Il est sans effet sur la couche d\u2019ozone et a un impact n\u00e9gligeable sur l\u2019effet de serre.<\/p>\n","protected":false},"excerpt":{"rendered":"<p>Le NovaSpray\u2122 DME est un dim\u00e9thyl\u00e9ther de grade a\u00e9rosol. Il est \u00e9galement connu sous l\u2019appellation d\u2019\u00e9ther m\u00e9thylique ou oxyde de m\u00e9thyle. De qualit\u00e9 constante, il r\u00e9pond \u00e0 l\u2019ensemble des exigences requises pour un propulseur.<\/p>\n","protected":false},"featured_media":126369,"comment_status":"open","ping_status":"closed","template":"","meta":[],"countries":[4674,4709,4756,4813,4831,4862],"product_brand":[],"product_cat":[9945,9963,9990,13118,9280],"product_tag":[],"class_list":{"0":"post-161237","1":"product","2":"type-product","3":"status-publish","4":"has-post-thumbnail","6":"countries-by","7":"countries-cu","8":"countries-ir","9":"countries-kp","10":"countries-ru","11":"countries-sy","12":"product_cat-batiment","13":"product_cat-sante-bien-etre","14":"product_cat-autres-industries","15":"product_cat-propulseurs","16":"product_cat-dme","17":"pa_packaging-bouteille-26-l-fr-32","18":"pa_packaging-bouteille-88-l-fr-122","19":"pa_packaging-conteneur-930-l-fr-76","20":"pa_packaging-vrac-fr-168","22":"first","23":"instock","24":"shipping-taxable","25":"purchasable","26":"product-type-variable"},"_links":{"self":[{"href":"https:\/\/climalife.com\/fr\/wp-json\/wp\/v2\/product\/161237","targetHints":{"allow":["GET"]}}],"collection":[{"href":"https:\/\/climalife.com\/fr\/wp-json\/wp\/v2\/product"}],"about":[{"href":"https:\/\/climalife.com\/fr\/wp-json\/wp\/v2\/types\/product"}],"replies":[{"embeddable":true,"href":"https:\/\/climalife.com\/fr\/wp-json\/wp\/v2\/comments?post=161237"}],"wp:featuredmedia":[{"embeddable":true,"href":"https:\/\/climalife.com\/fr\/wp-json\/wp\/v2\/media\/126369"}],"wp:attachment":[{"href":"https:\/\/climalife.com\/fr\/wp-json\/wp\/v2\/media?parent=161237"}],"wp:term":[{"taxonomy":"countries","embeddable":true,"href":"https:\/\/climalife.com\/fr\/wp-json\/wp\/v2\/countries?post=161237"},{"taxonomy":"product_brand","embeddable":true,"href":"https:\/\/climalife.com\/fr\/wp-json\/wp\/v2\/product_brand?post=161237"},{"taxonomy":"product_cat","embeddable":true,"href":"https:\/\/climalife.com\/fr\/wp-json\/wp\/v2\/product_cat?post=161237"},{"taxonomy":"product_tag","embeddable":true,"href":"https:\/\/climalife.com\/fr\/wp-json\/wp\/v2\/product_tag?post=161237"}],"curies":[{"name":"wp","href":"https:\/\/api.w.org\/{rel}","templated":true}]}}