{"id":161265,"date":"2022-09-28T17:48:53","date_gmt":"2022-09-28T17:48:53","guid":{"rendered":"http:\/\/climalife.com\/product\/novexpans-hcfo-1233zd\/"},"modified":"2024-09-26T13:12:29","modified_gmt":"2024-09-26T13:12:29","slug":"novexpans-hcfo-1233zd","status":"publish","type":"product","link":"https:\/\/climalife.com\/fr\/product\/novexpans-hcfo-1233zd\/","title":{"rendered":"NOVEXPANS\u2122 HCFO 1233zd"},"content":{"rendered":"<p>Sa mise en oeuvre ne n\u00e9cessite pas d\u2019investissement particulier en mati\u00e8re d\u2019installation de s\u00e9curit\u00e9 ATEX. Le NOVEXPANS<sup>TM<\/sup> HCFO 1233zd est con\u00e7u pour la substitution du HFC 245fa. Son principal avantage par rapport au HFC 245fa est son b\u00e9n\u00e9fice environnemental sur l\u2019effet de serre.<\/p>\n","protected":false},"excerpt":{"rendered":"<p>Le NOVEXPANS\u2122 HCFO 1233zd est un hydrochlorofluoroprop\u00e8ne utilis\u00e9 comme agent porog\u00e8ne pour l\u2019expansion des mousses polyur\u00e9thanes rigides.<\/p>\n","protected":false},"featured_media":126360,"comment_status":"open","ping_status":"closed","template":"","meta":[],"countries":[4674,4709,4756,4813,4831,4862],"product_brand":[],"product_cat":[9936,9972,9990,9945,9397,13100],"product_tag":[],"class_list":{"0":"post-161265","1":"product","2":"type-product","3":"status-publish","4":"has-post-thumbnail","6":"countries-by","7":"countries-cu","8":"countries-ir","9":"countries-kp","10":"countries-ru","11":"countries-sy","12":"product_cat-agroalimentaire","13":"product_cat-automobile-transport","14":"product_cat-autres-industries","15":"product_cat-batiment","16":"product_cat-hfo","17":"product_cat-isolation","18":"pa_packaging-bouteille-26-l-fr-32","19":"pa_packaging-bouteille-88-l-fr-122","20":"pa_packaging-conteneur-930-l-fr-76","21":"pa_packaging-vrac-fr-168","23":"first","24":"instock","25":"shipping-taxable","26":"purchasable","27":"product-type-variable"},"_links":{"self":[{"href":"https:\/\/climalife.com\/fr\/wp-json\/wp\/v2\/product\/161265","targetHints":{"allow":["GET"]}}],"collection":[{"href":"https:\/\/climalife.com\/fr\/wp-json\/wp\/v2\/product"}],"about":[{"href":"https:\/\/climalife.com\/fr\/wp-json\/wp\/v2\/types\/product"}],"replies":[{"embeddable":true,"href":"https:\/\/climalife.com\/fr\/wp-json\/wp\/v2\/comments?post=161265"}],"wp:featuredmedia":[{"embeddable":true,"href":"https:\/\/climalife.com\/fr\/wp-json\/wp\/v2\/media\/126360"}],"wp:attachment":[{"href":"https:\/\/climalife.com\/fr\/wp-json\/wp\/v2\/media?parent=161265"}],"wp:term":[{"taxonomy":"countries","embeddable":true,"href":"https:\/\/climalife.com\/fr\/wp-json\/wp\/v2\/countries?post=161265"},{"taxonomy":"product_brand","embeddable":true,"href":"https:\/\/climalife.com\/fr\/wp-json\/wp\/v2\/product_brand?post=161265"},{"taxonomy":"product_cat","embeddable":true,"href":"https:\/\/climalife.com\/fr\/wp-json\/wp\/v2\/product_cat?post=161265"},{"taxonomy":"product_tag","embeddable":true,"href":"https:\/\/climalife.com\/fr\/wp-json\/wp\/v2\/product_tag?post=161265"}],"curies":[{"name":"wp","href":"https:\/\/api.w.org\/{rel}","templated":true}]}}