{"id":161275,"date":"2022-09-28T17:48:59","date_gmt":"2022-09-28T17:48:59","guid":{"rendered":"http:\/\/climalife.com\/product\/novexpans-hcfo-1233zd-cyclopentane-80-20\/"},"modified":"2025-07-24T16:41:45","modified_gmt":"2025-07-24T16:41:45","slug":"novexpans-hcfo-1233zd-cyclopentane-80-20","status":"publish","type":"product","link":"https:\/\/climalife.com\/fr\/product\/novexpans-hcfo-1233zd-cyclopentane-80-20\/","title":{"rendered":"NOVEXPANS\u2122 HCFO 1233zd\/CYCLOPENTANE (80\/20)"},"content":{"rendered":"<p>Avec son faible coefficient thermique, il est particuli\u00e8rement indiqu\u00e9 pour la fabrication de la mousse d\u2019isolation dans l\u2019industrie du froid.<br \/>\nIl est sans effet sur la couche d\u2019ozone et a un impact tr\u00e8s n\u00e9gligeable sur l\u2019effet de serre (GWP &lt; 5). Par cons\u00e9quent, il n\u2019est pas vis\u00e9 par le protocole de Kyoto, le r\u00e8glement F-Gas I (n\u00b0 842\/2006\/CE) et le r\u00e8glement F-Gas II (n\u00b0 517\/2014\/CE).<\/p>\n","protected":false},"excerpt":{"rendered":"<p>Le NOVEXPANS\u2122 HCFO 1233zd\/cyclopentane (80\/20) est un m\u00e9lange de HCFO 1233zd et de cyclopentane aux sp\u00e9cifications garanties utilis\u00e9 comme agent porog\u00e8ne pour l\u2019expansion des mousses polyur\u00e9thanes rigides.<\/p>\n","protected":false},"featured_media":126360,"comment_status":"open","ping_status":"closed","template":"","meta":[],"countries":[4674,4709,4756,4813,4831,4862],"product_brand":[],"product_cat":[9936,9972,9990,9945,13100,9649],"product_tag":[],"class_list":{"0":"post-161275","1":"product","2":"type-product","3":"status-publish","4":"has-post-thumbnail","6":"countries-by","7":"countries-cu","8":"countries-ir","9":"countries-kp","10":"countries-ru","11":"countries-sy","12":"product_cat-agroalimentaire","13":"product_cat-automobile-transport","14":"product_cat-autres-industries","15":"product_cat-batiment","16":"product_cat-isolation","17":"product_cat-melanges-hfo-fr-81","18":"pa_packaging-bouteille-26-l-fr-32","19":"pa_packaging-conteneur-930-l-fr-76","20":"pa_packaging-fut-217-l-fr-30","21":"pa_packaging-vrac-fr-168","23":"first","24":"instock","25":"shipping-taxable","26":"purchasable","27":"product-type-variable"},"_links":{"self":[{"href":"https:\/\/climalife.com\/fr\/wp-json\/wp\/v2\/product\/161275","targetHints":{"allow":["GET"]}}],"collection":[{"href":"https:\/\/climalife.com\/fr\/wp-json\/wp\/v2\/product"}],"about":[{"href":"https:\/\/climalife.com\/fr\/wp-json\/wp\/v2\/types\/product"}],"replies":[{"embeddable":true,"href":"https:\/\/climalife.com\/fr\/wp-json\/wp\/v2\/comments?post=161275"}],"wp:featuredmedia":[{"embeddable":true,"href":"https:\/\/climalife.com\/fr\/wp-json\/wp\/v2\/media\/126360"}],"wp:attachment":[{"href":"https:\/\/climalife.com\/fr\/wp-json\/wp\/v2\/media?parent=161275"}],"wp:term":[{"taxonomy":"countries","embeddable":true,"href":"https:\/\/climalife.com\/fr\/wp-json\/wp\/v2\/countries?post=161275"},{"taxonomy":"product_brand","embeddable":true,"href":"https:\/\/climalife.com\/fr\/wp-json\/wp\/v2\/product_brand?post=161275"},{"taxonomy":"product_cat","embeddable":true,"href":"https:\/\/climalife.com\/fr\/wp-json\/wp\/v2\/product_cat?post=161275"},{"taxonomy":"product_tag","embeddable":true,"href":"https:\/\/climalife.com\/fr\/wp-json\/wp\/v2\/product_tag?post=161275"}],"curies":[{"name":"wp","href":"https:\/\/api.w.org\/{rel}","templated":true}]}}