{"id":161287,"date":"2022-09-28T17:49:05","date_gmt":"2022-09-28T17:49:05","guid":{"rendered":"http:\/\/climalife.com\/product\/novexpans-hfc-152a\/"},"modified":"2024-04-30T08:49:51","modified_gmt":"2024-04-30T08:49:51","slug":"novexpans-hfc-152a","status":"publish","type":"product","link":"https:\/\/climalife.com\/fr\/product\/novexpans-hfc-152a\/","title":{"rendered":"NOVEXPANS\u2122 HFC 152a"},"content":{"rendered":"<p>Sa valeur importante de chaleur de vaporisation diminue le temps de refroidissement de la r\u00e9action.<br \/>\nIl est sans effet sur la couche d\u2019ozone et a un tr\u00e8s faible impact sur l\u2019effet de serre.<\/p>\n","protected":false},"excerpt":{"rendered":"<p>Le NOVEXPANS\u2122 HFC 152a est un difluoro\u00e9thane utilis\u00e9 dans la fabrication de mousses plastiques. Sa faible masse molaire le rend particuli\u00e8rement \u00e9conomique.<\/p>\n","protected":false},"featured_media":200116,"comment_status":"open","ping_status":"closed","template":"","meta":[],"countries":[4674,4709,4756,4813,4831,4862],"product_brand":[],"product_cat":[9972,9945,9936,9990,13100,9289],"product_tag":[],"class_list":{"0":"post-161287","1":"product","2":"type-product","3":"status-publish","4":"has-post-thumbnail","6":"countries-by","7":"countries-cu","8":"countries-ir","9":"countries-kp","10":"countries-ru","11":"countries-sy","12":"product_cat-automobile-transport","13":"product_cat-batiment","14":"product_cat-agroalimentaire","15":"product_cat-autres-industries","16":"product_cat-isolation","17":"product_cat-hfc","18":"pa_packaging-bouteille-26-l-fr-32","19":"pa_packaging-bouteille-88-l-fr-122","20":"pa_packaging-conteneur-930-l-fr-76","21":"pa_packaging-fut-217-l-fr-30","22":"pa_packaging-vrac-20-t-fr-141","24":"first","25":"instock","26":"shipping-taxable","27":"purchasable","28":"product-type-variable"},"_links":{"self":[{"href":"https:\/\/climalife.com\/fr\/wp-json\/wp\/v2\/product\/161287","targetHints":{"allow":["GET"]}}],"collection":[{"href":"https:\/\/climalife.com\/fr\/wp-json\/wp\/v2\/product"}],"about":[{"href":"https:\/\/climalife.com\/fr\/wp-json\/wp\/v2\/types\/product"}],"replies":[{"embeddable":true,"href":"https:\/\/climalife.com\/fr\/wp-json\/wp\/v2\/comments?post=161287"}],"wp:featuredmedia":[{"embeddable":true,"href":"https:\/\/climalife.com\/fr\/wp-json\/wp\/v2\/media\/200116"}],"wp:attachment":[{"href":"https:\/\/climalife.com\/fr\/wp-json\/wp\/v2\/media?parent=161287"}],"wp:term":[{"taxonomy":"countries","embeddable":true,"href":"https:\/\/climalife.com\/fr\/wp-json\/wp\/v2\/countries?post=161287"},{"taxonomy":"product_brand","embeddable":true,"href":"https:\/\/climalife.com\/fr\/wp-json\/wp\/v2\/product_brand?post=161287"},{"taxonomy":"product_cat","embeddable":true,"href":"https:\/\/climalife.com\/fr\/wp-json\/wp\/v2\/product_cat?post=161287"},{"taxonomy":"product_tag","embeddable":true,"href":"https:\/\/climalife.com\/fr\/wp-json\/wp\/v2\/product_tag?post=161287"}],"curies":[{"name":"wp","href":"https:\/\/api.w.org\/{rel}","templated":true}]}}