{"id":161298,"date":"2022-09-28T17:49:12","date_gmt":"2022-09-28T17:49:12","guid":{"rendered":"http:\/\/climalife.com\/product\/novaspray-hfo-1234ze-hfc-134a-90-10\/"},"modified":"2024-09-26T14:20:42","modified_gmt":"2024-09-26T14:20:42","slug":"novaspray-hfo-1234ze-hfc-134a-90-10","status":"publish","type":"product","link":"https:\/\/climalife.com\/fr\/product\/novaspray-hfo-1234ze-hfc-134a-90-10\/","title":{"rendered":"NovaSpray\u2122 HFO 1234ze \/HFC 134a (90\/10)"},"content":{"rendered":"<p>Ininflammable, le NovaSpray HFO 1234ze\/HFC 134a (90\/10) offre de nombreuses possibilit\u00e9s d\u2019utilisation dans les formulations qui requi\u00e8rent des exigences de s\u00e9curit\u00e9 (r\u00e9glementaire, environnement \u00e0 risques, milieu confin\u00e9). Son utilisation permet de diminuer l\u2019inflammabilit\u00e9 de nombreuses formulations jusqu\u2019\u00e0 les rendre ininflammables au regard de la Directive 2008\/47\/CE.<br \/>\nSa mise en oeuvre ne n\u00e9cessite pas d\u2019investissement particulier en mati\u00e8re d\u2019installation de s\u00e9curit\u00e9 ATEX.<\/p>\n","protected":false},"excerpt":{"rendered":"<p>Le NovaSpray HFO 1234ze\/HFC 134a (90\/10) est un m\u00e9lange sp\u00e9cialement formul\u00e9 de NovaSpray HFO 1234ze et de NovaSpray HFC 134a de grade a\u00e9rosol. De qualit\u00e9 constante et de pression contr\u00f4l\u00e9e, il r\u00e9pond \u00e0 l\u2019ensemble des exigences requises pour un propulseur liqu\u00e9fi\u00e9.<\/p>\n","protected":false},"featured_media":126369,"comment_status":"open","ping_status":"closed","template":"","meta":[],"countries":[4674,4709,4756,4813,4831,4862],"product_brand":[],"product_cat":[9972,9945,9936,9963,9990,13118,9640],"product_tag":[],"class_list":{"0":"post-161298","1":"product","2":"type-product","3":"status-publish","4":"has-post-thumbnail","6":"countries-by","7":"countries-cu","8":"countries-ir","9":"countries-kp","10":"countries-ru","11":"countries-sy","12":"product_cat-automobile-transport","13":"product_cat-batiment","14":"product_cat-agroalimentaire","15":"product_cat-sante-bien-etre","16":"product_cat-autres-industries","17":"product_cat-propulseurs","18":"product_cat-melanges-hfo","19":"pa_packaging-bouteille-26-l-fr-32","20":"pa_packaging-bouteille-88-l-fr-122","21":"pa_packaging-conteneur-930-l-fr-76","22":"pa_packaging-vrac-fr-168","24":"first","25":"instock","26":"shipping-taxable","27":"purchasable","28":"product-type-variable"},"_links":{"self":[{"href":"https:\/\/climalife.com\/fr\/wp-json\/wp\/v2\/product\/161298","targetHints":{"allow":["GET"]}}],"collection":[{"href":"https:\/\/climalife.com\/fr\/wp-json\/wp\/v2\/product"}],"about":[{"href":"https:\/\/climalife.com\/fr\/wp-json\/wp\/v2\/types\/product"}],"replies":[{"embeddable":true,"href":"https:\/\/climalife.com\/fr\/wp-json\/wp\/v2\/comments?post=161298"}],"wp:featuredmedia":[{"embeddable":true,"href":"https:\/\/climalife.com\/fr\/wp-json\/wp\/v2\/media\/126369"}],"wp:attachment":[{"href":"https:\/\/climalife.com\/fr\/wp-json\/wp\/v2\/media?parent=161298"}],"wp:term":[{"taxonomy":"countries","embeddable":true,"href":"https:\/\/climalife.com\/fr\/wp-json\/wp\/v2\/countries?post=161298"},{"taxonomy":"product_brand","embeddable":true,"href":"https:\/\/climalife.com\/fr\/wp-json\/wp\/v2\/product_brand?post=161298"},{"taxonomy":"product_cat","embeddable":true,"href":"https:\/\/climalife.com\/fr\/wp-json\/wp\/v2\/product_cat?post=161298"},{"taxonomy":"product_tag","embeddable":true,"href":"https:\/\/climalife.com\/fr\/wp-json\/wp\/v2\/product_tag?post=161298"}],"curies":[{"name":"wp","href":"https:\/\/api.w.org\/{rel}","templated":true}]}}