{"id":161310,"date":"2022-09-28T17:49:18","date_gmt":"2022-09-28T17:49:18","guid":{"rendered":"http:\/\/climalife.com\/product\/novaspray-isobutane\/"},"modified":"2024-04-30T09:21:34","modified_gmt":"2024-04-30T09:21:34","slug":"novaspray-isobutane","status":"publish","type":"product","link":"https:\/\/climalife.com\/fr\/product\/novaspray-isobutane\/","title":{"rendered":"NovaSpray\u2122 isobutane"},"content":{"rendered":"<p>Il peut \u00eatre m\u00e9lang\u00e9 avec le NovaSpray\u2122 propane ou le NovaSpray<sup>\u2122<\/sup> n-butane, tr\u00e8s utilis\u00e9 en cosm\u00e9tique, et m\u00e9lang\u00e9 avec le NovaSpray<sup>\u2122<\/sup> isopentane pour les gels coiffants et gels \u00e0 raser. Il est particuli\u00e8rement adapt\u00e9 pour les formulations de mousses cosm\u00e9tiques.<br \/>\nEconomique par sa faible densit\u00e9, il permet de r\u00e9duire fortement le poids de propulseur \u00e0 utiliser.<br \/>\nSon excellente miscibilit\u00e9 avec la majorit\u00e9 des solvants lui conf\u00e8re une grande souplesse de formulation. Il est sans effet sur la couche d\u2019ozone et a un impact n\u00e9gligeable sur l\u2019effet de serre.<\/p>\n","protected":false},"excerpt":{"rendered":"<p>Le NovaSpray\u2122 isobutane est un isobutane grade a\u00e9rosol sp\u00e9cialement d\u00e9sodoris\u00e9. Il est aussi appel\u00e9 m\u00e9thylpropane. De qualit\u00e9 constante, il r\u00e9pond \u00e0 l\u2019ensemble des exigences requises pour un propulseur.<\/p>\n","protected":false},"featured_media":126369,"comment_status":"open","ping_status":"closed","template":"","meta":[],"countries":[4674,4709,4756,4813,4831,4862],"product_brand":[],"product_cat":[9972,9945,9936,9963,9990,13118,9595],"product_tag":[],"class_list":{"0":"post-161310","1":"product","2":"type-product","3":"status-publish","4":"has-post-thumbnail","6":"countries-by","7":"countries-cu","8":"countries-ir","9":"countries-kp","10":"countries-ru","11":"countries-sy","12":"product_cat-automobile-transport","13":"product_cat-batiment","14":"product_cat-agroalimentaire","15":"product_cat-sante-bien-etre","16":"product_cat-autres-industries","17":"product_cat-propulseurs","18":"product_cat-hydrocarbures-fr-83","19":"pa_packaging-bouteille-26-l-fr-32","20":"pa_packaging-bouteille-88-l-fr-122","21":"pa_packaging-conteneur-930-l-fr-76","22":"pa_packaging-vrac-20-t-fr-141","24":"first","25":"instock","26":"shipping-taxable","27":"purchasable","28":"product-type-variable"},"_links":{"self":[{"href":"https:\/\/climalife.com\/fr\/wp-json\/wp\/v2\/product\/161310","targetHints":{"allow":["GET"]}}],"collection":[{"href":"https:\/\/climalife.com\/fr\/wp-json\/wp\/v2\/product"}],"about":[{"href":"https:\/\/climalife.com\/fr\/wp-json\/wp\/v2\/types\/product"}],"replies":[{"embeddable":true,"href":"https:\/\/climalife.com\/fr\/wp-json\/wp\/v2\/comments?post=161310"}],"wp:featuredmedia":[{"embeddable":true,"href":"https:\/\/climalife.com\/fr\/wp-json\/wp\/v2\/media\/126369"}],"wp:attachment":[{"href":"https:\/\/climalife.com\/fr\/wp-json\/wp\/v2\/media?parent=161310"}],"wp:term":[{"taxonomy":"countries","embeddable":true,"href":"https:\/\/climalife.com\/fr\/wp-json\/wp\/v2\/countries?post=161310"},{"taxonomy":"product_brand","embeddable":true,"href":"https:\/\/climalife.com\/fr\/wp-json\/wp\/v2\/product_brand?post=161310"},{"taxonomy":"product_cat","embeddable":true,"href":"https:\/\/climalife.com\/fr\/wp-json\/wp\/v2\/product_cat?post=161310"},{"taxonomy":"product_tag","embeddable":true,"href":"https:\/\/climalife.com\/fr\/wp-json\/wp\/v2\/product_tag?post=161310"}],"curies":[{"name":"wp","href":"https:\/\/api.w.org\/{rel}","templated":true}]}}