{"id":161319,"date":"2022-09-28T17:49:24","date_gmt":"2022-09-28T17:49:24","guid":{"rendered":"http:\/\/climalife.com\/product\/solstice-propellant-hfo-1234ze\/"},"modified":"2025-02-12T15:04:38","modified_gmt":"2025-02-12T15:04:38","slug":"solstice-propellant-hfo-1234ze","status":"publish","type":"product","link":"https:\/\/climalife.com\/fr\/product\/solstice-propellant-hfo-1234ze\/","title":{"rendered":"HFO 1234ze Solstice\u00ae Propellant"},"content":{"rendered":"<p>Ininflammable, le Solstice<sup>\u00ae<\/sup> Propellant HFO 1234ze offre de nombreuses possibilit\u00e9s d\u2019utilisation dans les formulations qui requi\u00e8rent des exigences de s\u00e9curit\u00e9 (r\u00e9glementaire, environnement \u00e0 risques, milieu confin\u00e9). Son utilisation permet de diminuer l\u2019inflammabilit\u00e9 de nombreuses formulations jusqu\u2019\u00e0 les rendre ininflammables au regard de la Directive 2008\/47\/CE.<br \/>\nSa mise en oeuvre ne n\u00e9cessite pas d\u2019investissement particulier en mati\u00e8re d\u2019installation de s\u00e9curit\u00e9 ATEX. Le Solstice<sup>\u00ae<\/sup> Propellant HFO 1234ze est con\u00e7u pour la substitution du HFC 134a. Son principal avantage par rapport au HFC 134a est son b\u00e9n\u00e9fice environnemental sur l\u2019effet de serre.<\/p>\n","protected":false},"excerpt":{"rendered":"<p>Le Solstice<sup>\u00ae<\/sup> Propellant HFO 1234ze est un hydrofluoroprop\u00e8ne. De qualit\u00e9 constante, il r\u00e9pond \u00e0 l\u2019ensemble des exigences requises pour un propulseur liqu\u00e9fi\u00e9.<\/p>\n","protected":false},"featured_media":131319,"comment_status":"open","ping_status":"closed","template":"","meta":[],"countries":[4674,4709,4756,4813,4831,4862],"product_brand":[],"product_cat":[9981,9963,9990,13118,9514],"product_tag":[],"class_list":{"0":"post-161319","1":"product","2":"type-product","3":"status-publish","4":"has-post-thumbnail","6":"countries-by","7":"countries-cu","8":"countries-ir","9":"countries-kp","10":"countries-ru","11":"countries-sy","12":"product_cat-aeronautique-aerospatial-defense","13":"product_cat-sante-bien-etre","14":"product_cat-autres-industries","15":"product_cat-propulseurs","16":"product_cat-hfo-fr-87","17":"pa_packaging-bouteille-26-l-fr-32","18":"pa_packaging-bouteille-88-l-fr-122","19":"pa_packaging-conteneur-930-l-fr-76","20":"pa_packaging-vrac-20-t-fr-141","22":"first","23":"instock","24":"shipping-taxable","25":"purchasable","26":"product-type-variable"},"_links":{"self":[{"href":"https:\/\/climalife.com\/fr\/wp-json\/wp\/v2\/product\/161319","targetHints":{"allow":["GET"]}}],"collection":[{"href":"https:\/\/climalife.com\/fr\/wp-json\/wp\/v2\/product"}],"about":[{"href":"https:\/\/climalife.com\/fr\/wp-json\/wp\/v2\/types\/product"}],"replies":[{"embeddable":true,"href":"https:\/\/climalife.com\/fr\/wp-json\/wp\/v2\/comments?post=161319"}],"wp:featuredmedia":[{"embeddable":true,"href":"https:\/\/climalife.com\/fr\/wp-json\/wp\/v2\/media\/131319"}],"wp:attachment":[{"href":"https:\/\/climalife.com\/fr\/wp-json\/wp\/v2\/media?parent=161319"}],"wp:term":[{"taxonomy":"countries","embeddable":true,"href":"https:\/\/climalife.com\/fr\/wp-json\/wp\/v2\/countries?post=161319"},{"taxonomy":"product_brand","embeddable":true,"href":"https:\/\/climalife.com\/fr\/wp-json\/wp\/v2\/product_brand?post=161319"},{"taxonomy":"product_cat","embeddable":true,"href":"https:\/\/climalife.com\/fr\/wp-json\/wp\/v2\/product_cat?post=161319"},{"taxonomy":"product_tag","embeddable":true,"href":"https:\/\/climalife.com\/fr\/wp-json\/wp\/v2\/product_tag?post=161319"}],"curies":[{"name":"wp","href":"https:\/\/api.w.org\/{rel}","templated":true}]}}