{"id":161329,"date":"2022-09-28T17:49:31","date_gmt":"2022-09-28T17:49:31","guid":{"rendered":"http:\/\/climalife.com\/product\/novaspray-hfc-152a\/"},"modified":"2026-02-17T08:22:54","modified_gmt":"2026-02-17T08:22:54","slug":"novaspray-hfc-152a","status":"publish","type":"product","link":"https:\/\/climalife.com\/fr\/product\/novaspray-hfc-152a\/","title":{"rendered":"NovaSpray\u2122 HFC 152a"},"content":{"rendered":"<p>Sa bonne miscibilit\u00e9 avec les alcools, les solvants usuels, lui conf\u00e8re une grande souplesse de formulation.<br \/>\nIl est sans effet sur la couche d\u2019ozone et a un tr\u00e8s faible impact sur l\u2019effet de serre.<\/p>\n","protected":false},"excerpt":{"rendered":"<p>Le NovaSpray\u2122 HFC 152a est un difluoro\u00e9thane de grade a\u00e9rosol. De qualit\u00e9 constante, il r\u00e9pond \u00e0 l\u2019ensemble des exigences requises pour un propulseur.<\/p>\n","protected":false},"featured_media":126369,"comment_status":"open","ping_status":"closed","template":"","meta":[],"countries":[4674,4709,4756,4813,4831,4862],"product_brand":[],"product_cat":[9990,13118,9406],"product_tag":[],"class_list":{"0":"post-161329","1":"product","2":"type-product","3":"status-publish","4":"has-post-thumbnail","6":"countries-by","7":"countries-cu","8":"countries-ir","9":"countries-kp","10":"countries-ru","11":"countries-sy","12":"product_cat-autres-industries","13":"product_cat-propulseurs","14":"product_cat-hfc-fr-86","15":"pa_packaging-bouteille-26-l-fr-32","16":"pa_packaging-bouteille-88-l-fr-122","17":"pa_packaging-conteneur-930-l-fr-76","18":"pa_packaging-vrac-20-t-fr-141","20":"first","21":"instock","22":"shipping-taxable","23":"purchasable","24":"product-type-variable"},"_links":{"self":[{"href":"https:\/\/climalife.com\/fr\/wp-json\/wp\/v2\/product\/161329","targetHints":{"allow":["GET"]}}],"collection":[{"href":"https:\/\/climalife.com\/fr\/wp-json\/wp\/v2\/product"}],"about":[{"href":"https:\/\/climalife.com\/fr\/wp-json\/wp\/v2\/types\/product"}],"replies":[{"embeddable":true,"href":"https:\/\/climalife.com\/fr\/wp-json\/wp\/v2\/comments?post=161329"}],"wp:featuredmedia":[{"embeddable":true,"href":"https:\/\/climalife.com\/fr\/wp-json\/wp\/v2\/media\/126369"}],"wp:attachment":[{"href":"https:\/\/climalife.com\/fr\/wp-json\/wp\/v2\/media?parent=161329"}],"wp:term":[{"taxonomy":"countries","embeddable":true,"href":"https:\/\/climalife.com\/fr\/wp-json\/wp\/v2\/countries?post=161329"},{"taxonomy":"product_brand","embeddable":true,"href":"https:\/\/climalife.com\/fr\/wp-json\/wp\/v2\/product_brand?post=161329"},{"taxonomy":"product_cat","embeddable":true,"href":"https:\/\/climalife.com\/fr\/wp-json\/wp\/v2\/product_cat?post=161329"},{"taxonomy":"product_tag","embeddable":true,"href":"https:\/\/climalife.com\/fr\/wp-json\/wp\/v2\/product_tag?post=161329"}],"curies":[{"name":"wp","href":"https:\/\/api.w.org\/{rel}","templated":true}]}}