{"id":161341,"date":"2022-09-28T17:49:37","date_gmt":"2022-09-28T17:49:37","guid":{"rendered":"http:\/\/climalife.com\/product\/zerol-rfl-46-ep-zerol-rfl-68-ep\/"},"modified":"2024-01-25T13:53:10","modified_gmt":"2024-01-25T13:53:10","slug":"zerol-rfl-46-ep-zerol-rfl-68-ep","status":"publish","type":"product","link":"https:\/\/climalife.com\/fr\/product\/zerol-rfl-46-ep-zerol-rfl-68-ep\/","title":{"rendered":"Zerol RFL S\u00e9rie EP"},"content":{"rendered":"<p>La gamme ZEROL RFL-EP pr\u00e9sente les avantages suivants :<br \/>\n&#8211; Chute de viscosit\u00e9 r\u00e9duite<br \/>\n&#8211; Huile PAG moins hygroscopique<br \/>\n&#8211; Haute stabilit\u00e9 chimique, thermique et hydrolytique<br \/>\n&#8211; Excellent pouvoir de lubrification.<\/p>\n<p>Les huiles Zerol RFL-EP sont disponibles en bidons de 5L et 20L, en grade de viscosit\u00e9 46 et 68.<\/p>\n","protected":false},"excerpt":{"rendered":"<p>Gamme d&#8217;huiles pour syst\u00e8mes au CO2 (PAG-polyalkyl\u00e8ne glycol) sp\u00e9cifiquement formul\u00e9es pour fonctionner dans les syst\u00e8mes au CO2 (R-744). Les huiles Zerol RFL-EP poss\u00e8dent une excellente stabilit\u00e9 thermique, et sont id\u00e9ales pour fonctionner en subcritique et transcritique.<\/p>\n","protected":false},"featured_media":124326,"comment_status":"open","ping_status":"closed","template":"","meta":[],"countries":[4674,4709,4756,4813,4831,4862],"product_brand":[],"product_cat":[9981,9972,9945,9936,9963,9990,13056,13091,13125,13446],"product_tag":[],"class_list":{"0":"post-161341","1":"product","2":"type-product","3":"status-publish","4":"has-post-thumbnail","6":"countries-by","7":"countries-cu","8":"countries-ir","9":"countries-kp","10":"countries-ru","11":"countries-sy","12":"product_cat-aeronautique-aerospatial-defense","13":"product_cat-automobile-transport","14":"product_cat-batiment","15":"product_cat-agroalimentaire","16":"product_cat-sante-bien-etre","17":"product_cat-autres-industries","18":"product_cat-climatisation","19":"product_cat-chauffage","20":"product_cat-refrigeration-fr","21":"product_cat-pag-fr","22":"pa_packaging-bidon-20-l-fr-36","23":"pa_packaging-bidon-5-l-fr-35","25":"first","26":"instock","27":"shipping-taxable","28":"purchasable","29":"product-type-variable"},"_links":{"self":[{"href":"https:\/\/climalife.com\/fr\/wp-json\/wp\/v2\/product\/161341","targetHints":{"allow":["GET"]}}],"collection":[{"href":"https:\/\/climalife.com\/fr\/wp-json\/wp\/v2\/product"}],"about":[{"href":"https:\/\/climalife.com\/fr\/wp-json\/wp\/v2\/types\/product"}],"replies":[{"embeddable":true,"href":"https:\/\/climalife.com\/fr\/wp-json\/wp\/v2\/comments?post=161341"}],"wp:featuredmedia":[{"embeddable":true,"href":"https:\/\/climalife.com\/fr\/wp-json\/wp\/v2\/media\/124326"}],"wp:attachment":[{"href":"https:\/\/climalife.com\/fr\/wp-json\/wp\/v2\/media?parent=161341"}],"wp:term":[{"taxonomy":"countries","embeddable":true,"href":"https:\/\/climalife.com\/fr\/wp-json\/wp\/v2\/countries?post=161341"},{"taxonomy":"product_brand","embeddable":true,"href":"https:\/\/climalife.com\/fr\/wp-json\/wp\/v2\/product_brand?post=161341"},{"taxonomy":"product_cat","embeddable":true,"href":"https:\/\/climalife.com\/fr\/wp-json\/wp\/v2\/product_cat?post=161341"},{"taxonomy":"product_tag","embeddable":true,"href":"https:\/\/climalife.com\/fr\/wp-json\/wp\/v2\/product_tag?post=161341"}],"curies":[{"name":"wp","href":"https:\/\/api.w.org\/{rel}","templated":true}]}}