{"id":161351,"date":"2022-09-28T17:49:45","date_gmt":"2022-09-28T17:49:45","guid":{"rendered":"http:\/\/climalife.com\/product\/r-404a-t\/"},"modified":"2025-07-10T08:46:45","modified_gmt":"2025-07-10T08:46:45","slug":"r-404a-t","status":"publish","type":"product","link":"https:\/\/climalife.com\/fr\/product\/r-404a-t\/","title":{"rendered":"R-404AT (r\u00e9g\u00e9n\u00e9r\u00e9)"},"content":{"rendered":"<p>Il est utilis\u00e9 de pr\u00e9f\u00e9rence pour les r\u00e9alisations des installations existantes de type centrales frigorifiques pour grandes surfaces de vente (supermarch\u00e9s et hypermarch\u00e9s), entrep\u00f4ts frigorifiques, installations de surg\u00e9lation alimentaire et meubles pour la conservation des aliments congel\u00e9s et les camions r\u00e9frig\u00e9r\u00e9s. Ce fluide peut \u00e9galement remplacer le R-502 dans les installations existantes suivant une proc\u00e9dure.<\/p>\n","protected":false},"excerpt":{"rendered":"<p>Le R-404AT est un fluide r\u00e9g\u00e9n\u00e9r\u00e9, m\u00e9lange &#8220;quasi-az\u00e9otropique&#8221; de type HFC, issu de la r\u00e9cup\u00e9ration et de la r\u00e9g\u00e9n\u00e9ration du R-404A.<\/p>\n<p>Son usage autoris\u00e9 jusqu\u2019au 01 janvier 2030 permettra la maintenance des \u00e9quipements utilisant initialement le R-404A d\u2019origine vierge interdit d\u2019usage apr\u00e8s le 01 janvier 2020.<\/p>\n","protected":false},"featured_media":123894,"comment_status":"open","ping_status":"closed","template":"","meta":[],"countries":[4674,4709,4756,4813,4831,4862],"product_brand":[],"product_cat":[9981,9936,9972,9990,9954,9523,13125,9963],"product_tag":[],"class_list":{"0":"post-161351","1":"product","2":"type-product","3":"status-publish","4":"has-post-thumbnail","6":"countries-by","7":"countries-cu","8":"countries-ir","9":"countries-kp","10":"countries-ru","11":"countries-sy","12":"product_cat-aeronautique-aerospatial-defense","13":"product_cat-agroalimentaire","14":"product_cat-automobile-transport","15":"product_cat-autres-industries","16":"product_cat-energie","17":"product_cat-hfc-regeneres","18":"product_cat-refrigeration-fr","19":"product_cat-sante-bien-etre","20":"pa_packaging-bouteille-52-l-fr-72","21":"pa_packaging-conteneur-448-l-fr-74","22":"pa_packaging-conteneur-930-l-fr-76","23":"pa_packaging-friostar-fr-69","25":"first","26":"instock","27":"shipping-taxable","28":"purchasable","29":"product-type-variable"},"_links":{"self":[{"href":"https:\/\/climalife.com\/fr\/wp-json\/wp\/v2\/product\/161351","targetHints":{"allow":["GET"]}}],"collection":[{"href":"https:\/\/climalife.com\/fr\/wp-json\/wp\/v2\/product"}],"about":[{"href":"https:\/\/climalife.com\/fr\/wp-json\/wp\/v2\/types\/product"}],"replies":[{"embeddable":true,"href":"https:\/\/climalife.com\/fr\/wp-json\/wp\/v2\/comments?post=161351"}],"wp:featuredmedia":[{"embeddable":true,"href":"https:\/\/climalife.com\/fr\/wp-json\/wp\/v2\/media\/123894"}],"wp:attachment":[{"href":"https:\/\/climalife.com\/fr\/wp-json\/wp\/v2\/media?parent=161351"}],"wp:term":[{"taxonomy":"countries","embeddable":true,"href":"https:\/\/climalife.com\/fr\/wp-json\/wp\/v2\/countries?post=161351"},{"taxonomy":"product_brand","embeddable":true,"href":"https:\/\/climalife.com\/fr\/wp-json\/wp\/v2\/product_brand?post=161351"},{"taxonomy":"product_cat","embeddable":true,"href":"https:\/\/climalife.com\/fr\/wp-json\/wp\/v2\/product_cat?post=161351"},{"taxonomy":"product_tag","embeddable":true,"href":"https:\/\/climalife.com\/fr\/wp-json\/wp\/v2\/product_tag?post=161351"}],"curies":[{"name":"wp","href":"https:\/\/api.w.org\/{rel}","templated":true}]}}