{"id":161361,"date":"2022-09-28T17:49:54","date_gmt":"2022-09-28T17:49:54","guid":{"rendered":"http:\/\/climalife.com\/product\/prestobul-max\/"},"modified":"2024-05-07T07:19:29","modified_gmt":"2024-05-07T07:19:29","slug":"prestobul-max-detecteur-de-fuites","status":"publish","type":"product","link":"https:\/\/climalife.com\/fr\/product\/prestobul-max-detecteur-de-fuites\/","title":{"rendered":"Prestobul Max"},"content":{"rendered":"","protected":false},"excerpt":{"rendered":"<p>Le Prestobul Max, conditionn\u00e9 en a\u00e9rosol de 400 ml, permet de d\u00e9tecter les fuites des installations de r\u00e9frig\u00e9ration, de climatisation et de conditionnement d\u2019air ainsi que des syst\u00e8mes contenant un fluide frigorig\u00e8ne ou un gaz sous pression.<\/p>\n","protected":false},"featured_media":121509,"comment_status":"open","ping_status":"closed","template":"","meta":[],"countries":[4674,4709,4756,4813,4831,4862],"product_brand":[],"product_cat":[9981,9972,9945,9954,9936,9963,9990,13056,13109,13125,9370],"product_tag":[],"class_list":{"0":"post-161361","1":"product","2":"type-product","3":"status-publish","4":"has-post-thumbnail","6":"countries-by","7":"countries-cu","8":"countries-ir","9":"countries-kp","10":"countries-ru","11":"countries-sy","12":"product_cat-aeronautique-aerospatial-defense","13":"product_cat-automobile-transport","14":"product_cat-batiment","15":"product_cat-energie","16":"product_cat-agroalimentaire","17":"product_cat-sante-bien-etre","18":"product_cat-autres-industries","19":"product_cat-climatisation","20":"product_cat-orc-cycle-organique-de-rankine","21":"product_cat-refrigeration-fr","22":"product_cat-detection-portable","23":"pa_packaging-carton-de-12-aerosols-de-400-ml-fr-311","25":"first","26":"instock","27":"shipping-taxable","28":"purchasable","29":"product-type-variable"},"_links":{"self":[{"href":"https:\/\/climalife.com\/fr\/wp-json\/wp\/v2\/product\/161361","targetHints":{"allow":["GET"]}}],"collection":[{"href":"https:\/\/climalife.com\/fr\/wp-json\/wp\/v2\/product"}],"about":[{"href":"https:\/\/climalife.com\/fr\/wp-json\/wp\/v2\/types\/product"}],"replies":[{"embeddable":true,"href":"https:\/\/climalife.com\/fr\/wp-json\/wp\/v2\/comments?post=161361"}],"wp:featuredmedia":[{"embeddable":true,"href":"https:\/\/climalife.com\/fr\/wp-json\/wp\/v2\/media\/121509"}],"wp:attachment":[{"href":"https:\/\/climalife.com\/fr\/wp-json\/wp\/v2\/media?parent=161361"}],"wp:term":[{"taxonomy":"countries","embeddable":true,"href":"https:\/\/climalife.com\/fr\/wp-json\/wp\/v2\/countries?post=161361"},{"taxonomy":"product_brand","embeddable":true,"href":"https:\/\/climalife.com\/fr\/wp-json\/wp\/v2\/product_brand?post=161361"},{"taxonomy":"product_cat","embeddable":true,"href":"https:\/\/climalife.com\/fr\/wp-json\/wp\/v2\/product_cat?post=161361"},{"taxonomy":"product_tag","embeddable":true,"href":"https:\/\/climalife.com\/fr\/wp-json\/wp\/v2\/product_tag?post=161361"}],"curies":[{"name":"wp","href":"https:\/\/api.w.org\/{rel}","templated":true}]}}