{"id":161372,"date":"2022-12-15T10:00:02","date_gmt":"2022-12-15T10:00:02","guid":{"rendered":"http:\/\/climalife.com\/product\/r-455a-solstice-l40x\/"},"modified":"2025-10-07T09:32:17","modified_gmt":"2025-10-07T09:32:17","slug":"r-455a-solstice-l40x","status":"publish","type":"product","link":"https:\/\/climalife.com\/fr\/product\/r-455a-solstice-l40x\/","title":{"rendered":"R-455A Solstice\u00ae L40X"},"content":{"rendered":"<p>Ses performances thermodynamiques lui permettent une utilisation dans des domaines d\u2019application jusqu\u2019alors couverts par le R-22 et le R-404A, et qui vont de la r\u00e9frig\u00e9ration n\u00e9gative et positive aux PAC.<\/p>\n","protected":false},"excerpt":{"rendered":"<p>Le R-455A\u00a0 est un m\u00e9lange HFC \/ HFO non az\u00e9otropique avec un GWP &lt;150.<\/p>\n","protected":false},"featured_media":199945,"comment_status":"open","ping_status":"closed","template":"","meta":[],"countries":[4674,4709,4756,4813,4831,4862],"product_brand":[],"product_cat":[9936,9972,9990,9945,13056,9604,13125,9963],"product_tag":[],"class_list":{"0":"post-161372","1":"product","2":"type-product","3":"status-publish","4":"has-post-thumbnail","6":"countries-by","7":"countries-cu","8":"countries-ir","9":"countries-kp","10":"countries-ru","11":"countries-sy","12":"product_cat-agroalimentaire","13":"product_cat-automobile-transport","14":"product_cat-autres-industries","15":"product_cat-batiment","16":"product_cat-climatisation","17":"product_cat-melanges-hfc-hfo","18":"product_cat-refrigeration-fr","19":"product_cat-sante-bien-etre","20":"pa_packaging-bouteille-52-l-fr-72","21":"pa_packaging-friostar-fr-69","22":"pa_packaging-ministar-fr-339","24":"first","25":"instock","26":"shipping-taxable","27":"purchasable","28":"product-type-variable"},"_links":{"self":[{"href":"https:\/\/climalife.com\/fr\/wp-json\/wp\/v2\/product\/161372","targetHints":{"allow":["GET"]}}],"collection":[{"href":"https:\/\/climalife.com\/fr\/wp-json\/wp\/v2\/product"}],"about":[{"href":"https:\/\/climalife.com\/fr\/wp-json\/wp\/v2\/types\/product"}],"replies":[{"embeddable":true,"href":"https:\/\/climalife.com\/fr\/wp-json\/wp\/v2\/comments?post=161372"}],"wp:featuredmedia":[{"embeddable":true,"href":"https:\/\/climalife.com\/fr\/wp-json\/wp\/v2\/media\/199945"}],"wp:attachment":[{"href":"https:\/\/climalife.com\/fr\/wp-json\/wp\/v2\/media?parent=161372"}],"wp:term":[{"taxonomy":"countries","embeddable":true,"href":"https:\/\/climalife.com\/fr\/wp-json\/wp\/v2\/countries?post=161372"},{"taxonomy":"product_brand","embeddable":true,"href":"https:\/\/climalife.com\/fr\/wp-json\/wp\/v2\/product_brand?post=161372"},{"taxonomy":"product_cat","embeddable":true,"href":"https:\/\/climalife.com\/fr\/wp-json\/wp\/v2\/product_cat?post=161372"},{"taxonomy":"product_tag","embeddable":true,"href":"https:\/\/climalife.com\/fr\/wp-json\/wp\/v2\/product_tag?post=161372"}],"curies":[{"name":"wp","href":"https:\/\/api.w.org\/{rel}","templated":true}]}}