{"id":161396,"date":"2022-09-28T17:50:18","date_gmt":"2022-09-28T17:50:18","guid":{"rendered":"http:\/\/climalife.com\/product\/bouteille-recuperation-pour-fluides-inflammables\/"},"modified":"2024-01-25T13:53:07","modified_gmt":"2024-01-25T13:53:07","slug":"bouteille-recuperation-pour-fluides-inflammables","status":"publish","type":"product","link":"https:\/\/climalife.com\/fr\/product\/bouteille-recuperation-pour-fluides-inflammables\/","title":{"rendered":"Bouteille r\u00e9cup\u00e9ration pour fluides inflammables"},"content":{"rendered":"<p>Mise \u00e0 disposition.<\/p>\n","protected":false},"excerpt":{"rendered":"<p>Pour les hydrocarbures R-290, R-600a et les HFO (R-1234yf, R-455A, R-452B,&#8230;)<br \/>\nPour le R-32, utiliser la bouteille 48 bars.<\/p>\n","protected":false},"featured_media":108146,"comment_status":"open","ping_status":"closed","template":"","meta":[],"countries":[4674,4709,4756,4813,4831,4862],"product_brand":[],"product_cat":[9218,9945,9936,9990,13257],"product_tag":[],"class_list":{"0":"post-161396","1":"product","2":"type-product","3":"status-publish","4":"has-post-thumbnail","6":"countries-by","7":"countries-cu","8":"countries-ir","9":"countries-kp","10":"countries-ru","11":"countries-sy","12":"product_cat-industries","13":"product_cat-batiment","14":"product_cat-agroalimentaire","15":"product_cat-autres-industries","16":"product_cat-recuperation-des-fluides-frigorigenes","17":"pa_packaging-12-l-fr-132","18":"pa_packaging-88-l-fr-126","19":"pa_packaging-bouteille-27-l-fr-34","20":"pa_pressure-42-bars-fr-242","21":"pa_pressure-48-bars-fr-319","23":"first","24":"instock","25":"shipping-taxable","26":"purchasable","27":"product-type-variable"},"_links":{"self":[{"href":"https:\/\/climalife.com\/fr\/wp-json\/wp\/v2\/product\/161396","targetHints":{"allow":["GET"]}}],"collection":[{"href":"https:\/\/climalife.com\/fr\/wp-json\/wp\/v2\/product"}],"about":[{"href":"https:\/\/climalife.com\/fr\/wp-json\/wp\/v2\/types\/product"}],"replies":[{"embeddable":true,"href":"https:\/\/climalife.com\/fr\/wp-json\/wp\/v2\/comments?post=161396"}],"wp:featuredmedia":[{"embeddable":true,"href":"https:\/\/climalife.com\/fr\/wp-json\/wp\/v2\/media\/108146"}],"wp:attachment":[{"href":"https:\/\/climalife.com\/fr\/wp-json\/wp\/v2\/media?parent=161396"}],"wp:term":[{"taxonomy":"countries","embeddable":true,"href":"https:\/\/climalife.com\/fr\/wp-json\/wp\/v2\/countries?post=161396"},{"taxonomy":"product_brand","embeddable":true,"href":"https:\/\/climalife.com\/fr\/wp-json\/wp\/v2\/product_brand?post=161396"},{"taxonomy":"product_cat","embeddable":true,"href":"https:\/\/climalife.com\/fr\/wp-json\/wp\/v2\/product_cat?post=161396"},{"taxonomy":"product_tag","embeddable":true,"href":"https:\/\/climalife.com\/fr\/wp-json\/wp\/v2\/product_tag?post=161396"}],"curies":[{"name":"wp","href":"https:\/\/api.w.org\/{rel}","templated":true}]}}