{"id":161405,"date":"2022-09-28T17:50:26","date_gmt":"2022-09-28T17:50:26","guid":{"rendered":"http:\/\/climalife.com\/product\/solstice-ze-r-1234ze\/"},"modified":"2025-03-07T15:59:02","modified_gmt":"2025-03-07T15:59:02","slug":"solstice-ze-r-1234ze","status":"publish","type":"product","link":"https:\/\/climalife.com\/fr\/product\/solstice-ze-r-1234ze\/","title":{"rendered":"R-1234ze Solstice\u00ae ze"},"content":{"rendered":"<p>Il sera utilis\u00e9 pour les installations dimensionn\u00e9es pour ce fluide telles les chillers, les pompes \u00e0 chaleurs y compris PAC haute temp\u00e9rature. A utiliser avec une huile polyolester (POE).<\/p>\n<p>&nbsp;<\/p>\n","protected":false},"excerpt":{"rendered":"<p>Le Solstice\u00ae ze\u00a0 est un fluide frigorig\u00e8ne fluor\u00e9 de la famille des hydrofluoro-olefines (HFO) \u00e0 tr\u00e8s faible GWP, destin\u00e9 aux applications frigorifiques et de conditionnement d&#8217;air.<\/p>\n","protected":false},"featured_media":108981,"comment_status":"open","ping_status":"closed","template":"","meta":[],"countries":[4674,4709,4756,4813,4831,4862],"product_brand":[],"product_cat":[9981,9945,9954,9936,9963,9990,13056,13091,13125,9658],"product_tag":[],"class_list":{"0":"post-161405","1":"product","2":"type-product","3":"status-publish","4":"has-post-thumbnail","6":"countries-by","7":"countries-cu","8":"countries-ir","9":"countries-kp","10":"countries-ru","11":"countries-sy","12":"product_cat-aeronautique-aerospatial-defense","13":"product_cat-batiment","14":"product_cat-energie","15":"product_cat-agroalimentaire","16":"product_cat-sante-bien-etre","17":"product_cat-autres-industries","18":"product_cat-climatisation","19":"product_cat-chauffage","20":"product_cat-refrigeration-fr","21":"product_cat-hfo-fr-23","22":"pa_packaging-bouteille-52-l-fr-72","23":"pa_packaging-conteneur-448-l-fr-74","24":"pa_packaging-conteneur-930-l-fr-76","25":"pa_packaging-cubikool","26":"pa_packaging-friostar-fr-69","28":"first","29":"instock","30":"shipping-taxable","31":"purchasable","32":"product-type-variable"},"_links":{"self":[{"href":"https:\/\/climalife.com\/fr\/wp-json\/wp\/v2\/product\/161405","targetHints":{"allow":["GET"]}}],"collection":[{"href":"https:\/\/climalife.com\/fr\/wp-json\/wp\/v2\/product"}],"about":[{"href":"https:\/\/climalife.com\/fr\/wp-json\/wp\/v2\/types\/product"}],"replies":[{"embeddable":true,"href":"https:\/\/climalife.com\/fr\/wp-json\/wp\/v2\/comments?post=161405"}],"wp:featuredmedia":[{"embeddable":true,"href":"https:\/\/climalife.com\/fr\/wp-json\/wp\/v2\/media\/108981"}],"wp:attachment":[{"href":"https:\/\/climalife.com\/fr\/wp-json\/wp\/v2\/media?parent=161405"}],"wp:term":[{"taxonomy":"countries","embeddable":true,"href":"https:\/\/climalife.com\/fr\/wp-json\/wp\/v2\/countries?post=161405"},{"taxonomy":"product_brand","embeddable":true,"href":"https:\/\/climalife.com\/fr\/wp-json\/wp\/v2\/product_brand?post=161405"},{"taxonomy":"product_cat","embeddable":true,"href":"https:\/\/climalife.com\/fr\/wp-json\/wp\/v2\/product_cat?post=161405"},{"taxonomy":"product_tag","embeddable":true,"href":"https:\/\/climalife.com\/fr\/wp-json\/wp\/v2\/product_tag?post=161405"}],"curies":[{"name":"wp","href":"https:\/\/api.w.org\/{rel}","templated":true}]}}