{"id":161414,"date":"2022-09-28T17:50:35","date_gmt":"2022-09-28T17:50:35","guid":{"rendered":"http:\/\/climalife.com\/product\/solrnett\/"},"modified":"2024-01-25T13:53:06","modified_gmt":"2024-01-25T13:53:06","slug":"solrnett-degoudronant-solaire","status":"publish","type":"product","link":"https:\/\/climalife.com\/fr\/product\/solrnett-degoudronant-solaire\/","title":{"rendered":"SolRnett"},"content":{"rendered":"<p>Pr\u00eat \u00e0 l\u2019emploi. Produit aqueux \u00e0 base d\u2019agents alcalins pour le nettoyage interne des circuits solaires pr\u00e9sentant des pertes de d\u00e9bit dues \u00e0 la \u00ab caram\u00e9lisation \u00bb du fluide caloporteur. Permet de r\u00e9tablir la circulation et d\u2019\u00e9viter le remplacement des capteurs solaires. Efficace \u00e0 temp\u00e9rature ambiante.<\/p>\n","protected":false},"excerpt":{"rendered":"<p>D\u00e9goudronnant pour le nettoyage interne des circuits solaires.<\/p>\n","protected":false},"featured_media":109179,"comment_status":"open","ping_status":"closed","template":"","meta":[],"countries":[4674,4709,4756,4813,4831,4862],"product_brand":[],"product_cat":[9945,9954,9990,13091,13134,9352],"product_tag":[],"class_list":{"0":"post-161414","1":"product","2":"type-product","3":"status-publish","4":"has-post-thumbnail","6":"countries-by","7":"countries-cu","8":"countries-ir","9":"countries-kp","10":"countries-ru","11":"countries-sy","12":"product_cat-batiment","13":"product_cat-energie","14":"product_cat-autres-industries","15":"product_cat-chauffage","16":"product_cat-energie-renouvelable","17":"product_cat-nettoyage-interne-des-circuits-frigoporteurs-caloporteurs","18":"pa_packaging-can-20-l-en-36","19":"pa_packaging-fut-210-l-fr-28","21":"first","22":"instock","23":"shipping-taxable","24":"purchasable","25":"product-type-variable"},"_links":{"self":[{"href":"https:\/\/climalife.com\/fr\/wp-json\/wp\/v2\/product\/161414","targetHints":{"allow":["GET"]}}],"collection":[{"href":"https:\/\/climalife.com\/fr\/wp-json\/wp\/v2\/product"}],"about":[{"href":"https:\/\/climalife.com\/fr\/wp-json\/wp\/v2\/types\/product"}],"replies":[{"embeddable":true,"href":"https:\/\/climalife.com\/fr\/wp-json\/wp\/v2\/comments?post=161414"}],"wp:featuredmedia":[{"embeddable":true,"href":"https:\/\/climalife.com\/fr\/wp-json\/wp\/v2\/media\/109179"}],"wp:attachment":[{"href":"https:\/\/climalife.com\/fr\/wp-json\/wp\/v2\/media?parent=161414"}],"wp:term":[{"taxonomy":"countries","embeddable":true,"href":"https:\/\/climalife.com\/fr\/wp-json\/wp\/v2\/countries?post=161414"},{"taxonomy":"product_brand","embeddable":true,"href":"https:\/\/climalife.com\/fr\/wp-json\/wp\/v2\/product_brand?post=161414"},{"taxonomy":"product_cat","embeddable":true,"href":"https:\/\/climalife.com\/fr\/wp-json\/wp\/v2\/product_cat?post=161414"},{"taxonomy":"product_tag","embeddable":true,"href":"https:\/\/climalife.com\/fr\/wp-json\/wp\/v2\/product_tag?post=161414"}],"curies":[{"name":"wp","href":"https:\/\/api.w.org\/{rel}","templated":true}]}}