{"id":161424,"date":"2022-09-28T17:50:43","date_gmt":"2022-09-28T17:50:43","guid":{"rendered":"http:\/\/climalife.com\/product\/r-407f-performax-lt\/"},"modified":"2024-11-28T13:23:39","modified_gmt":"2024-11-28T13:23:39","slug":"r-407f-performax-lt","status":"publish","type":"product","link":"https:\/\/climalife.com\/fr\/product\/r-407f-performax-lt\/","title":{"rendered":"R-407F (Performax\u00aeLT)"},"content":{"rendered":"<p>Le R-407F am\u00e9liore l&#8217;efficacit\u00e9 \u00e9nerg\u00e9tique du syst\u00e8me, ce qui permet de r\u00e9duire la consommation d&#8217;\u00e9nergie, en diminuant l&#8217;impact global sur l&#8217;environnement.<\/p>\n","protected":false},"excerpt":{"rendered":"<p>Le Performax<sup>\u00ae<\/sup> LT est une combinaison de HFC destin\u00e9e aux applications basses et moyennes temp\u00e9ratures de r\u00e9frig\u00e9ration commerciale. Il remplace le R-404A en installations neuves et existantes.<\/p>\n","protected":false},"featured_media":108108,"comment_status":"open","ping_status":"closed","template":"","meta":[],"countries":[4674,4709,4756,4813,4831,4862],"product_brand":[],"product_cat":[9981,9972,9954,9936,9963,9990,13125,9442],"product_tag":[],"class_list":{"0":"post-161424","1":"product","2":"type-product","3":"status-publish","4":"has-post-thumbnail","6":"countries-by","7":"countries-cu","8":"countries-ir","9":"countries-kp","10":"countries-ru","11":"countries-sy","12":"product_cat-aeronautique-aerospatial-defense","13":"product_cat-automobile-transport","14":"product_cat-energie","15":"product_cat-agroalimentaire","16":"product_cat-sante-bien-etre","17":"product_cat-autres-industries","18":"product_cat-refrigeration-fr","19":"product_cat-hfc-fr-33","20":"pa_packaging-bouteille-52-l-fr-72","21":"pa_packaging-conteneur-448-l-fr-74","22":"pa_packaging-conteneur-930-l-fr-76","23":"pa_packaging-cubikool","24":"pa_packaging-friostar-fr-69","26":"first","27":"instock","28":"shipping-taxable","29":"purchasable","30":"product-type-variable"},"_links":{"self":[{"href":"https:\/\/climalife.com\/fr\/wp-json\/wp\/v2\/product\/161424","targetHints":{"allow":["GET"]}}],"collection":[{"href":"https:\/\/climalife.com\/fr\/wp-json\/wp\/v2\/product"}],"about":[{"href":"https:\/\/climalife.com\/fr\/wp-json\/wp\/v2\/types\/product"}],"replies":[{"embeddable":true,"href":"https:\/\/climalife.com\/fr\/wp-json\/wp\/v2\/comments?post=161424"}],"wp:featuredmedia":[{"embeddable":true,"href":"https:\/\/climalife.com\/fr\/wp-json\/wp\/v2\/media\/108108"}],"wp:attachment":[{"href":"https:\/\/climalife.com\/fr\/wp-json\/wp\/v2\/media?parent=161424"}],"wp:term":[{"taxonomy":"countries","embeddable":true,"href":"https:\/\/climalife.com\/fr\/wp-json\/wp\/v2\/countries?post=161424"},{"taxonomy":"product_brand","embeddable":true,"href":"https:\/\/climalife.com\/fr\/wp-json\/wp\/v2\/product_brand?post=161424"},{"taxonomy":"product_cat","embeddable":true,"href":"https:\/\/climalife.com\/fr\/wp-json\/wp\/v2\/product_cat?post=161424"},{"taxonomy":"product_tag","embeddable":true,"href":"https:\/\/climalife.com\/fr\/wp-json\/wp\/v2\/product_tag?post=161424"}],"curies":[{"name":"wp","href":"https:\/\/api.w.org\/{rel}","templated":true}]}}