{"id":161445,"date":"2022-09-28T17:51:01","date_gmt":"2022-09-28T17:51:01","guid":{"rendered":"http:\/\/climalife.com\/product\/bouteille-de-recuperation-transfert-ammoniac\/"},"modified":"2024-01-25T13:53:04","modified_gmt":"2024-01-25T13:53:04","slug":"bouteille-de-recuperation-transfert-ammoniac","status":"publish","type":"product","link":"https:\/\/climalife.com\/fr\/product\/bouteille-de-recuperation-transfert-ammoniac\/","title":{"rendered":"Bouteille de r\u00e9cup\u00e9ration transfert ammoniac"},"content":{"rendered":"<p>Emballage d\u00e9di\u00e9 au R-717.<\/p>\n","protected":false},"excerpt":{"rendered":"<p>Mise \u00e0 disposition de bouteilles pour la r\u00e9cup\u00e9ration et le transfert de l&#8217;ammoniac (NH<sub>3<\/sub>).<\/p>\n","protected":false},"featured_media":107478,"comment_status":"open","ping_status":"closed","template":"","meta":[],"countries":[4674,4709,4756,4813,4831,4854,4862],"product_brand":[],"product_cat":[9936,13073,13091,13125,13257],"product_tag":[],"class_list":{"0":"post-161445","1":"product","2":"type-product","3":"status-publish","4":"has-post-thumbnail","6":"countries-by","7":"countries-cu","8":"countries-ir","9":"countries-kp","10":"countries-ru","11":"countries-es","12":"countries-sy","13":"product_cat-agroalimentaire","14":"product_cat-dementelement-destruction","15":"product_cat-chauffage","16":"product_cat-refrigeration-fr","17":"product_cat-recuperation-des-fluides-frigorigenes","18":"pa_packaging-bouteille-88-l-fr-122","20":"first","21":"instock","22":"shipping-taxable","23":"purchasable","24":"product-type-variable"},"_links":{"self":[{"href":"https:\/\/climalife.com\/fr\/wp-json\/wp\/v2\/product\/161445","targetHints":{"allow":["GET"]}}],"collection":[{"href":"https:\/\/climalife.com\/fr\/wp-json\/wp\/v2\/product"}],"about":[{"href":"https:\/\/climalife.com\/fr\/wp-json\/wp\/v2\/types\/product"}],"replies":[{"embeddable":true,"href":"https:\/\/climalife.com\/fr\/wp-json\/wp\/v2\/comments?post=161445"}],"wp:featuredmedia":[{"embeddable":true,"href":"https:\/\/climalife.com\/fr\/wp-json\/wp\/v2\/media\/107478"}],"wp:attachment":[{"href":"https:\/\/climalife.com\/fr\/wp-json\/wp\/v2\/media?parent=161445"}],"wp:term":[{"taxonomy":"countries","embeddable":true,"href":"https:\/\/climalife.com\/fr\/wp-json\/wp\/v2\/countries?post=161445"},{"taxonomy":"product_brand","embeddable":true,"href":"https:\/\/climalife.com\/fr\/wp-json\/wp\/v2\/product_brand?post=161445"},{"taxonomy":"product_cat","embeddable":true,"href":"https:\/\/climalife.com\/fr\/wp-json\/wp\/v2\/product_cat?post=161445"},{"taxonomy":"product_tag","embeddable":true,"href":"https:\/\/climalife.com\/fr\/wp-json\/wp\/v2\/product_tag?post=161445"}],"curies":[{"name":"wp","href":"https:\/\/api.w.org\/{rel}","templated":true}]}}