{"id":161457,"date":"2022-09-28T17:51:07","date_gmt":"2022-09-28T17:51:07","guid":{"rendered":"http:\/\/climalife.com\/product\/etiquettes-installations\/"},"modified":"2024-01-25T13:53:04","modified_gmt":"2024-01-25T13:53:04","slug":"etiquettes-installations","status":"publish","type":"product","link":"https:\/\/climalife.com\/fr\/product\/etiquettes-installations\/","title":{"rendered":"Etiquettes Installations"},"content":{"rendered":"<p>Cette \u00e9tiquette pr\u00e9cise le type de fluide frigorig\u00e8ne et la charge en kg mais aussi le type d&#8217;huile et la quantit\u00e9 dans le but de faciliter la maintenance des installations.<br \/>\nUn champ est \u00e9galement pr\u00e9vu pour mentionner le nom de la soci\u00e9t\u00e9 de maintenance et un num\u00e9ro de t\u00e9l\u00e9phone.<\/p>\n<p>Cette \u00e9tiquette est con\u00e7ue en 2 parties :<br \/>\n&#8211; une base o\u00f9 l&#8217;on renseigne les informations. Au dos, la colle utilis\u00e9e est tr\u00e8s puissante afin de limiter l&#8217;arrachage de celle-ci.<br \/>\n&#8211; un rabat transparent (avec traitement sp\u00e9cifique anti-UV) vient s&#8217;apposer sur cette base et garantit que les informations ne seront pas modifi\u00e9es ou ratur\u00e9es. Il est recommand\u00e9 d&#8217;utiliser un feutre ind\u00e9l\u00e9bile.<\/p>\n<p>&nbsp;<\/p>\n","protected":false},"excerpt":{"rendered":"<p>Etiquette installation pour r\u00e9pondre aux exigences de la r\u00e9glementation (r\u00e8glement n\u00b01494\/2007 de la Commission du 17 d\u00e9cembre 2007) concernant la n\u00e9cessit\u00e9 d&#8217;avoir un marquage ind\u00e9l\u00e9bile des syst\u00e8mes contenant plus de 2 kg de fluide frigorig\u00e8ne.<\/p>\n","protected":false},"featured_media":108927,"comment_status":"open","ping_status":"closed","template":"","meta":[],"countries":[4674,4709,4756,4813,4831,4862],"product_brand":[],"product_cat":[13390,9936,9972,9990,9945,13056,13125],"product_tag":[],"class_list":{"0":"post-161457","1":"product","2":"type-product","3":"status-publish","4":"has-post-thumbnail","6":"countries-by","7":"countries-cu","8":"countries-ir","9":"countries-kp","10":"countries-ru","11":"countries-sy","12":"product_cat-maintenance-fr","13":"product_cat-agroalimentaire","14":"product_cat-automobile-transport","15":"product_cat-autres-industries","16":"product_cat-batiment","17":"product_cat-climatisation","18":"product_cat-refrigeration-fr","19":"pa_packaging-lot-de-25-fr-210","21":"first","22":"instock","23":"shipping-taxable","24":"purchasable","25":"product-type-variable"},"_links":{"self":[{"href":"https:\/\/climalife.com\/fr\/wp-json\/wp\/v2\/product\/161457","targetHints":{"allow":["GET"]}}],"collection":[{"href":"https:\/\/climalife.com\/fr\/wp-json\/wp\/v2\/product"}],"about":[{"href":"https:\/\/climalife.com\/fr\/wp-json\/wp\/v2\/types\/product"}],"replies":[{"embeddable":true,"href":"https:\/\/climalife.com\/fr\/wp-json\/wp\/v2\/comments?post=161457"}],"wp:featuredmedia":[{"embeddable":true,"href":"https:\/\/climalife.com\/fr\/wp-json\/wp\/v2\/media\/108927"}],"wp:attachment":[{"href":"https:\/\/climalife.com\/fr\/wp-json\/wp\/v2\/media?parent=161457"}],"wp:term":[{"taxonomy":"countries","embeddable":true,"href":"https:\/\/climalife.com\/fr\/wp-json\/wp\/v2\/countries?post=161457"},{"taxonomy":"product_brand","embeddable":true,"href":"https:\/\/climalife.com\/fr\/wp-json\/wp\/v2\/product_brand?post=161457"},{"taxonomy":"product_cat","embeddable":true,"href":"https:\/\/climalife.com\/fr\/wp-json\/wp\/v2\/product_cat?post=161457"},{"taxonomy":"product_tag","embeddable":true,"href":"https:\/\/climalife.com\/fr\/wp-json\/wp\/v2\/product_tag?post=161457"}],"curies":[{"name":"wp","href":"https:\/\/api.w.org\/{rel}","templated":true}]}}