{"id":161468,"date":"2022-09-28T17:51:15","date_gmt":"2022-09-28T17:51:15","guid":{"rendered":"http:\/\/climalife.com\/product\/detecteur-ddh2-uv\/"},"modified":"2024-01-25T13:53:03","modified_gmt":"2024-01-25T13:53:03","slug":"detecteur-electronique-ddh2-uv","status":"publish","type":"product","link":"https:\/\/climalife.com\/fr\/product\/detecteur-electronique-ddh2-uv\/","title":{"rendered":"D\u00e9tecteur DDH2 UV"},"content":{"rendered":"<p>Indicateur num\u00e9rique permettant une estimation du d\u00e9bit de fuites en g\/an. Livr\u00e9 avec mallette et piles. Certificate EN 14624.<\/p>\n<p>Equip\u00e9 d&#8217;une lampe UV.<\/p>\n","protected":false},"excerpt":{"rendered":"<p>D\u00e9tecteur \u00e9lectronique portable avec capteur \u00e0 diode chauff\u00e9e. 3 niveaux de sensibilit\u00e9, tous fluides CFC, HCFC, HFC, HFO, alarme sonore et visuelle LED, alimentation par piles ou secteur.<\/p>\n","protected":false},"featured_media":108882,"comment_status":"open","ping_status":"closed","template":"","meta":[],"countries":[4674,4709,4756,4813,4831,4862],"product_brand":[],"product_cat":[9981,9936,9972,9990,9945,13056,9370,9954,13109,13125,9963],"product_tag":[],"class_list":{"0":"post-161468","1":"product","2":"type-product","3":"status-publish","4":"has-post-thumbnail","6":"countries-by","7":"countries-cu","8":"countries-ir","9":"countries-kp","10":"countries-ru","11":"countries-sy","12":"product_cat-aeronautique-aerospatial-defense","13":"product_cat-agroalimentaire","14":"product_cat-automobile-transport","15":"product_cat-autres-industries","16":"product_cat-batiment","17":"product_cat-climatisation","18":"product_cat-detection-portable","19":"product_cat-energie","20":"product_cat-orc-cycle-organique-de-rankine","21":"product_cat-refrigeration-fr","22":"product_cat-sante-bien-etre","23":"pa_packaging-unite-fr-25","25":"first","26":"instock","27":"shipping-taxable","28":"purchasable","29":"product-type-variable"},"_links":{"self":[{"href":"https:\/\/climalife.com\/fr\/wp-json\/wp\/v2\/product\/161468","targetHints":{"allow":["GET"]}}],"collection":[{"href":"https:\/\/climalife.com\/fr\/wp-json\/wp\/v2\/product"}],"about":[{"href":"https:\/\/climalife.com\/fr\/wp-json\/wp\/v2\/types\/product"}],"replies":[{"embeddable":true,"href":"https:\/\/climalife.com\/fr\/wp-json\/wp\/v2\/comments?post=161468"}],"wp:featuredmedia":[{"embeddable":true,"href":"https:\/\/climalife.com\/fr\/wp-json\/wp\/v2\/media\/108882"}],"wp:attachment":[{"href":"https:\/\/climalife.com\/fr\/wp-json\/wp\/v2\/media?parent=161468"}],"wp:term":[{"taxonomy":"countries","embeddable":true,"href":"https:\/\/climalife.com\/fr\/wp-json\/wp\/v2\/countries?post=161468"},{"taxonomy":"product_brand","embeddable":true,"href":"https:\/\/climalife.com\/fr\/wp-json\/wp\/v2\/product_brand?post=161468"},{"taxonomy":"product_cat","embeddable":true,"href":"https:\/\/climalife.com\/fr\/wp-json\/wp\/v2\/product_cat?post=161468"},{"taxonomy":"product_tag","embeddable":true,"href":"https:\/\/climalife.com\/fr\/wp-json\/wp\/v2\/product_tag?post=161468"}],"curies":[{"name":"wp","href":"https:\/\/api.w.org\/{rel}","templated":true}]}}