{"id":161489,"date":"2022-09-28T17:51:32","date_gmt":"2022-09-28T17:51:32","guid":{"rendered":"http:\/\/climalife.com\/product\/friogel-neo-pret-a-lemploi\/"},"modified":"2025-12-11T09:15:30","modified_gmt":"2025-12-11T09:15:30","slug":"friogel-neo-pret-a-lemploi","status":"publish","type":"product","link":"https:\/\/climalife.com\/fr\/product\/friogel-neo-pret-a-lemploi\/","title":{"rendered":"Friogel\u00ae Neo pr\u00eat \u00e0 l&#8217;emploi"},"content":{"rendered":"<p>Disponible dans plusieurs dilutions, le\u00a0Friogel<sup>\u00ae<\/sup> Neo offre une excellente protection contre le gel et une protection renforc\u00e9e contre la corrosion des m\u00e9taux pr\u00e9sents dans les diff\u00e9rents circuits de conception ancienne ou r\u00e9cente (acier, aluminium, cuivre, laiton, soudure, etc.). Cette protection a \u00e9t\u00e9 valid\u00e9e par de nombreux tests statiques ou dynamiques.<\/p>\n<p>La formulation du\u00a0Friogel<sup>\u00ae<\/sup> Neo est exempte de Borax, additif class\u00e9 Toxique selon la 30<sup>\u00e8me<\/sup> ATP europ\u00e9enne (Adaptation to Technical Progress).<\/p>\n<p>La technologie anticorrosive utilis\u00e9e dans le\u00a0Friogel<sup>\u00ae<\/sup> Neo est dite organique, bas\u00e9e sur des acides carboxyliques neutralis\u00e9s, sans phosphate, sans nitrite ni amine. Ces agents anticorrosion apportent une protection anti corrosive de longue dur\u00e9e. Sa formulation exclusive a \u00e9t\u00e9 d\u00e9velopp\u00e9e pour assurer une excellente compatibilit\u00e9 avec l&#8217;eau calcaire en \u00e9vitant les risques de pr\u00e9cipit\u00e9 des syst\u00e8mes d&#8217;inhibition. Les risques de d\u00e9p\u00f4ts \u00e0 moyen terme li\u00e9s \u00e0 la corrosion de l&#8217;installation mais aussi de l&#8217;alt\u00e9ration des compos\u00e9s chimiques sont consid\u00e9rablement r\u00e9duits par la stabilit\u00e9 de la formule d&#8217;inhibition.<\/p>\n<p>Une v\u00e9rification de la concentration en Friogel<sup>\u00ae<\/sup> Neo est recommand\u00e9e lors des op\u00e9rations de maintenance (tous les ans au moins) pour \u00e9viter tout risque de colmatage. Sa coloration rouge permet son identification imm\u00e9diate.<\/p>\n","protected":false},"excerpt":{"rendered":"<p>Le Friogel<sup>\u00ae<\/sup> Neo, caloporteur pr\u00eat \u00e0 l&#8217;emploi \u00e0 base de Mono Propyl\u00e8ne Glycol et d&#8217;inhibiteurs de corrosion, est un fluide antigel pour les circuits des installations frigorifiques travaillant \u00e0 basse temp\u00e9rature, et en industrie agro-alimentaire.<\/p>\n","protected":false},"featured_media":215682,"comment_status":"open","ping_status":"closed","template":"","meta":[],"countries":[4674,4709,4756,4813,4831,4862],"product_brand":[],"product_cat":[9981,9936,9990,9945,13091,13056,13533,13082,13125,9963],"product_tag":[],"class_list":{"0":"post-161489","1":"product","2":"type-product","3":"status-publish","4":"has-post-thumbnail","6":"countries-by","7":"countries-cu","8":"countries-ir","9":"countries-kp","10":"countries-ru","11":"countries-sy","12":"product_cat-aeronautique-aerospatial-defense","13":"product_cat-agroalimentaire","14":"product_cat-autres-industries","15":"product_cat-batiment","16":"product_cat-chauffage","17":"product_cat-climatisation","18":"product_cat-mpg-fr","19":"product_cat-protection-incendie","20":"product_cat-refrigeration-fr","21":"product_cat-sante-bien-etre","22":"pa_packaging-conteneur-1000-kg-fr-139","23":"pa_packaging-fut-210-l-fr-28","24":"pa_packaging-vrac-10-t-fr-140","25":"pa_packaging-vrac-20-t-fr-141","26":"pa_packaging-vrac-5-t-fr-144","27":"pa_protection-13-c-fr-151","28":"pa_protection-18c-fr-145","29":"pa_protection-20c-fr-146","30":"pa_protection-23c-fr-148","31":"pa_protection-29c-fr-149","32":"pa_protection-34c-fr-150","34":"first","35":"instock","36":"shipping-taxable","37":"purchasable","38":"product-type-variable"},"_links":{"self":[{"href":"https:\/\/climalife.com\/fr\/wp-json\/wp\/v2\/product\/161489","targetHints":{"allow":["GET"]}}],"collection":[{"href":"https:\/\/climalife.com\/fr\/wp-json\/wp\/v2\/product"}],"about":[{"href":"https:\/\/climalife.com\/fr\/wp-json\/wp\/v2\/types\/product"}],"replies":[{"embeddable":true,"href":"https:\/\/climalife.com\/fr\/wp-json\/wp\/v2\/comments?post=161489"}],"wp:featuredmedia":[{"embeddable":true,"href":"https:\/\/climalife.com\/fr\/wp-json\/wp\/v2\/media\/215682"}],"wp:attachment":[{"href":"https:\/\/climalife.com\/fr\/wp-json\/wp\/v2\/media?parent=161489"}],"wp:term":[{"taxonomy":"countries","embeddable":true,"href":"https:\/\/climalife.com\/fr\/wp-json\/wp\/v2\/countries?post=161489"},{"taxonomy":"product_brand","embeddable":true,"href":"https:\/\/climalife.com\/fr\/wp-json\/wp\/v2\/product_brand?post=161489"},{"taxonomy":"product_cat","embeddable":true,"href":"https:\/\/climalife.com\/fr\/wp-json\/wp\/v2\/product_cat?post=161489"},{"taxonomy":"product_tag","embeddable":true,"href":"https:\/\/climalife.com\/fr\/wp-json\/wp\/v2\/product_tag?post=161489"}],"curies":[{"name":"wp","href":"https:\/\/api.w.org\/{rel}","templated":true}]}}