{"id":161499,"date":"2022-09-28T17:51:40","date_gmt":"2022-09-28T17:51:40","guid":{"rendered":"http:\/\/climalife.com\/product\/bouteille-de-recuperation-pour-fluides-non-inflammables\/"},"modified":"2024-01-25T13:53:01","modified_gmt":"2024-01-25T13:53:01","slug":"bouteille-de-recuperation-pour-fluides-non-inflammables","status":"publish","type":"product","link":"https:\/\/climalife.com\/fr\/product\/bouteille-de-recuperation-pour-fluides-non-inflammables\/","title":{"rendered":"Bouteille de r\u00e9cup\u00e9ration pour fluides non inflammables"},"content":{"rendered":"<div>R\u00e9f. 796 et 799 : Pour R-22.<\/div>\n<div><\/div>\n<div>R\u00e9f. 6566 et 6246 : Tous fluides halog\u00e9n\u00e9s basse et moyenne pression.<\/div>\n<div><\/div>\n<div>R\u00e9f. 795 : Pour fluides haute pression (R-13, R-23, R-503).<\/div>\n","protected":false},"excerpt":{"rendered":"<p>Mise \u00e0 disposition.<br \/>\nBouteille de r\u00e9cup\u00e9ration : emballage destin\u00e9 \u00e0 la r\u00e9cup\u00e9ration des fluides frigorig\u00e8nes halog\u00e9n\u00e9s en vue de leur r\u00e9g\u00e9n\u00e9ration ou de leur destruction.<\/p>\n","protected":false},"featured_media":108135,"comment_status":"open","ping_status":"closed","template":"","meta":[],"countries":[4674,4709,4756,4813,4831,4862],"product_brand":[],"product_cat":[13125,13257],"product_tag":[],"class_list":{"0":"post-161499","1":"product","2":"type-product","3":"status-publish","4":"has-post-thumbnail","6":"countries-by","7":"countries-cu","8":"countries-ir","9":"countries-kp","10":"countries-ru","11":"countries-sy","12":"product_cat-refrigeration-fr","13":"product_cat-recuperation-des-fluides-frigorigenes","14":"pa_packaging-12-l-fr-132","15":"pa_packaging-88-l-fr-126","16":"pa_packaging-bouteille-134-l-fr-115","17":"pa_packaging-bouteille-27-l-fr-34","18":"pa_pressure-200-bars-fr-137","19":"pa_pressure-33-bars-fr-135","20":"pa_pressure-42-bars-fr-242","21":"pa_pressure-45-bars-fr-133","23":"first","24":"instock","25":"shipping-taxable","26":"purchasable","27":"product-type-variable"},"_links":{"self":[{"href":"https:\/\/climalife.com\/fr\/wp-json\/wp\/v2\/product\/161499","targetHints":{"allow":["GET"]}}],"collection":[{"href":"https:\/\/climalife.com\/fr\/wp-json\/wp\/v2\/product"}],"about":[{"href":"https:\/\/climalife.com\/fr\/wp-json\/wp\/v2\/types\/product"}],"replies":[{"embeddable":true,"href":"https:\/\/climalife.com\/fr\/wp-json\/wp\/v2\/comments?post=161499"}],"wp:featuredmedia":[{"embeddable":true,"href":"https:\/\/climalife.com\/fr\/wp-json\/wp\/v2\/media\/108135"}],"wp:attachment":[{"href":"https:\/\/climalife.com\/fr\/wp-json\/wp\/v2\/media?parent=161499"}],"wp:term":[{"taxonomy":"countries","embeddable":true,"href":"https:\/\/climalife.com\/fr\/wp-json\/wp\/v2\/countries?post=161499"},{"taxonomy":"product_brand","embeddable":true,"href":"https:\/\/climalife.com\/fr\/wp-json\/wp\/v2\/product_brand?post=161499"},{"taxonomy":"product_cat","embeddable":true,"href":"https:\/\/climalife.com\/fr\/wp-json\/wp\/v2\/product_cat?post=161499"},{"taxonomy":"product_tag","embeddable":true,"href":"https:\/\/climalife.com\/fr\/wp-json\/wp\/v2\/product_tag?post=161499"}],"curies":[{"name":"wp","href":"https:\/\/api.w.org\/{rel}","templated":true}]}}