{"id":161520,"date":"2022-09-28T17:51:57","date_gmt":"2022-09-28T17:51:57","guid":{"rendered":"http:\/\/climalife.com\/product\/nettogaz-gc\/"},"modified":"2025-03-17T13:06:39","modified_gmt":"2025-03-17T13:06:39","slug":"nettogaz-gc-nettoyage-interne","status":"publish","type":"product","link":"https:\/\/climalife.com\/fr\/product\/nettogaz-gc-nettoyage-interne\/","title":{"rendered":"Nettogaz GC+"},"content":{"rendered":"<p>D\u00e9velopp\u00e9 par Climalife, il permet d\u2019\u00e9liminer, la calamine, les impuret\u00e9s (eau ou particules solides) pr\u00e9sentes dans les circuits avant ou apr\u00e8s incident. Son excellent pouvoir nettoyant le rend particuli\u00e8rement efficace sur tous les lubrifiants frigorifiques usuels.<\/p>\n<p>Les propri\u00e9t\u00e9s du <strong>GC+<\/strong> permettent une mise en \u0153uvre simple.<\/p>\n","protected":false},"excerpt":{"rendered":"<p>Le NETTOGAZ GC+ est destin\u00e9 au nettoyage interne des circuits frigorifiques de r\u00e9frig\u00e9ration et de climatisation de petit volume (pour application industrielle\u00a0: voir Facilisolv\u00ae)<\/p>\n","protected":false},"featured_media":108072,"comment_status":"open","ping_status":"closed","template":"","meta":[],"countries":[4674,4709,4756,4813,4831,4862],"product_brand":[],"product_cat":[9981,9972,9945,9936,9963,9990,13056,13091,13125,9226],"product_tag":[],"class_list":{"0":"post-161520","1":"product","2":"type-product","3":"status-publish","4":"has-post-thumbnail","6":"countries-by","7":"countries-cu","8":"countries-ir","9":"countries-kp","10":"countries-ru","11":"countries-sy","12":"product_cat-aeronautique-aerospatial-defense","13":"product_cat-automobile-transport","14":"product_cat-batiment","15":"product_cat-agroalimentaire","16":"product_cat-sante-bien-etre","17":"product_cat-autres-industries","18":"product_cat-climatisation","19":"product_cat-chauffage","20":"product_cat-refrigeration-fr","21":"product_cat-nettoyage-interne-des-installations-frigorifiques","22":"pa_packaging-friocatch-fr-86","24":"first","25":"instock","26":"shipping-taxable","27":"purchasable","28":"product-type-variable"},"_links":{"self":[{"href":"https:\/\/climalife.com\/fr\/wp-json\/wp\/v2\/product\/161520","targetHints":{"allow":["GET"]}}],"collection":[{"href":"https:\/\/climalife.com\/fr\/wp-json\/wp\/v2\/product"}],"about":[{"href":"https:\/\/climalife.com\/fr\/wp-json\/wp\/v2\/types\/product"}],"replies":[{"embeddable":true,"href":"https:\/\/climalife.com\/fr\/wp-json\/wp\/v2\/comments?post=161520"}],"wp:featuredmedia":[{"embeddable":true,"href":"https:\/\/climalife.com\/fr\/wp-json\/wp\/v2\/media\/108072"}],"wp:attachment":[{"href":"https:\/\/climalife.com\/fr\/wp-json\/wp\/v2\/media?parent=161520"}],"wp:term":[{"taxonomy":"countries","embeddable":true,"href":"https:\/\/climalife.com\/fr\/wp-json\/wp\/v2\/countries?post=161520"},{"taxonomy":"product_brand","embeddable":true,"href":"https:\/\/climalife.com\/fr\/wp-json\/wp\/v2\/product_brand?post=161520"},{"taxonomy":"product_cat","embeddable":true,"href":"https:\/\/climalife.com\/fr\/wp-json\/wp\/v2\/product_cat?post=161520"},{"taxonomy":"product_tag","embeddable":true,"href":"https:\/\/climalife.com\/fr\/wp-json\/wp\/v2\/product_tag?post=161520"}],"curies":[{"name":"wp","href":"https:\/\/api.w.org\/{rel}","templated":true}]}}