{"id":161529,"date":"2022-09-28T17:52:05","date_gmt":"2022-09-28T17:52:05","guid":{"rendered":"http:\/\/climalife.com\/product\/apc\/"},"modified":"2026-03-04T12:54:48","modified_gmt":"2026-03-04T12:54:48","slug":"apc-analyse-periodique","status":"publish","type":"product","link":"https:\/\/climalife.com\/fr\/product\/apc-analyse-periodique\/","title":{"rendered":"APC : Analyse p\u00e9riodique caloporteur"},"content":{"rendered":"<p>Le kit APC permet d&#8217;effectuer un bilan de l&#8217;\u00e9tat de votre installation caloporteurs. Ce kit cl\u00e9 en main comprend une fiche d\u2019identification, un flacon pour le pr\u00e9l\u00e8vement sur site, des conseils de pr\u00e9l\u00e8vement ainsi qu\u2019une enveloppe affranchie pour envoi au laboratoire Climalife.<\/p>\n<p>Notre kit d\u2019analyse p\u00e9riodique caloporteur est con\u00e7u pour surveiller, diagnostiquer et optimiser les performances de vos syst\u00e8mes secondaires caloporteurs. Il constitue :<\/p>\n<ul>\n<li>Un outil de maintenance pr\u00e9ventive afin de pr\u00e9venir d\u2019un dysfonctionnement et de r\u00e9duire les co\u00fbts de maintenance en \u00e9vitant des d\u00e9gradations co\u00fbteuses.<\/li>\n<li>Un outil de maintenance currative dans le cas o\u00f9 la d\u00e9gradation du produit est telle qu\u2019elle ne permet pas le bon fonctionnement de l\u2019installation.<\/li>\n<\/ul>\n<p>Notre laboratoire Climalife remet un rapport d\u00e9taill\u00e9 et personnalis\u00e9 au travers de la lecture des analyses suivantes : aspect, point de cong\u00e9lation, masse volumique, r\u00e9serve alcaline, pH et la teneur en \u00e9l\u00e9ments (26 \u00e9l\u00e9ments).<\/p>\n","protected":false},"excerpt":{"rendered":"<p>KIT APC : Analyse P\u00e9riodique du Caloporteur et interpr\u00e9tation des r\u00e9sultats par le laboratoire Climalife.<\/p>\n","protected":false},"featured_media":231177,"comment_status":"open","ping_status":"closed","template":"","meta":[],"countries":[4674,4709,4756,4813,4831,4862],"product_brand":[],"product_cat":[9981,9945,9936,9963,9990,13056,13091,13125,9478],"product_tag":[],"class_list":{"0":"post-161529","1":"product","2":"type-product","3":"status-publish","4":"has-post-thumbnail","6":"countries-by","7":"countries-cu","8":"countries-ir","9":"countries-kp","10":"countries-ru","11":"countries-sy","12":"product_cat-aeronautique-aerospatial-defense","13":"product_cat-batiment","14":"product_cat-agroalimentaire","15":"product_cat-sante-bien-etre","16":"product_cat-autres-industries","17":"product_cat-climatisation","18":"product_cat-chauffage","19":"product_cat-refrigeration-fr","20":"product_cat-analyses-caloporteurs","22":"first","23":"instock","24":"shipping-taxable","25":"purchasable","26":"product-type-simple"},"_links":{"self":[{"href":"https:\/\/climalife.com\/fr\/wp-json\/wp\/v2\/product\/161529","targetHints":{"allow":["GET"]}}],"collection":[{"href":"https:\/\/climalife.com\/fr\/wp-json\/wp\/v2\/product"}],"about":[{"href":"https:\/\/climalife.com\/fr\/wp-json\/wp\/v2\/types\/product"}],"replies":[{"embeddable":true,"href":"https:\/\/climalife.com\/fr\/wp-json\/wp\/v2\/comments?post=161529"}],"wp:featuredmedia":[{"embeddable":true,"href":"https:\/\/climalife.com\/fr\/wp-json\/wp\/v2\/media\/231177"}],"wp:attachment":[{"href":"https:\/\/climalife.com\/fr\/wp-json\/wp\/v2\/media?parent=161529"}],"wp:term":[{"taxonomy":"countries","embeddable":true,"href":"https:\/\/climalife.com\/fr\/wp-json\/wp\/v2\/countries?post=161529"},{"taxonomy":"product_brand","embeddable":true,"href":"https:\/\/climalife.com\/fr\/wp-json\/wp\/v2\/product_brand?post=161529"},{"taxonomy":"product_cat","embeddable":true,"href":"https:\/\/climalife.com\/fr\/wp-json\/wp\/v2\/product_cat?post=161529"},{"taxonomy":"product_tag","embeddable":true,"href":"https:\/\/climalife.com\/fr\/wp-json\/wp\/v2\/product_tag?post=161529"}],"curies":[{"name":"wp","href":"https:\/\/api.w.org\/{rel}","templated":true}]}}