{"id":161542,"date":"2022-09-28T17:52:12","date_gmt":"2022-09-28T17:52:12","guid":{"rendered":"http:\/\/climalife.com\/product\/dph\/"},"modified":"2024-11-27T15:04:34","modified_gmt":"2024-11-27T15:04:34","slug":"dph-diagnostic-periodique","status":"publish","type":"product","link":"https:\/\/climalife.com\/fr\/product\/dph-diagnostic-periodique\/","title":{"rendered":"DPH"},"content":{"rendered":"<p>DPH A = Aspect + viscosit\u00e9 + indice d&#8217;acide + teneur en eau + \u00e9l\u00e9ments d&#8217;usure + additifs + contaminants.<\/p>\n<p>DPH B = Idem DPH A + rigidit\u00e9 di\u00e9lectrique.<\/p>\n<p>DPH G = Idem DPH A + gravim\u00e9trie.<\/p>\n","protected":false},"excerpt":{"rendered":"<p>Diagnostic p\u00e9riodique de l&#8217;huile frigorifique d&#8217;un circuit par comparaison aux valeurs \u00e9talons + recommandations Climalife.<\/p>\n","protected":false},"featured_media":108117,"comment_status":"open","ping_status":"closed","template":"","meta":[],"countries":[4674,4709,4756,4813,4831,4862],"product_brand":[],"product_cat":[9981,9945,9936,9963,9990,13056,13091,13125,9361],"product_tag":[],"class_list":{"0":"post-161542","1":"product","2":"type-product","3":"status-publish","4":"has-post-thumbnail","6":"countries-by","7":"countries-cu","8":"countries-ir","9":"countries-kp","10":"countries-ru","11":"countries-sy","12":"product_cat-aeronautique-aerospatial-defense","13":"product_cat-batiment","14":"product_cat-agroalimentaire","15":"product_cat-sante-bien-etre","16":"product_cat-autres-industries","17":"product_cat-climatisation","18":"product_cat-chauffage","19":"product_cat-refrigeration-fr","20":"product_cat-analyses-huiles","21":"pa_packaging-1-flacon-50-ml","22":"pa_packaging-1-flacon-500-ml-fr-3","23":"pa_packaging-3-flacons-60-ml-fr-4","25":"first","26":"instock","27":"shipping-taxable","28":"purchasable","29":"product-type-variable"},"_links":{"self":[{"href":"https:\/\/climalife.com\/fr\/wp-json\/wp\/v2\/product\/161542","targetHints":{"allow":["GET"]}}],"collection":[{"href":"https:\/\/climalife.com\/fr\/wp-json\/wp\/v2\/product"}],"about":[{"href":"https:\/\/climalife.com\/fr\/wp-json\/wp\/v2\/types\/product"}],"replies":[{"embeddable":true,"href":"https:\/\/climalife.com\/fr\/wp-json\/wp\/v2\/comments?post=161542"}],"wp:featuredmedia":[{"embeddable":true,"href":"https:\/\/climalife.com\/fr\/wp-json\/wp\/v2\/media\/108117"}],"wp:attachment":[{"href":"https:\/\/climalife.com\/fr\/wp-json\/wp\/v2\/media?parent=161542"}],"wp:term":[{"taxonomy":"countries","embeddable":true,"href":"https:\/\/climalife.com\/fr\/wp-json\/wp\/v2\/countries?post=161542"},{"taxonomy":"product_brand","embeddable":true,"href":"https:\/\/climalife.com\/fr\/wp-json\/wp\/v2\/product_brand?post=161542"},{"taxonomy":"product_cat","embeddable":true,"href":"https:\/\/climalife.com\/fr\/wp-json\/wp\/v2\/product_cat?post=161542"},{"taxonomy":"product_tag","embeddable":true,"href":"https:\/\/climalife.com\/fr\/wp-json\/wp\/v2\/product_tag?post=161542"}],"curies":[{"name":"wp","href":"https:\/\/api.w.org\/{rel}","templated":true}]}}